{"id":4303,"date":"2026-01-29T03:56:18","date_gmt":"2026-01-29T03:56:18","guid":{"rendered":"https:\/\/www.masayana.com\/livre-de-bienvenue\/"},"modified":"2026-02-17T08:53:31","modified_gmt":"2026-02-17T08:53:31","slug":"livre-de-bienvenue","status":"publish","type":"page","link":"https:\/\/www.masayana.com\/fr\/livre-de-bienvenue\/","title":{"rendered":"Livre de bienvenue"},"content":{"rendered":"<section class=\"wpb-content-wrapper\"><p>[vc_row css=\u00a0\u00bb.vc_custom_1769742753120{padding-top: 200px !important;padding-bottom: 200px !important;background-image: url(https:\/\/www.masayana.com\/wp-content\/uploads\/2026\/01\/contactHeader.webp?id=3907) !important;background-position: center !important;background-repeat: no-repeat !important;background-size: cover !important;}\u00a0\u00bb][vc_column][\/vc_column][\/vc_row][vc_row css=\u00a0\u00bb.vc_custom_1769764028896{padding-top: 32px !important;padding-bottom: 32px !important;}\u00a0\u00bb][vc_column][vc_tta_accordion section_title_tag=\u00a0\u00bbh5&Prime; gap=\u00a0\u00bb10&Prime; c_icon=\u00a0\u00bbtriangle\u00a0\u00bb c_position=\u00a0\u00bbright\u00a0\u00bb active_section=\u00a0\u00bb1&Prime; collapsible_all=\u00a0\u00bbtrue\u00a0\u00bb][vc_tta_section title=\u00a0\u00bbBienvenue\u00a0\u00bb tab_id=\u00a0\u00bb1763785629901-9e745b12-1cd2&Prime;][vc_column_text]Bienvenue \u00e0 Masayana, un lieu paisible pour se reposer \u00e0 Caalan.[\/vc_column_text][vc_empty_space height=\u00a0\u00bb16px\u00a0\u00bb][vc_column_text css=\u00a0\u00bb.vc_custom_1769743583003{padding-bottom: 16px !important;}\u00a0\u00bb]Situ\u00e9 \u00e0 seulement dix minutes \u00e0 pied de Townsquare \u00e0 El Nido, Masayana offre un cadre calme et naturel. La plage se trouve \u00e0 seulement une minute, avec une vue magnifique sur l\u2019\u00eele de Cadlao.[\/vc_column_text][vc_column_text css=\u00a0\u00bb.vc_custom_1769743701227{padding-bottom: 16px !important;}\u00a0\u00bb]Notre objectif est de rendre votre s\u00e9jour \u00e0 Masayana et votre temps \u00e0 El Nido aussi agr\u00e9able que possible. Ce guide num\u00e9rique inclut des recommandations, des informations utiles et des d\u00e9tails sur les services disponibles. <br data-start=\"364\" data-end=\"367\">[\/vc_column_text][vc_column_text css=\u00a0\u00bb.vc_custom_1769743709802{padding-bottom: 16px !important;}\u00a0\u00bb]Vous trouverez des codes QR en trois langues offrant un acc\u00e8s rapide \u00e0 ce livre de bienvenue num\u00e9rique et \u00e0 des informations pratiques sur nos services et les questions fr\u00e9quentes.[\/vc_column_text][vc_column_text css=\u00a0\u00bb.vc_custom_1769743760809{padding-bottom: 16px !important;}\u00a0\u00bb]Nous esp\u00e9rons que votre s\u00e9jour \u00e0 Masayana et votre temps \u00e0 El Nido seront vraiment agr\u00e9ables, et que vous passerez de merveilleuses vacances.[\/vc_column_text][vc_single_image image=\u00a0\u00bb3519&Prime; img_size=\u00a0\u00bbmedium\u00a0\u00bb alignment=\u00a0\u00bbcenter\u00a0\u00bb style=\u00a0\u00bbvc_box_rounded\u00a0\u00bb][\/vc_tta_section][vc_tta_section title=\u00a0\u00bbContact\u00a0\u00bb tab_id=\u00a0\u00bb1763785629941-f532ca03-6bce\u00a0\u00bb][vc_raw_html]PHVsIGNsYXNzPSJjb250YWN0X2Zvb3RlciI+CjxsaT48aSBjbGFzcz0iaW9uLWFuZHJvaWQtcGVyc29uIj48L2k+Sm9objwvbGk+CjxsaT48aSBjbGFzcz0iaW9uLWlvcy1sb2NhdGlvbiI+PC9pPkFjY2VzcyBsYW5lIHRvIENhYWxhbiwgRWwgTmlkbywgUGhpbGlwcGluZXM8L2xpPgo8bGk+PGkgY2xhc3M9Imlvbi1pb3MtZW1haWwiPjwvaT5ib29raW5nQG1hc2F5YW5hLmNvbTwvbGk+CjxsaT48aSBjbGFzcz0iaW9uLXNvY2lhbC13aGF0c2FwcCI+PC9pPis2MyA5OTUgNTkxIDgxIDc1PC9saT4KPC91bD4=[\/vc_raw_html][\/vc_tta_section][vc_tta_section title=\u00a0\u00bbL\u2019H\u00f4tel\u00a0\u00bb tab_id=\u00a0\u00bb1763979701817-7d7da71e-39f9&Prime;][vc_column_text css=\u00a0\u00bb.vc_custom_1764059789715{padding-bottom: 16px !important;}\u00a0\u00bb]<\/p>\n<p data-start=\"546\" data-end=\"788\"><strong>Check-in<\/strong>: 14:00 \u2013 20:00<\/p>\n<p>[\/vc_column_text][vc_column_text css=\u00a0\u00bb.vc_custom_1769744073323{padding-bottom: 16px !important;}\u00a0\u00bb]<\/p>\n<p data-start=\"546\" data-end=\"788\"><strong>Check-out<\/strong>: 11:00am<\/p>\n<p>[\/vc_column_text][vc_column_text css=\u00a0\u00bb.vc_custom_1769744262751{padding-bottom: 16px !important;}\u00a0\u00bb]<\/p>\n<p data-start=\"546\" data-end=\"788\"><strong>Petit-d\u00e9jeuner<\/strong> : 7h15 \u2013 10h00 (servi dans votre chambre ou dans l\u2019espace restaurant ; il est recommand\u00e9 de commander la veille).<\/p>\n<p>[\/vc_column_text][vc_column_text css=\u00a0\u00bb.vc_custom_1769744174176{padding-bottom: 16px !important;}\u00a0\u00bb]<\/p>\n<p data-start=\"546\" data-end=\"788\"><strong>R\u00e9ception <\/strong>: 7h00 \u2013 20h00 (en dehors de ces horaires, veuillez consulter la section Contact).<\/p>\n<p>[\/vc_column_text][vc_column_text css=\u00a0\u00bb.vc_custom_1769757845845{padding-bottom: 16px !important;}\u00a0\u00bb]<\/p>\n<p data-start=\"546\" data-end=\"788\"><strong>Piscine<\/strong> : 9h00 \u2013 22h00<\/p>\n<p>[\/vc_column_text][vc_column_text css=\u00a0\u00bb.vc_custom_1769757897174{padding-bottom: 16px !important;}\u00a0\u00bb]<\/p>\n<p data-start=\"546\" data-end=\"788\"><strong>Bar de la piscine<\/strong> : 14h30 \u2013 22h30 (Happy hour cocktails 16h00 \u2013 18h00)<\/p>\n<p>[\/vc_column_text][vc_column_text css=\u00a0\u00bb.vc_custom_1769744312496{padding-bottom: 16px !important;}\u00a0\u00bb]<\/p>\n<p data-start=\"790\" data-end=\"915\"><strong>Eau purifi\u00e9e<\/strong> : remplissez votre bouteille \u00e0 la r\u00e9ception et r\u00e9utilisez-la autant que possible pour r\u00e9duire les d\u00e9chets plastiques.<\/p>\n<p>[\/vc_column_text][vc_column_text css=\u00a0\u00bb.vc_custom_1769744427839{padding-bottom: 16px !important;}\u00a0\u00bb]<\/p>\n<p data-start=\"917\" data-end=\"1046\"><strong>Service de m\u00e9nage<\/strong> : quotidien ; les serviettes ne sont chang\u00e9es que sur demande afin d\u2019\u00e9viter un impact environnemental inutile. Veuillez utiliser le panneau dans votre chambre si vous souhaitez de l\u2019intimit\u00e9 ou ne pas avoir le m\u00e9nage. <\/p>\n<p>[\/vc_column_text][vc_column_text css=\u00a0\u00bb.vc_custom_1769744453846{padding-bottom: 16px !important;}\u00a0\u00bb]<\/p>\n<p data-start=\"1048\" data-end=\"1130\"><strong>Trousse de premiers secours<\/strong> : disponible \u00e0 la r\u00e9ception ; veuillez l\u2019utiliser avec pr\u00e9caution.<\/p>\n<p>[\/vc_column_text][vc_column_text css=\u00a0\u00bb.vc_custom_1769757903692{padding-bottom: 16px !important;}\u00a0\u00bb]<\/p>\n<p data-start=\"1132\" data-end=\"1194\"><strong>Parking<\/strong>: disponible uniquement pour les motos ; le stationnement pour voitures n\u2019est pas disponible.<\/p>\n<p>[\/vc_column_text][\/vc_tta_section][vc_tta_section title=\u00a0\u00bbR\u00e8gles de la maison\u00a0\u00bb tab_id=\u00a0\u00bb1763981139451-5795ca40-2416&Prime;][vc_column_text css=\u00a0\u00bb.vc_custom_1769745050619{padding-bottom: 16px !important;}\u00a0\u00bb]<\/p>\n<p data-start=\"1236\" data-end=\"1338\">Merci d\u2019\u00e9teindre la climatisation en quittant la chambre afin de contribuer \u00e0 la protection de l\u2019environnement.<\/p>\n<p>[\/vc_column_text][vc_column_text css=\u00a0\u00bb.vc_custom_1769745067799{padding-bottom: 16px !important;}\u00a0\u00bb]<\/p>\n<p data-start=\"1341\" data-end=\"1422\">Il est interdit de fumer \u00e0 l\u2019int\u00e9rieur des chambres ; veuillez utiliser les espaces ext\u00e9rieurs pr\u00e9vus \u00e0 cet effet. Merci. <\/p>\n<p>[\/vc_column_text][vc_column_text css=\u00a0\u00bb.vc_custom_1769745031501{padding-bottom: 16px !important;}\u00a0\u00bb]<\/p>\n<p data-start=\"1425\" data-end=\"1596\">Merci de n\u2019\u00e9vacuer les d\u00e9chets humains que dans les toilettes. Les papiers, tampons et lingettes doivent \u00eatre jet\u00e9s dans la poubelle afin de prot\u00e9ger le syst\u00e8me sanitaire d\u2019El Nido. <\/p>\n<p>[\/vc_column_text][vc_column_text css=\u00a0\u00bb.vc_custom_1769745186092{padding-bottom: 16px !important;}\u00a0\u00bb]<\/p>\n<p data-start=\"1599\" data-end=\"1762\">Merci de ne pas manger dans la chambre, les restes de nourriture pouvant attirer les insectes et autres animaux ind\u00e9sirables.<\/p>\n<p>[\/vc_column_text][vc_column_text css=\u00a0\u00bb.vc_custom_1769745206780{padding-bottom: 16px !important;}\u00a0\u00bb]<\/p>\n<p data-start=\"1765\" data-end=\"1855\">Merci de limiter le bruit entre 22h30 et 7h00 afin de respecter le repos de tous. <\/p>\n<p>[\/vc_column_text][vc_column_text css=\u00a0\u00bb.vc_custom_1769745222459{padding-bottom: 16px !important;}\u00a0\u00bb]<\/p>\n<p data-start=\"1858\" data-end=\"1922\">Veuillez conserver la cl\u00e9 dans un endroit s\u00fbr ; son remplacement entra\u00eene un co\u00fbt suppl\u00e9mentaire.<\/p>\n<p>[\/vc_column_text][vc_column_text css=\u00a0\u00bb.vc_custom_1769745328747{padding-bottom: 16px !important;}\u00a0\u00bb]<\/p>\n<p data-start=\"1858\" data-end=\"1922\">En cas de coupure de courant, le g\u00e9n\u00e9rateur fonctionne 4 heures puis se repose 1 heure afin de minimiser les \u00e9missions et le bruit.<\/p>\n<p>[\/vc_column_text][vc_column_text css=\u00a0\u00bb.vc_custom_1769745390363{padding-bottom: 16px !important;}\u00a0\u00bb]<\/p>\n<p data-start=\"1858\" data-end=\"1922\">Merci d\u2019utiliser l\u2019eau avec parcimonie, surtout pendant la saison s\u00e8che.<\/p>\n<p>[\/vc_column_text][vc_column_text css=\u00a0\u00bb.vc_custom_1769745410410{padding-bottom: 16px !important;}\u00a0\u00bb]<\/p>\n<p data-start=\"1858\" data-end=\"1922\">Pour des raisons de s\u00e9curit\u00e9 et de confort, seules les personnes enregistr\u00e9es sont autoris\u00e9es dans les chambres.<\/p>\n<p>[\/vc_column_text][\/vc_tta_section][vc_tta_section title=\u00a0\u00bbChambre Deluxe\u00a0\u00bb tab_id=\u00a0\u00bb1763785805350-746879d8-4fa4&Prime;][vc_single_image image=\u00a0\u00bb3648&Prime; img_size=\u00a0\u00bbfull\u00a0\u00bb alignment=\u00a0\u00bbcenter\u00a0\u00bb style=\u00a0\u00bbvc_box_rounded\u00a0\u00bb css=\u00a0\u00bb.vc_custom_1771317825994{padding-bottom: 16px !important;}\u00a0\u00bb][vc_column_text css=\u00a0\u00bb.vc_custom_1769745857433{padding-bottom: 16px !important;}\u00a0\u00bb]<strong>Chambre \u00e0 coucher<\/strong> : lit queen-size avec linge de lit et quatre oreillers, articles de toilette gratuits, serviettes de piscine ; panneau \u00ab Ne pas d\u00e9ranger \u00bb (\u00e0 utiliser si vous ne souhaitez pas de m\u00e9nage quotidien).[\/vc_column_text][vc_column_text css=\u00a0\u00bb.vc_custom_1769745656802{padding-bottom: 16px !important;}\u00a0\u00bb]<strong>Espace bureau<\/strong> : carafe d\u2019eau et deux verres (remplissables pour r\u00e9duire l\u2019usage du plastique).[\/vc_column_text][vc_column_text css=\u00a0\u00bb.vc_custom_1769745878089{padding-bottom: 16px !important;}\u00a0\u00bb]<strong>Salle de bain<\/strong> : deux serviettes pour les mains et deux serviettes de bain, shampooing et apr\u00e8s-shampooing \u00e9cologiques, savon pour les mains, papier toilette, poubelle de salle de bain, et s\u00e8che-cheveux.[\/vc_column_text][vc_column_text css=\u00a0\u00bb.vc_custom_1769745908080{padding-bottom: 16px !important;}\u00a0\u00bb]<strong>Climatisation <\/strong>: climatisation, ventilateur et prises 220 V.[\/vc_column_text][vc_column_text css=\u00a0\u00bb.vc_custom_1769745927025{padding-bottom: 16px !important;}\u00a0\u00bb]<strong>S\u00e9curit\u00e9 <\/strong>: extincteur, d\u00e9tecteur de fum\u00e9e et lumi\u00e8re de secours.[\/vc_column_text][vc_column_text css=\u00a0\u00bb.vc_custom_1769745960103{padding-bottom: 16px !important;}\u00a0\u00bb]<strong><strong>Espace ext\u00e9rieur<\/strong><\/strong> : terrasse semi-priv\u00e9e avec table et deux chaises en rotin, \u00e9tendoir en bambou et cendrier.[\/vc_column_text][\/vc_tta_section][vc_tta_section title=\u00a0\u00bbChambre double\u00a0\u00bb tab_id=\u00a0\u00bb1769745963049-b6f0786a-324b\u00a0\u00bb][vc_single_image image=\u00a0\u00bb3603&Prime; img_size=\u00a0\u00bbfull\u00a0\u00bb alignment=\u00a0\u00bbcenter\u00a0\u00bb style=\u00a0\u00bbvc_box_rounded\u00a0\u00bb css=\u00a0\u00bb.vc_custom_1771317976839{padding-bottom: 16px !important;}\u00a0\u00bb][vc_column_text css=\u00a0\u00bb.vc_custom_1769745857433{padding-bottom: 16px !important;}\u00a0\u00bb]<strong>Chambre \u00e0 coucher<\/strong> : lit queen-size avec linge de lit et quatre oreillers, articles de toilette gratuits, serviettes de piscine ; panneau \u00ab Ne pas d\u00e9ranger \u00bb (\u00e0 utiliser si vous ne souhaitez pas de m\u00e9nage quotidien).[\/vc_column_text][vc_column_text css=\u00a0\u00bb.vc_custom_1769745656802{padding-bottom: 16px !important;}\u00a0\u00bb]<strong>Espace bureau<\/strong> : carafe d\u2019eau et deux verres (remplissables pour r\u00e9duire l\u2019usage du plastique).[\/vc_column_text][vc_column_text css=\u00a0\u00bb.vc_custom_1769745878089{padding-bottom: 16px !important;}\u00a0\u00bb]<strong>Salle de bain<\/strong> : deux serviettes pour les mains et deux serviettes de bain, shampooing et apr\u00e8s-shampooing \u00e9cologiques, savon pour les mains, papier toilette, poubelle de salle de bain, et s\u00e8che-cheveux.[\/vc_column_text][vc_column_text css=\u00a0\u00bb.vc_custom_1769745908080{padding-bottom: 16px !important;}\u00a0\u00bb]<strong>Climatisation <\/strong>: climatisation, ventilateur et prises 220 V.[\/vc_column_text][vc_column_text css=\u00a0\u00bb.vc_custom_1769745927025{padding-bottom: 16px !important;}\u00a0\u00bb]<strong>S\u00e9curit\u00e9 <\/strong>: extincteur, d\u00e9tecteur de fum\u00e9e et lumi\u00e8re de secours.[\/vc_column_text][vc_column_text css=\u00a0\u00bb.vc_custom_1769745960103{padding-bottom: 16px !important;}\u00a0\u00bb]<strong><strong>Espace ext\u00e9rieur<\/strong><\/strong> : terrasse semi-priv\u00e9e avec table et deux chaises en rotin, \u00e9tendoir en bambou et cendrier.[\/vc_column_text][\/vc_tta_section][vc_tta_section title=\u00a0\u00bbDortoir\u00a0\u00bb tab_id=\u00a0\u00bb1769746017471-a7d9b6bf-f8f9&Prime;][vc_single_image image=\u00a0\u00bb3594&Prime; img_size=\u00a0\u00bbfull\u00a0\u00bb alignment=\u00a0\u00bbcenter\u00a0\u00bb style=\u00a0\u00bbvc_box_rounded\u00a0\u00bb css=\u00a0\u00bb.vc_custom_1771318016550{padding-bottom: 16px !important;}\u00a0\u00bb][vc_column_text css=\u00a0\u00bb.vc_custom_1769758103013{padding-bottom: 16px !important;}\u00a0\u00bb]<strong>Chambre <\/strong>: un lit avec linge de lit dans une chambre partag\u00e9e de quatre lits (deux lits superpos\u00e9s) ; casier fourni ; les serviettes ne sont pas incluses. Serviettes et cadenas de casier disponibles \u00e0 la location (50 PHP).[\/vc_column_text][vc_column_text css=\u00a0\u00bb.vc_custom_1769758015625{padding-bottom: 16px !important;}\u00a0\u00bb]<strong>Salle de bain<\/strong> : partag\u00e9e[\/vc_column_text][vc_column_text css=\u00a0\u00bb.vc_custom_1769758015625{padding-bottom: 16px !important;}\u00a0\u00bb]<strong>Salle de bain<\/strong> : partag\u00e9e[\/vc_column_text][vc_column_text css=\u00a0\u00bb.vc_custom_1769758069661{padding-bottom: 16px !important;}\u00a0\u00bb]<strong>S\u00e9curit\u00e9 <\/strong>: extincteur (terrasse), d\u00e9tecteur de fum\u00e9e et lumi\u00e8re de secours[\/vc_column_text][vc_column_text css=\u00a0\u00bb.vc_custom_1769758058428{padding-bottom: 16px !important;}\u00a0\u00bb]<strong><strong>Espace ext\u00e9rieur<\/strong><\/strong> : terrasse semi-priv\u00e9e avec table, deux chaises en rotin, \u00e9tendoir en bambou et cendrier[\/vc_column_text][\/vc_tta_section][vc_tta_section title=\u00a0\u00bbNos services\u00a0\u00bb tab_id=\u00a0\u00bb1763785804800-caabc050-e836&Prime;][vc_single_image image=\u00a0\u00bb3667&Prime; img_size=\u00a0\u00bbfull\u00a0\u00bb alignment=\u00a0\u00bbcenter\u00a0\u00bb style=\u00a0\u00bbvc_box_rounded\u00a0\u00bb][vc_column_text css=\u00a0\u00bb.vc_custom_1769761436632{padding-top: 16px !important;padding-bottom: 16px !important;}\u00a0\u00bb]<\/p>\n<p data-start=\"2807\" data-end=\"2925\"><strong>Petit-d\u00e9jeuner<\/strong> : bol de yaourt avec granola, pancakes ou omelette \u2013 350\u20b1. Nous recommandons de commander la veille. Veuillez demander le menu \u00e0 la r\u00e9ception.  <\/p>\n<p>[\/vc_column_text][vc_column_text css=\u00a0\u00bb.vc_custom_1769761442985{padding-bottom: 16px !important;}\u00a0\u00bb]<\/p>\n<p data-start=\"2928\" data-end=\"3007\"><strong>Massage <\/strong>: r\u00e9alis\u00e9 dans votre chambre par des th\u00e9rapeutes locaux, \u00e0 partir de 700\u20b1 \/ 1 heure.<\/p>\n<p>[\/vc_column_text][vc_column_text css=\u00a0\u00bb.vc_custom_1769761452350{padding-bottom: 16px !important;}\u00a0\u00bb]<\/p>\n<p data-start=\"3010\" data-end=\"3088\"><strong>Service de blanchisserie<\/strong> : disponible \u00e0 120\u20b1\/kg, d\u00e9lai de 24 \u00e0 48 h. <\/p>\n<p>[\/vc_column_text][vc_column_text css=\u00a0\u00bb.vc_custom_1769761428009{padding-bottom: 16px !important;}\u00a0\u00bb]<\/p>\n<p data-start=\"3091\" data-end=\"3120\"><strong>Transferts et transports :<\/strong><\/p>\n<p data-start=\"3125\" data-end=\"3173\">Tricycle : \u00e0 partir de 250\u20b1<\/p>\n<p data-start=\"3125\" data-end=\"3173\">Tricycle depuis\/vers l\u2019a\u00e9roport d\u2019El Nido : 500\u20b1<\/p>\n<p data-start=\"3125\" data-end=\"3173\">Van vers Puerto Princesa : \u00e0 partir de 700\u20b1<\/p>\n<p data-start=\"3125\" data-end=\"3173\">Location de moto : \u00e0 partir de 700\u20b1 \/ jour<\/p>\n<p>[\/vc_column_text][vc_column_text css=\u00a0\u00bb.vc_custom_1769761516480{padding-bottom: 16px !important;}\u00a0\u00bb]<\/p>\n<p data-start=\"3091\" data-end=\"3120\">Veuillez vous renseigner \u00e0 la r\u00e9ception pour obtenir des informations sur les excursions, les horaires des ferries et les transferts vers d\u2019autres destinations.<\/p>\n<p>[\/vc_column_text][\/vc_tta_section][vc_tta_section title=\u00a0\u00bbSe d\u00e9placer \u00e0 El Nido\u00a0\u00bb tab_id=\u00a0\u00bb1763785676502-67f275e2-f34c\u00a0\u00bb][vc_single_image image=\u00a0\u00bb3979&Prime; img_size=\u00a0\u00bbfull\u00a0\u00bb alignment=\u00a0\u00bbcenter\u00a0\u00bb style=\u00a0\u00bbvc_box_rounded\u00a0\u00bb css=\u00a0\u00bb.vc_custom_1771318099290{padding-bottom: 16px !important;}\u00a0\u00bb][vc_column_text css=\u00a0\u00bb.vc_custom_1769761811879{padding-bottom: 16px !important;}\u00a0\u00bb]Se d\u00e9placer \u00e0 El Nido est facile, avec plusieurs options de transport selon la distance et le confort.<\/p>\n<h4><br data-start=\"973\" data-end=\"976\"><a href=\"https:\/\/www.masayana.com\/fr\/planifiez-votre-voyage-a-el-nido\/se-deplacer-a-el-nido\/\">\u2192 Consultez notre guide des transports \u00e0 El Nido<\/a><\/h4>\n<p>[\/vc_column_text][\/vc_tta_section][vc_tta_section title=\u00a0\u00bbLa meilleure plage d\u2019El Nido\u00a0\u00bb tab_id=\u00a0\u00bb1763785676213-7a2a1b09-c135&Prime;][vc_single_image image=\u00a0\u00bb3786&Prime; img_size=\u00a0\u00bbfull\u00a0\u00bb alignment=\u00a0\u00bbcenter\u00a0\u00bb style=\u00a0\u00bbvc_box_rounded\u00a0\u00bb css=\u00a0\u00bb.vc_custom_1771318370187{padding-bottom: 16px !important;}\u00a0\u00bb][vc_column_text css=\u00a0\u00bb.vc_custom_1769762007941{padding-bottom: 16px !important;}\u00a0\u00bb]<\/p>\n<p data-start=\"1539\" data-end=\"1732\">Des plages proches aux endroits plus isol\u00e9s, El Nido offre quelque chose pour chacun.<\/p>\n<h3 data-start=\"1539\" data-end=\"1732\"><a href=\"https:\/\/www.masayana.com\/fr\/que-faire-a-el-nido\/la-meilleure-plage-del-nido\/\">\u2192 D\u00e9couvrez nos plages pr\u00e9f\u00e9r\u00e9es \u00e0 El Nido<\/a><\/h3>\n<p>[\/vc_column_text][\/vc_tta_section][vc_tta_section title=\u00a0\u00bbIsland Hopping Tours\u00a0\u00bb tab_id=\u00a0\u00bb1763785675990-b411f674-3ada\u00a0\u00bb][vc_single_image image=\u00a0\u00bb3864&Prime; img_size=\u00a0\u00bbfull\u00a0\u00bb alignment=\u00a0\u00bbcenter\u00a0\u00bb style=\u00a0\u00bbvc_box_rounded\u00a0\u00bb css=\u00a0\u00bb.vc_custom_1771318176558{padding-bottom: 16px !important;}\u00a0\u00bb][vc_column_text css=\u00a0\u00bb.vc_custom_1770177339249{padding-bottom: 16px !important;}\u00a0\u00bb]<\/p>\n<p data-start=\"4468\" data-end=\"4533\">L\u2019island hopping est l\u2019un des points forts d\u2019El Nido.<\/p>\n<h3 data-start=\"4468\" data-end=\"4533\"><a href=\"https:\/\/www.masayana.com\/fr\/que-faire-a-el-nido\/island-hopping-a-el-nido\/\">\u2192 Explorez les options et itin\u00e9raires d\u2019island hopping<\/a><\/h3>\n<p>[\/vc_column_text][\/vc_tta_section][vc_tta_section title=\u00a0\u00bbMeilleures activit\u00e9s \u00e0 faire \u00e0 El Nido\u00a0\u00bb tab_id=\u00a0\u00bb1763785675798-0ab229ab-8483&Prime;][vc_single_image image=\u00a0\u00bb3625&Prime; img_size=\u00a0\u00bbfull\u00a0\u00bb alignment=\u00a0\u00bbcenter\u00a0\u00bb style=\u00a0\u00bbvc_box_rounded\u00a0\u00bb css=\u00a0\u00bb.vc_custom_1771318251759{padding-bottom: 16px !important;}\u00a0\u00bb][vc_column_text css=\u00a0\u00bb.vc_custom_1769762256933{padding-bottom: 16px !important;}\u00a0\u00bb]El Nido propose une grande vari\u00e9t\u00e9 d\u2019activit\u00e9s, allant de la nature et de l\u2019aventure \u00e0 des exp\u00e9riences plus calmes et d\u00e9tendues.<\/p>\n<h3><a href=\"https:\/\/www.masayana.com\/fr\/que-faire-a-el-nido\/activities-in-el-nido\/\">\u2192 D\u00e9couvrez les meilleures activit\u00e9s \u00e0 faire \u00e0 El Nido<\/a><\/h3>\n<p>[\/vc_column_text][\/vc_tta_section][vc_tta_section title=\u00a0\u00bbO\u00f9 manger et boire \u00e0 El Nido\u00a0\u00bb tab_id=\u00a0\u00bb1763785675622-0d63d716-5c2c\u00a0\u00bb][vc_single_image image=\u00a0\u00bb3811&Prime; img_size=\u00a0\u00bbfull\u00a0\u00bb alignment=\u00a0\u00bbcenter\u00a0\u00bb style=\u00a0\u00bbvc_box_rounded\u00a0\u00bb css=\u00a0\u00bb.vc_custom_1771318278611{padding-bottom: 16px !important;}\u00a0\u00bb][vc_column_text css=\u00a0\u00bb.vc_custom_1769762140782{padding-bottom: 16px !important;}\u00a0\u00bb]<\/p>\n<p data-start=\"1506\" data-end=\"1650\">El Nido offre une grande vari\u00e9t\u00e9 de restaurants et de caf\u00e9s.<\/p>\n<h3 data-start=\"1506\" data-end=\"1650\"><a href=\"https:\/\/www.masayana.com\/fr\/que-faire-a-el-nido\/ou-manger-a-el-nido\/\">\u2192 Consultez nos recommandations de restaurants<\/a><\/h3>\n<p>[\/vc_column_text][vc_column_text css=\u00a0\u00bb.vc_custom_1769762187061{padding-bottom: 16px !important;}\u00a0\u00bb]<\/p>\n<p data-start=\"1506\" data-end=\"1650\">Merci de soutenir les restaurants locaux \u00e0 El Nido, comme Kwatro Pwesto, qui travaillent avec des produits frais et durables et collaborent avec la communaut\u00e9, contribuant aux moyens de subsistance de nombreuses familles locales. Les choisir permet de soutenir l\u2019\u00e9conomie locale et de promouvoir un tourisme responsable. <\/p>\n<p>[\/vc_column_text][\/vc_tta_section][vc_tta_section title=\u00a0\u00bbQuestions fr\u00e9quentes sur El Nido\u00a0\u00bb tab_id=\u00a0\u00bb1763785674942-5ab89df0-27bf\u00a0\u00bb][vc_column_text css=\u00a0\u00bb.vc_custom_1769762666002{padding-bottom: 16px !important;}\u00a0\u00bb]<\/p>\n<p data-start=\"178\" data-end=\"497\">Lors de votre visite \u00e0 El Nido, il est utile de conna\u00eetre quelques d\u00e9tails pratiques sur la vie quotidienne, la culture locale, la sant\u00e9 et les services. Cette section r\u00e9pond aux questions courantes sur l\u2019argent, les distributeurs automatiques, les animaux et \u00e0 quoi s\u2019attendre pendant votre s\u00e9jour, afin que vous puissiez profiter de votre temps en toute tranquillit\u00e9. <\/p>\n<h3 data-start=\"178\" data-end=\"497\"><a href=\"https:\/\/www.masayana.com\/fr\/planifiez-votre-voyage-a-el-nido\/bon-a-savoir-avant-de-visiter-el-nido\/\">\u2192 Informations pratiques sur El Nido<\/a><\/h3>\n<p>[\/vc_column_text][\/vc_tta_section][\/vc_tta_accordion][\/vc_column][\/vc_row]<\/p>\n<\/section>","protected":false},"excerpt":{"rendered":"<p>[vc_row css=\u00a0\u00bb.vc_custom_1769742753120{padding-top: 200px !important;padding-bottom: 200px !important;background-image: url(https:\/\/www.masayana.com\/wp-content\/uploads\/2026\/01\/contactHeader.webp?id=3907) !important;background-position: center !important;background-repeat: no-repeat !important;background-size: cover !important;}\u00a0\u00bb][vc_column][\/vc_column][\/vc_row][vc_row css=\u00a0\u00bb.vc_custom_1769764028896{padding-top: 32px !important;padding-bottom: 32px !important;}\u00a0\u00bb][vc_column][vc_tta_accordion section_title_tag=\u00a0\u00bbh5&Prime; gap=\u00a0\u00bb10&Prime; c_icon=\u00a0\u00bbtriangle\u00a0\u00bb c_position=\u00a0\u00bbright\u00a0\u00bb active_section=\u00a0\u00bb1&Prime; collapsible_all=\u00a0\u00bbtrue\u00a0\u00bb][vc_tta_section title=\u00a0\u00bbBienvenue\u00a0\u00bb tab_id=\u00a0\u00bb1763785629901-9e745b12-1cd2&Prime;][vc_column_text]Bienvenue \u00e0 Masayana, un lieu paisible pour se reposer \u00e0 Caalan.[\/vc_column_text][vc_empty_space height=\u00a0\u00bb16px\u00a0\u00bb][vc_column_text css=\u00a0\u00bb.vc_custom_1769743583003{padding-bottom: 16px !important;}\u00a0\u00bb]Situ\u00e9 \u00e0 seulement dix minutes \u00e0 pied de Townsquare \u00e0 El Nido, Masayana offre un [&hellip;]<\/p>\n","protected":false},"author":1,"featured_media":0,"parent":0,"menu_order":0,"comment_status":"closed","ping_status":"closed","template":"","meta":{"footnotes":""},"class_list":["post-4303","page","type-page","status-publish","hentry"],"_links":{"self":[{"href":"https:\/\/www.masayana.com\/fr\/wp-json\/wp\/v2\/pages\/4303"}],"collection":[{"href":"https:\/\/www.masayana.com\/fr\/wp-json\/wp\/v2\/pages"}],"about":[{"href":"https:\/\/www.masayana.com\/fr\/wp-json\/wp\/v2\/types\/page"}],"author":[{"embeddable":true,"href":"https:\/\/www.masayana.com\/fr\/wp-json\/wp\/v2\/users\/1"}],"replies":[{"embeddable":true,"href":"https:\/\/www.masayana.com\/fr\/wp-json\/wp\/v2\/comments?post=4303"}],"version-history":[{"count":9,"href":"https:\/\/www.masayana.com\/fr\/wp-json\/wp\/v2\/pages\/4303\/revisions"}],"predecessor-version":[{"id":4362,"href":"https:\/\/www.masayana.com\/fr\/wp-json\/wp\/v2\/pages\/4303\/revisions\/4362"}],"wp:attachment":[{"href":"https:\/\/www.masayana.com\/fr\/wp-json\/wp\/v2\/media?parent=4303"}],"curies":[{"name":"wp","href":"https:\/\/api.w.org\/{rel}","templated":true}]}}