{"id":4291,"date":"2026-01-12T12:52:21","date_gmt":"2026-01-12T12:52:21","guid":{"rendered":"https:\/\/www.masayana.com\/que-faire-a-el-nido\/la-meilleure-plage-del-nido\/"},"modified":"2026-02-16T10:30:25","modified_gmt":"2026-02-16T10:30:25","slug":"la-meilleure-plage-del-nido","status":"publish","type":"page","link":"https:\/\/www.masayana.com\/fr\/que-faire-a-el-nido\/la-meilleure-plage-del-nido\/","title":{"rendered":"La meilleure plage d\u2019El Nido"},"content":{"rendered":"<section class=\"wpb-content-wrapper\"><p>[vc_row full_width=\u00a0\u00bbstretch_row_content_no_spaces\u00a0\u00bb kloud_parallax=\u00a0\u00bb1&Prime; css=\u00a0\u00bb.vc_custom_1768789263493{padding-top: 300px !important;padding-bottom: 300px !important;background: #1f4e3d url(https:\/\/www.masayana.com\/wp-content\/uploads\/2026\/01\/DaracotanMasayanaHotelElNidoRooms-1.webp?id=3632) !important;background-position: center !important;background-repeat: no-repeat !important;background-size: cover !important;}\u00a0\u00bb][vc_column][\/vc_column][\/vc_row][vc_row kloud_parallax=\u00a0\u00bb1&Prime; css=\u00a0\u00bb.vc_custom_1768473753180{background-position: center !important;background-repeat: no-repeat !important;background-size: cover !important;}\u00a0\u00bb][vc_column][vc_column_text css_animation=\u00a0\u00bbnone\u00a0\u00bb css=\u00a0\u00bb.vc_custom_1768473781813{padding-bottom: 0px !important;}\u00a0\u00bb]<\/p>\n<h2>La meilleure plage d\u2019El Nido<\/h2>\n<p>[\/vc_column_text][vc_empty_space height=\u00a0\u00bb24px\u00a0\u00bb][vc_column_text css_animation=\u00a0\u00bbnone\u00a0\u00bb css=\u00a0\u00bb.vc_custom_1768474156185{padding-bottom: 0px !important;}\u00a0\u00bb]Il n\u2019existe pas une seule \u00ab meilleure \u00bb plage \u00e0 El Nido. Chaque plage offre un cadre et une exp\u00e9rience diff\u00e9rents, selon la mani\u00e8re dont vous souhaitez passer du temps au bord de la mer. Ce guide pr\u00e9sente une s\u00e9lection de plages pour vous aider \u00e0 choisir celle qui vous convient le mieux.[\/vc_column_text][\/vc_column][\/vc_row][vc_row][vc_column offset=\u00a0\u00bbvc_col-lg-6 vc_col-md-6&Prime;][vc_empty_space][vc_column_text css_animation=\u00a0\u00bbnone\u00a0\u00bb css=\u00a0\u00bb.vc_custom_1768379586517{padding-bottom: 0px !important;}\u00a0\u00bb]<\/p>\n<h2>Plage de Caalan<\/h2>\n<p>[\/vc_column_text][vc_empty_space height=\u00a0\u00bb24px\u00a0\u00bb][vc_column_text css_animation=\u00a0\u00bbnone\u00a0\u00bb css=\u00a0\u00bb.vc_custom_1768381121443{padding-bottom: 0px !important;}\u00a0\u00bb]<a style=\"font-size: 18px; color: #c47a50;\" href=\"https:\/\/goo.gl\/maps\/biFWLPBVzArosNcw5\" rel=\"noopener\">Caalan Beach<\/a> est une plage calme et locale, \u00e0 moins de 100 m\u00e8tres de Masayana, bord\u00e9e de cocotiers et offrant une large vue sur l\u2019\u00eele de Cadlao. \u00c0 une extr\u00e9mit\u00e9, les p\u00eacheurs r\u00e9parent leurs bateaux, apportant un rythme quotidien tranquille.[\/vc_column_text][vc_empty_space height=\u00a0\u00bb24px\u00a0\u00bb][vc_column_text css_animation=\u00a0\u00bbnone\u00a0\u00bb css=\u00a0\u00bb.vc_custom_1768381022282{padding-bottom: 0px !important;}\u00a0\u00bb]<\/p>\n<ul>\n<li data-start=\"418\" data-end=\"481\">Acc\u00e8s : 3 minutes \u00e0 pied depuis Masayana Hotel<\/li>\n<\/ul>\n<p>&nbsp;<\/p>\n<ul>\n<li data-start=\"483\" data-end=\"525\">Pourquoi nous l\u2019aimons : Atmosph\u00e8re locale, couchers de soleil magnifiques de juin \u00e0 novembre.<\/li>\n<\/ul>\n<p>&nbsp;<\/p>\n<ul>\n<li data-start=\"602\" data-end=\"658\">La plage : Sableuse et naturelle avec des zones rocheuses ; peu adapt\u00e9e \u00e0 la baignade \u00e0 mar\u00e9e basse.<\/li>\n<\/ul>\n<p>&nbsp;<\/p>\n<ul>\n<li data-start=\"602\" data-end=\"658\">\u00c9quipements : Options de restauration limit\u00e9es \u00e0 proximit\u00e9.<\/li>\n<\/ul>\n<p>[\/vc_column_text][vc_empty_space][\/vc_column][vc_column offset=\u00a0\u00bbvc_col-lg-6 vc_col-md-6&Prime;][vc_empty_space][vc_single_image image=\u00a0\u00bb3898&Prime; img_size=\u00a0\u00bbfull\u00a0\u00bb alignment=\u00a0\u00bbcenter\u00a0\u00bb style=\u00a0\u00bbvc_box_rounded\u00a0\u00bb][vc_empty_space][\/vc_column][\/vc_row][vc_row][vc_column offset=\u00a0\u00bbvc_col-lg-6 vc_col-md-6&Prime;][vc_empty_space][vc_column_text css_animation=\u00a0\u00bbnone\u00a0\u00bb css=\u00a0\u00bb.vc_custom_1768382126881{padding-bottom: 0px !important;}\u00a0\u00bb]<\/p>\n<h2>Plage de Malugao<\/h2>\n<p>[\/vc_column_text][vc_empty_space height=\u00a0\u00bb24px\u00a0\u00bb][vc_column_text css_animation=\u00a0\u00bbnone\u00a0\u00bb css=\u00a0\u00bb.vc_custom_1768381770314{padding-bottom: 0px !important;}\u00a0\u00bb]Cach\u00e9e derri\u00e8re Caalan, <a style=\"font-size: 18px; color: #c47a50;\" href=\"https:\/\/goo.gl\/maps\/biFWLPBVzArosNcw5\" rel=\"noopener\">Malugao Beach<\/a> est une crique naturelle et paisible accessible par une courte marche dans la jungle. Isol\u00e9e et pr\u00e9serv\u00e9e, elle r\u00e9compense l\u2019effort avec une eau calme, l\u2019ombre des palmiers et une sensation de solitude.[\/vc_column_text][vc_empty_space height=\u00a0\u00bb24px\u00a0\u00bb][vc_column_text css_animation=\u00a0\u00bbnone\u00a0\u00bb css=\u00a0\u00bb.vc_custom_1768381944620{padding-bottom: 0px !important;}\u00a0\u00bb]<\/p>\n<ul>\n<li data-start=\"418\" data-end=\"481\">Acc\u00e8s : Dangereux ! 15 minutes \u00e0 pied depuis Masayana, en traversant des rochers et un chemin jungle en pente.<\/li>\n<\/ul>\n<p>&nbsp;<\/p>\n<ul>\n<li data-start=\"483\" data-end=\"525\">Pourquoi nous l\u2019aimons : Absence de civilisation, seule la nature r\u00e8gne.<\/li>\n<\/ul>\n<p>&nbsp;<\/p>\n<ul>\n<li data-start=\"602\" data-end=\"658\">La plage : Sableuse et baignable avec eau claire<\/li>\n<\/ul>\n<p>&nbsp;<\/p>\n<ul>\n<li data-start=\"602\" data-end=\"658\">\u00c9quipements : Aucun, compl\u00e8tement naturel.<\/li>\n<\/ul>\n<p>[\/vc_column_text][vc_empty_space][\/vc_column][vc_column offset=\u00a0\u00bbvc_col-lg-6 vc_col-md-6&Prime;][vc_empty_space][vc_single_image image=\u00a0\u00bb3879&Prime; img_size=\u00a0\u00bbfull\u00a0\u00bb alignment=\u00a0\u00bbcenter\u00a0\u00bb style=\u00a0\u00bbvc_box_rounded\u00a0\u00bb][vc_empty_space][\/vc_column][\/vc_row][vc_row][vc_column offset=\u00a0\u00bbvc_col-lg-6 vc_col-md-6&Prime;][vc_empty_space][vc_column_text css_animation=\u00a0\u00bbnone\u00a0\u00bb css=\u00a0\u00bb.vc_custom_1768382437065{padding-bottom: 0px !important;}\u00a0\u00bb]<\/p>\n<h2>Plage d\u2019El Nido<\/h2>\n<p>[\/vc_column_text][vc_empty_space height=\u00a0\u00bb24px\u00a0\u00bb][vc_column_text css_animation=\u00a0\u00bbnone\u00a0\u00bb css=\u00a0\u00bb.vc_custom_1768382279799{padding-bottom: 0px !important;}\u00a0\u00bb]Situ\u00e9e au c\u0153ur de la ville, <a style=\"font-size: 18px; color: #c47a50;\" href=\"https:\/\/goo.gl\/maps\/d45DiboZXU5h8NZ56\" rel=\"noopener\">El Nido Beach<\/a> est anim\u00e9e et sociale, avec une large \u00e9tendue de sable face \u00e0 la baie. Lieu pour se promener, s\u2019asseoir au bord de l\u2019eau et ressentir le rythme de la vie urbaine.[\/vc_column_text][vc_empty_space height=\u00a0\u00bb24px\u00a0\u00bb][vc_column_text css_animation=\u00a0\u00bbnone\u00a0\u00bb css=\u00a0\u00bb.vc_custom_1768382407941{padding-bottom: 0px !important;}\u00a0\u00bb]<\/p>\n<ul>\n<li data-start=\"418\" data-end=\"481\">Acc\u00e8s : 14 minutes \u00e0 pied depuis Masayana Hotel.<\/li>\n<\/ul>\n<p>&nbsp;<\/p>\n<ul>\n<li data-start=\"483\" data-end=\"525\">Pourquoi nous l\u2019aimons : Emplacement central et ambiance dynamique.<\/li>\n<\/ul>\n<p>&nbsp;<\/p>\n<ul>\n<li data-start=\"602\" data-end=\"658\">La plage : Peu adapt\u00e9e \u00e0 la baignade \u00e0 cause du trafic de bateaux.<\/li>\n<\/ul>\n<p>&nbsp;<\/p>\n<ul>\n<li data-start=\"602\" data-end=\"658\">\u00c9quipements : Restaurants, bars et boutiques.<\/li>\n<\/ul>\n<p>[\/vc_column_text][vc_empty_space][\/vc_column][vc_column offset=\u00a0\u00bbvc_col-lg-6 vc_col-md-6&Prime;][vc_empty_space][vc_single_image image=\u00a0\u00bb3889&Prime; img_size=\u00a0\u00bbfull\u00a0\u00bb alignment=\u00a0\u00bbcenter\u00a0\u00bb style=\u00a0\u00bbvc_box_rounded\u00a0\u00bb][vc_empty_space][\/vc_column][\/vc_row][vc_row][vc_column offset=\u00a0\u00bbvc_col-lg-6 vc_col-md-6&Prime;][vc_empty_space][vc_column_text css_animation=\u00a0\u00bbnone\u00a0\u00bb css=\u00a0\u00bb.vc_custom_1768382931598{padding-bottom: 0px !important;}\u00a0\u00bb]<\/p>\n<h2>Plage de Corong-Corong<\/h2>\n<p>[\/vc_column_text][vc_empty_space height=\u00a0\u00bb24px\u00a0\u00bb][vc_column_text css_animation=\u00a0\u00bbnone\u00a0\u00bb css=\u00a0\u00bb.vc_custom_1768382785936{padding-bottom: 0px !important;}\u00a0\u00bb]<a style=\"font-size: 18px; color: #c47a50;\" href=\"https:\/\/goo.gl\/maps\/2ptQRxb1s3N7N7tt8\" rel=\"noopener\">Corong-Corong Beach<\/a> est une longue \u00e9tendue de sable et de palmiers le long de Bacuit Bay, situ\u00e9e un peu en dehors du centre-ville. Bord\u00e9e de restaurants et de bars, elle reste plus ouverte et moins fr\u00e9quent\u00e9e que la plage du centre, offrant de l\u2019espace pour marcher, s\u2019asseoir au bord de l\u2019eau et admirer le coucher de soleil.[\/vc_column_text][vc_empty_space height=\u00a0\u00bb24px\u00a0\u00bb][vc_column_text css_animation=\u00a0\u00bbnone\u00a0\u00bb css=\u00a0\u00bb.vc_custom_1768382916560{padding-bottom: 0px !important;}\u00a0\u00bb]<\/p>\n<ul>\n<li data-start=\"418\" data-end=\"481\">Acc\u00e8s : 10 minutes en tricycle ou en moto depuis Masayana Hotel.<\/li>\n<\/ul>\n<p>&nbsp;<\/p>\n<ul>\n<li data-start=\"483\" data-end=\"525\">Pourquoi nous l\u2019aimons : Couchers de soleil de d\u00e9cembre \u00e0 mai et vues sur Bacuit Bay.<\/li>\n<\/ul>\n<p>&nbsp;<\/p>\n<ul>\n<li data-start=\"602\" data-end=\"658\">La plage : Peu adapt\u00e9e \u00e0 la baignade en raison des zones de sable et de coraux.<\/li>\n<\/ul>\n<p>&nbsp;<\/p>\n<ul>\n<li data-start=\"602\" data-end=\"658\">\u00c9quipements : De nombreux restaurants et bars directement sur la plage<\/li>\n<\/ul>\n<p>[\/vc_column_text][vc_empty_space][\/vc_column][vc_column offset=\u00a0\u00bbvc_col-lg-6 vc_col-md-6&Prime;][vc_empty_space][vc_single_image image=\u00a0\u00bb3895&Prime; img_size=\u00a0\u00bbfull\u00a0\u00bb alignment=\u00a0\u00bbcenter\u00a0\u00bb style=\u00a0\u00bbvc_box_rounded\u00a0\u00bb][vc_empty_space][\/vc_column][\/vc_row][vc_row][vc_column offset=\u00a0\u00bbvc_col-lg-6 vc_col-md-6&Prime;][vc_empty_space][vc_column_text css_animation=\u00a0\u00bbnone\u00a0\u00bb css=\u00a0\u00bb.vc_custom_1768382956173{padding-bottom: 0px !important;}\u00a0\u00bb]<\/p>\n<h2>Plage de Maremegmeg (Las Cabanas)<\/h2>\n<p>[\/vc_column_text][vc_empty_space height=\u00a0\u00bb24px\u00a0\u00bb][vc_column_text css_animation=\u00a0\u00bbnone\u00a0\u00bb css=\u00a0\u00bb.vc_custom_1768383107174{padding-bottom: 0px !important;}\u00a0\u00bb]<a style=\"font-size: 18px; color: #c47a50;\" href=\"https:\/\/goo.gl\/maps\/Ks7TAJUHYY7uNbhz6\" rel=\"noopener\">Maremegmeg Beach<\/a>, aussi appel\u00e9e Las Cabanas, est une plage d\u00e9tendue, id\u00e9ale pour la baignade, le bronzage et profiter de couchers de soleil inoubliables.[\/vc_column_text][vc_empty_space height=\u00a0\u00bb24px\u00a0\u00bb][vc_column_text css_animation=\u00a0\u00bbnone\u00a0\u00bb css=\u00a0\u00bb.vc_custom_1768383255670{padding-bottom: 0px !important;}\u00a0\u00bb]<\/p>\n<ul>\n<li data-start=\"418\" data-end=\"481\">Acc\u00e8s : 15 minutes en tricycle ou en moto depuis Masayana Hotel.<\/li>\n<\/ul>\n<p>&nbsp;<\/p>\n<ul>\n<li data-start=\"483\" data-end=\"525\">Pourquoi nous l\u2019aimons : Facilit\u00e9 de baignade et magnifiques couchers de soleil.<\/li>\n<\/ul>\n<p>&nbsp;<\/p>\n<ul>\n<li data-start=\"602\" data-end=\"658\">La plage : Excellente pour la baignade.<\/li>\n<\/ul>\n<p>&nbsp;<\/p>\n<ul>\n<li data-start=\"602\" data-end=\"658\">\u00c9quipements : Restaurants, bars et activit\u00e9s de plage.<\/li>\n<\/ul>\n<p>[\/vc_column_text][vc_empty_space][\/vc_column][vc_column offset=\u00a0\u00bbvc_col-lg-6 vc_col-md-6&Prime;][vc_empty_space][vc_single_image image=\u00a0\u00bb3883&Prime; img_size=\u00a0\u00bbfull\u00a0\u00bb alignment=\u00a0\u00bbcenter\u00a0\u00bb style=\u00a0\u00bbvc_box_rounded\u00a0\u00bb][vc_empty_space][\/vc_column][\/vc_row][vc_row][vc_column offset=\u00a0\u00bbvc_col-lg-6 vc_col-md-6&Prime;][vc_empty_space][vc_column_text css_animation=\u00a0\u00bbnone\u00a0\u00bb css=\u00a0\u00bb.vc_custom_1768383352277{padding-bottom: 0px !important;}\u00a0\u00bb]<\/p>\n<h2>Plages de Lio et au-del\u00e0<\/h2>\n<p>[\/vc_column_text][vc_empty_space height=\u00a0\u00bb24px\u00a0\u00bb][vc_column_text css_animation=\u00a0\u00bbnone\u00a0\u00bb css=\u00a0\u00bb.vc_custom_1768383613868{padding-bottom: 0px !important;}\u00a0\u00bb]<a style=\"font-size: 18px; color: #c47a50;\" href=\"https:\/\/goo.gl\/maps\/rPYSjTeBPBgq8jRm7\" rel=\"noopener\">Lio<\/a>, <a style=\"font-size: 18px; color: #c47a50;\" href=\"https:\/\/goo.gl\/maps\/WcgsrshTz4r9SbiV8\" rel=\"noopener\">Dalimatan <\/a>et <a style=\"font-size: 18px; color: #c47a50;\" href=\"https:\/\/goo.gl\/maps\/bPvzMEDvyFb69nCk7\" rel=\"noopener\">Lamoro Beach<\/a> forment une superbe \u00e9tendue de 5 km de sable blanc, bord\u00e9e de palmiers et de jungle. Cette plage est parfaite pour ceux qui souhaitent marcher plus d\u2019une heure, avec une vue imprenable sur l\u2019oc\u00e9an et la verdure environnante.<\/p>\n<p>[\/vc_column_text][vc_empty_space height=\u00a0\u00bb24px\u00a0\u00bb][vc_column_text css_animation=\u00a0\u00bbnone\u00a0\u00bb css=\u00a0\u00bb.vc_custom_1768383747603{padding-bottom: 0px !important;}\u00a0\u00bb]<\/p>\n<ul>\n<li data-start=\"418\" data-end=\"481\">Acc\u00e8s : 20\u201330 minutes de route depuis Masayana Hotel.<\/li>\n<\/ul>\n<p>&nbsp;<\/p>\n<ul>\n<li data-start=\"483\" data-end=\"525\">Pourquoi nous l\u2019aimons : Littoral d\u2019une heure de marche avec des paysages changeants.<\/li>\n<\/ul>\n<p>&nbsp;<\/p>\n<ul>\n<li data-start=\"602\" data-end=\"658\">La plage : Baignable, avec des sections allant du d\u00e9velopp\u00e9 au plus naturel. Attention aux moucherons (Niknik) !<\/li>\n<\/ul>\n<p>&nbsp;<\/p>\n<ul>\n<li data-start=\"602\" data-end=\"658\">\u00c9quipements : Restaurants, caf\u00e9s et boutiques \u00e0 Lio ; aucun service \u00e0 Dalimatan et Lamoro.<\/li>\n<\/ul>\n<p>[\/vc_column_text][vc_empty_space][\/vc_column][vc_column offset=\u00a0\u00bbvc_col-lg-6 vc_col-md-6&Prime;][vc_empty_space][vc_single_image image=\u00a0\u00bb3886&Prime; img_size=\u00a0\u00bbfull\u00a0\u00bb alignment=\u00a0\u00bbcenter\u00a0\u00bb style=\u00a0\u00bbvc_box_rounded\u00a0\u00bb][vc_empty_space][\/vc_column][\/vc_row][vc_row][vc_column offset=\u00a0\u00bbvc_col-lg-6 vc_col-md-6&Prime;][vc_empty_space][vc_column_text css_animation=\u00a0\u00bbnone\u00a0\u00bb css=\u00a0\u00bb.vc_custom_1768384287912{padding-bottom: 0px !important;}\u00a0\u00bb]<\/p>\n<h2>Plage de Nacpan<\/h2>\n<p>[\/vc_column_text][vc_empty_space height=\u00a0\u00bb24px\u00a0\u00bb][vc_column_text css_animation=\u00a0\u00bbnone\u00a0\u00bb css=\u00a0\u00bb.vc_custom_1768384597975{padding-bottom: 0px !important;}\u00a0\u00bb]<a style=\"font-size: 18px; color: #c47a50;\" href=\"https:\/\/goo.gl\/maps\/tKkPxEkuhWtmQnZ89\" rel=\"noopener\">Nacpan Beach<\/a> est une plage de quatre kilom\u00e8tres au nord d\u2019El Nido, diff\u00e9rente des plages urbaines. Sa longueur invite \u00e0 de longues promenades et \u00e0 profiter de l\u2019eau. La mer y est plus agit\u00e9e, attirant les surfeurs certains jours et permettant la baignade lorsque les conditions sont calmes. Attention aux courants et aux Niknik ![\/vc_column_text][vc_empty_space height=\u00a0\u00bb24px\u00a0\u00bb][vc_column_text css_animation=\u00a0\u00bbnone\u00a0\u00bb css=\u00a0\u00bb.vc_custom_1768384270712{padding-bottom: 0px !important;}\u00a0\u00bb]<\/p>\n<ul>\n<li data-start=\"418\" data-end=\"481\">Acc\u00e8s : 40 minutes en voiture depuis Masayana Hotel<\/li>\n<\/ul>\n<p>&nbsp;<\/p>\n<ul>\n<li data-start=\"483\" data-end=\"525\">Pourquoi nous l\u2019aimons : Littoral d\u2019une heure de marche avec des paysages changeants.<\/li>\n<\/ul>\n<p>&nbsp;<\/p>\n<ul>\n<li data-start=\"602\" data-end=\"658\">La plage : Large plage de sable. Baignable les jours calmes, vagues parfois puissantes.<\/li>\n<\/ul>\n<p>&nbsp;<\/p>\n<ul>\n<li data-start=\"602\" data-end=\"658\">\u00c9quipements : Restaurants et bars<\/li>\n<\/ul>\n<p>[\/vc_column_text][vc_empty_space][\/vc_column][vc_column offset=\u00a0\u00bbvc_col-lg-6 vc_col-md-6&Prime;][vc_empty_space][vc_single_image image=\u00a0\u00bb3876&Prime; img_size=\u00a0\u00bbfull\u00a0\u00bb alignment=\u00a0\u00bbcenter\u00a0\u00bb style=\u00a0\u00bbvc_box_rounded\u00a0\u00bb][vc_empty_space][\/vc_column][\/vc_row][vc_row][vc_column offset=\u00a0\u00bbvc_col-lg-6 vc_col-md-6&Prime;][vc_empty_space][vc_column_text css_animation=\u00a0\u00bbnone\u00a0\u00bb css=\u00a0\u00bb.vc_custom_1768384329534{padding-bottom: 0px !important;}\u00a0\u00bb]<\/p>\n<h2>Plage de Duli<\/h2>\n<p>[\/vc_column_text][vc_empty_space height=\u00a0\u00bb24px\u00a0\u00bb][vc_column_text css_animation=\u00a0\u00bbnone\u00a0\u00bb css=\u00a0\u00bb.vc_custom_1768384578679{padding-bottom: 0px !important;}\u00a0\u00bb]<a style=\"font-size: 18px; color: #c47a50;\" href=\"https:\/\/goo.gl\/maps\/6nawGyUuZ9TvsCVi9\" rel=\"noopener\">Duli Beach<\/a> se trouve au nord d\u2019El Nido et est \u00e9loign\u00e9e des zones plus anim\u00e9es. R\u00e9put\u00e9e pour sa longue courbe de sable et ses vagues r\u00e9guli\u00e8res, elle est un point de r\u00e9f\u00e9rence pour le surf. L\u2019environnement est calme et rural, avec tr\u00e8s peu de structures autour. Attention aux courants et aux Niknik ![\/vc_column_text][vc_empty_space height=\u00a0\u00bb24px\u00a0\u00bb][vc_column_text css_animation=\u00a0\u00bbnone\u00a0\u00bb css=\u00a0\u00bb.vc_custom_1768384711135{padding-bottom: 0px !important;}\u00a0\u00bb]<\/p>\n<ul>\n<li data-start=\"418\" data-end=\"481\">Acc\u00e8s : 50 minutes en voiture depuis Masayana Hotel.<\/li>\n<\/ul>\n<p>&nbsp;<\/p>\n<ul>\n<li data-start=\"483\" data-end=\"525\">Pourquoi nous l\u2019aimons : Surf puissant et environnement tranquille.<\/li>\n<\/ul>\n<p>&nbsp;<\/p>\n<ul>\n<li data-start=\"602\" data-end=\"658\">La plage : Large plage de sable avec vagues puissantes ; id\u00e9ale pour le surf, prudence pour la baignade.<\/li>\n<\/ul>\n<p>&nbsp;<\/p>\n<ul>\n<li data-start=\"602\" data-end=\"658\">\u00c9quipements : Tr\u00e8s limit\u00e9.<\/li>\n<\/ul>\n<p>[\/vc_column_text][vc_empty_space][\/vc_column][vc_column offset=\u00a0\u00bbvc_col-lg-6 vc_col-md-6&Prime;][vc_empty_space][vc_single_image image=\u00a0\u00bb3892&Prime; img_size=\u00a0\u00bbfull\u00a0\u00bb alignment=\u00a0\u00bbcenter\u00a0\u00bb style=\u00a0\u00bbvc_box_rounded\u00a0\u00bb][vc_empty_space][\/vc_column][\/vc_row][vc_row full_width=\u00a0\u00bbstretch_row\u00a0\u00bb jws_parallax=\u00a0\u00bb1&Prime; over_lay=\u00a0\u00bbrgba(255,255,255,0.73)\u00a0\u00bb css=\u00a0\u00bb.vc_custom_1768388757826{padding-top: 100px !important;padding-bottom: 100px !important;background-image: url(https:\/\/www.masayana.com\/wp-content\/uploads\/2026\/01\/Deluxe-room-Masayana-Hotel-El-Nido-5.png?id=3535) !important;background-position: center !important;background-repeat: no-repeat !important;background-size: cover !important;}\u00a0\u00bb el_class=\u00a0\u00bbpadding_01500&Prime;][vc_column css=\u00a0\u00bb.vc_custom_1513237697242{padding-right: 140px !important;padding-left: 140px !important;}\u00a0\u00bb][vc_empty_space][vc_empty_space][vc_column_text css_animation=\u00a0\u00bbnone\u00a0\u00bb css=\u00a0\u00bb.vc_custom_1768389475381{padding-bottom: 0px !important;}\u00a0\u00bb]<\/p>\n<h2>End the day at Masayana<\/h2>\n<p>[\/vc_column_text][vc_column_text css_animation=\u00a0\u00bbnone\u00a0\u00bb css=\u00a0\u00bb.vc_custom_1768389498618{padding-bottom: 0px !important;}\u00a0\u00bb]<\/p>\n<h3>Chambres confortables con\u00e7ues pour le repos apr\u00e8s du temps pass\u00e9 au bord de la mer.<\/h3>\n<p>[\/vc_column_text][vc_empty_space height=\u00a0\u00bb24px\u00a0\u00bb]        <div class=\"\">\n\t\t\t<div style=\"border-radius: 25px;     background-size: 200% auto; background-image: linear-gradient(to right,#c47a50 0%,#c47a50 51%,#c47a50 100%) !important; margin:0; width: 170px  ; height: 45px ; line-height: 45px ; text-align: center; color: #ffffff; font-size: 14px; font-weight: 500;display: block; cursor: pointer;\" class=\" button_kloud hvr-float-shadow\" onclick=\"window.location.href='https:\/\/www.masayana.com\/fr\/chambres'\" >\n                Voir les Chambres            <\/div> \n        <\/div>       \n\t\t[vc_empty_space][\/vc_column][\/vc_row]<\/p>\n<\/section>","protected":false},"excerpt":{"rendered":"<p>[vc_row full_width=\u00a0\u00bbstretch_row_content_no_spaces\u00a0\u00bb kloud_parallax=\u00a0\u00bb1&Prime; css=\u00a0\u00bb.vc_custom_1768789263493{padding-top: 300px !important;padding-bottom: 300px !important;background: #1f4e3d url(https:\/\/www.masayana.com\/wp-content\/uploads\/2026\/01\/DaracotanMasayanaHotelElNidoRooms-1.webp?id=3632) !important;background-position: center !important;background-repeat: no-repeat !important;background-size: cover !important;}\u00a0\u00bb][vc_column][\/vc_column][\/vc_row][vc_row kloud_parallax=\u00a0\u00bb1&Prime; css=\u00a0\u00bb.vc_custom_1768473753180{background-position: center !important;background-repeat: no-repeat !important;background-size: cover !important;}\u00a0\u00bb][vc_column][vc_column_text css_animation=\u00a0\u00bbnone\u00a0\u00bb css=\u00a0\u00bb.vc_custom_1768473781813{padding-bottom: 0px !important;}\u00a0\u00bb] La meilleure plage d\u2019El Nido [\/vc_column_text][vc_empty_space height=\u00a0\u00bb24px\u00a0\u00bb][vc_column_text css_animation=\u00a0\u00bbnone\u00a0\u00bb css=\u00a0\u00bb.vc_custom_1768474156185{padding-bottom: 0px !important;}\u00a0\u00bb]Il n\u2019existe pas une seule \u00ab meilleure \u00bb plage \u00e0 El Nido. Chaque plage offre un [&hellip;]<\/p>\n","protected":false},"author":1,"featured_media":3787,"parent":4279,"menu_order":0,"comment_status":"closed","ping_status":"closed","template":"","meta":{"footnotes":""},"class_list":["post-4291","page","type-page","status-publish","has-post-thumbnail","hentry"],"_links":{"self":[{"href":"https:\/\/www.masayana.com\/fr\/wp-json\/wp\/v2\/pages\/4291"}],"collection":[{"href":"https:\/\/www.masayana.com\/fr\/wp-json\/wp\/v2\/pages"}],"about":[{"href":"https:\/\/www.masayana.com\/fr\/wp-json\/wp\/v2\/types\/page"}],"author":[{"embeddable":true,"href":"https:\/\/www.masayana.com\/fr\/wp-json\/wp\/v2\/users\/1"}],"replies":[{"embeddable":true,"href":"https:\/\/www.masayana.com\/fr\/wp-json\/wp\/v2\/comments?post=4291"}],"version-history":[{"count":4,"href":"https:\/\/www.masayana.com\/fr\/wp-json\/wp\/v2\/pages\/4291\/revisions"}],"predecessor-version":[{"id":4331,"href":"https:\/\/www.masayana.com\/fr\/wp-json\/wp\/v2\/pages\/4291\/revisions\/4331"}],"up":[{"embeddable":true,"href":"https:\/\/www.masayana.com\/fr\/wp-json\/wp\/v2\/pages\/4279"}],"wp:featuredmedia":[{"embeddable":true,"href":"https:\/\/www.masayana.com\/fr\/wp-json\/wp\/v2\/media\/3787"}],"wp:attachment":[{"href":"https:\/\/www.masayana.com\/fr\/wp-json\/wp\/v2\/media?parent=4291"}],"curies":[{"name":"wp","href":"https:\/\/api.w.org\/{rel}","templated":true}]}}