{"id":4288,"date":"2026-01-12T12:50:35","date_gmt":"2026-01-12T12:50:35","guid":{"rendered":"https:\/\/www.masayana.com\/que-faire-a-el-nido\/island-hopping-a-el-nido\/"},"modified":"2026-02-16T10:25:33","modified_gmt":"2026-02-16T10:25:33","slug":"island-hopping-a-el-nido","status":"publish","type":"page","link":"https:\/\/www.masayana.com\/fr\/que-faire-a-el-nido\/island-hopping-a-el-nido\/","title":{"rendered":"Island Hopping \u00e0 El Nido"},"content":{"rendered":"<section class=\"wpb-content-wrapper\"><p>[vc_row full_width=\u00a0\u00bbstretch_row_content_no_spaces\u00a0\u00bb kloud_parallax=\u00a0\u00bb1&Prime; css=\u00a0\u00bb.vc_custom_1768355688527{padding-top: 300px !important;padding-bottom: 300px !important;background: #1f4e3d url(https:\/\/www.masayana.com\/wp-content\/uploads\/2026\/01\/IslandhoppingtourCElNidoMasayanaHotelHeader.webp?id=3856) !important;background-position: center !important;background-repeat: no-repeat !important;background-size: cover !important;}\u00a0\u00bb][vc_column][\/vc_column][\/vc_row][vc_row css=\u00a0\u00bb.vc_custom_1768353434345{padding-bottom: 32px !important;}\u00a0\u00bb][vc_column][vc_column_text css_animation=\u00a0\u00bbnone\u00a0\u00bb css=\u00a0\u00bb.vc_custom_1768353206966{padding-bottom: 0px !important;}\u00a0\u00bb]<\/p>\n<h2>Island Hopping \u00e0 El Nido<\/h2>\n<p>[\/vc_column_text][vc_empty_space height=\u00a0\u00bb24px\u00a0\u00bb][vc_column_text css_animation=\u00a0\u00bbnone\u00a0\u00bb css=\u00a0\u00bb.vc_custom_1768354608449{padding-bottom: 0px !important;}\u00a0\u00bb]El Nido est r\u00e9put\u00e9 pour ses excursions d\u2019island hopping, l\u2019un des moyens les plus courants pour explorer les \u00eeles, plages et formations calcaires environnantes. Quatre circuits standard sont propos\u00e9s \u00e0 El Nido, chacun suivant un itin\u00e9raire diff\u00e9rent et mettant en valeur des sites sp\u00e9cifiques. Voici un aper\u00e7u simple de ce que chaque tour comprend.[\/vc_column_text][\/vc_column][\/vc_row][vc_row][vc_column offset=\u00a0\u00bbvc_col-lg-6 vc_col-md-6&Prime;][vc_empty_space][vc_column_text css_animation=\u00a0\u00bbnone\u00a0\u00bb css=\u00a0\u00bb.vc_custom_1768354448921{padding-bottom: 0px !important;}\u00a0\u00bb]<\/p>\n<h2>Tour A<\/h2>\n<p>[\/vc_column_text][vc_empty_space height=\u00a0\u00bb24px\u00a0\u00bb][vc_column_text css_animation=\u00a0\u00bbnone\u00a0\u00bb css=\u00a0\u00bb.vc_custom_1768354459536{padding-bottom: 0px !important;}\u00a0\u00bb]Le Tour A est un choix fr\u00e9quent pour les visiteurs d\u00e9butants, couvrant certaines des lagunes et \u00eeles les plus connues d\u2019El Nido. L\u2019itin\u00e9raire inclut Big Lagoon, Secret Lagoon, avec un arr\u00eat \u00e0 Shimizu Island pour le snorkeling et Seven Commando Beach, offrant du temps pour le kayak ou la baignade, ainsi qu\u2019un moment de repos au bord de la plage avant le retour.[\/vc_column_text][vc_empty_space][\/vc_column][vc_column offset=\u00a0\u00bbvc_col-lg-6 vc_col-md-6&Prime;][vc_empty_space][vc_single_image image=\u00a0\u00bb3864&Prime; img_size=\u00a0\u00bbfull\u00a0\u00bb alignment=\u00a0\u00bbcenter\u00a0\u00bb style=\u00a0\u00bbvc_box_rounded\u00a0\u00bb][vc_empty_space][\/vc_column][\/vc_row][vc_row][vc_column offset=\u00a0\u00bbvc_col-lg-6 vc_col-md-6&Prime;][vc_column_text css_animation=\u00a0\u00bbnone\u00a0\u00bb css=\u00a0\u00bb.vc_custom_1768354915837{padding-bottom: 0px !important;}\u00a0\u00bb]<\/p>\n<h2>Tour B<\/h2>\n<p>[\/vc_column_text][vc_empty_space height=\u00a0\u00bb24px\u00a0\u00bb][vc_column_text css_animation=\u00a0\u00bbnone\u00a0\u00bb css=\u00a0\u00bb.vc_custom_1768354974391{padding-bottom: 0px !important;}\u00a0\u00bb]Le Tour B explore un c\u00f4t\u00e9 plus isol\u00e9 d\u2019El Nido. Marchez sur le banc de sable naturel de Snake Island \u00e0 mar\u00e9e basse, traversez les passages \u00e9troits de la grotte Cudugnon, et arr\u00eatez-vous \u00e0 Pinagbuyutan Island avec son sable blanc et doux. Le tour se poursuit vers Entalula Island, r\u00e9put\u00e9e pour ses eaux claires et son snorkeling de qualit\u00e9.[\/vc_column_text][vc_empty_space][\/vc_column][vc_column offset=\u00a0\u00bbvc_col-lg-6 vc_col-md-6&Prime;][vc_single_image image=\u00a0\u00bb3853&Prime; img_size=\u00a0\u00bbfull\u00a0\u00bb alignment=\u00a0\u00bbcenter\u00a0\u00bb style=\u00a0\u00bbvc_box_rounded\u00a0\u00bb][vc_empty_space][\/vc_column][\/vc_row][vc_row][vc_column offset=\u00a0\u00bbvc_col-lg-6 vc_col-md-6&Prime;][vc_column_text css_animation=\u00a0\u00bbnone\u00a0\u00bb css=\u00a0\u00bb.vc_custom_1768354990446{padding-bottom: 0px !important;}\u00a0\u00bb]<\/p>\n<h2>Tour C<\/h2>\n<p>[\/vc_column_text][vc_empty_space height=\u00a0\u00bb24px\u00a0\u00bb][vc_column_text css_animation=\u00a0\u00bbnone\u00a0\u00bb css=\u00a0\u00bb.vc_custom_1768355041356{padding-bottom: 0px !important;}\u00a0\u00bb]Le Tour C met en valeur des falaises calcaires spectaculaires et des paysages marins ouverts. Visitez le sanctuaire de Matinloc et Tapiutan Island, nagez dans la crique cach\u00e9e de Secret Beach et passez devant la silhouette remarquable de Helicopter Island. Le tour se termine \u00e0 Star Beach, connue pour ses eaux claires et son sable p\u00e2le.[\/vc_column_text][vc_empty_space][\/vc_column][vc_column offset=\u00a0\u00bbvc_col-lg-6 vc_col-md-6&Prime;][vc_single_image image=\u00a0\u00bb3859&Prime; img_size=\u00a0\u00bbfull\u00a0\u00bb alignment=\u00a0\u00bbcenter\u00a0\u00bb style=\u00a0\u00bbvc_box_rounded\u00a0\u00bb][vc_empty_space][\/vc_column][\/vc_row][vc_row][vc_column offset=\u00a0\u00bbvc_col-lg-6 vc_col-md-6&Prime;][vc_column_text css_animation=\u00a0\u00bbnone\u00a0\u00bb css=\u00a0\u00bb.vc_custom_1768355436717{padding-bottom: 0px !important;}\u00a0\u00bb]<\/p>\n<h2>Tour D<\/h2>\n<p>[\/vc_column_text][vc_empty_space height=\u00a0\u00bb24px\u00a0\u00bb][vc_column_text css_animation=\u00a0\u00bbnone\u00a0\u00bb css=\u00a0\u00bb.vc_custom_1768355891962{padding-bottom: 0px !important;}\u00a0\u00bb]Le Tour D visite des coins plus tranquilles d\u2019El Nido. Arr\u00eatez-vous \u00e0 Natnat Beach sous les falaises calcaires, explorez les eaux riches en coraux de Bukal Island et promenez-vous sur le sable blanc de Paradise Beach. La visite se conclut \u00e0 Cadlao Lagoon, la magnifique lagune que l\u2019on aper\u00e7oit sur le chemin de Masayana, une \u00e9tendue calme d\u2019eau entour\u00e9e de verdure, id\u00e9ale pour la baignade ou le kayak.[\/vc_column_text][vc_empty_space][\/vc_column][vc_column offset=\u00a0\u00bbvc_col-lg-6 vc_col-md-6&Prime;][vc_single_image image=\u00a0\u00bb3850&Prime; img_size=\u00a0\u00bbfull\u00a0\u00bb alignment=\u00a0\u00bbcenter\u00a0\u00bb style=\u00a0\u00bbvc_box_rounded\u00a0\u00bb][vc_empty_space][\/vc_column][\/vc_row][vc_row full_width=\u00a0\u00bbstretch_row\u00a0\u00bb jws_parallax=\u00a0\u00bb1&Prime; over_lay=\u00a0\u00bbrgba(255,255,255,0.73)\u00a0\u00bb el_class=\u00a0\u00bbpadding_01500&Prime;][vc_column css=\u00a0\u00bb.vc_custom_1513237697242{padding-right: 140px !important;padding-left: 140px !important;}\u00a0\u00bb][vc_column_text css_animation=\u00a0\u00bbnone\u00a0\u00bb css=\u00a0\u00bb.vc_custom_1768379277701{padding-bottom: 0px !important;}\u00a0\u00bb]<\/p>\n<p data-start=\"86\" data-end=\"324\">Tous les tours sont disponibles en version priv\u00e9e ou partag\u00e9e. Les tours priv\u00e9s offrent plus d\u2019espace et de flexibilit\u00e9, tandis que les tours partag\u00e9s sont plus abordables. La plupart des excursions utilisent des <em data-start=\"256\" data-end=\"264\">bangkas <\/em>traditionnelles, avec des bateaux rapides pour une exp\u00e9rience plus rapide. <a style=\"font-size: 18px;\" href=\"https:\/\/www.masayana.com\/fr\/contact\/\">Nous vous aidons volontiers \u00e0 choisir et organiser le tour<\/a> qui correspond le mieux \u00e0 votre s\u00e9jour \u00e0 El Nido.<\/p>\n<p>[\/vc_column_text][vc_empty_space][\/vc_column][\/vc_row][vc_row full_width=\u00a0\u00bbstretch_row\u00a0\u00bb jws_parallax=\u00a0\u00bb1&Prime; over_lay=\u00a0\u00bbrgba(255,255,255,0.73)\u00a0\u00bb css=\u00a0\u00bb.vc_custom_1768295756472{padding-top: 100px !important;padding-bottom: 100px !important;background-image: url(https:\/\/www.masayana.com\/wp-content\/uploads\/2026\/01\/PoolBarMasayanahotelElnido.webp?id=3834) !important;background-position: center !important;background-repeat: no-repeat !important;background-size: cover !important;}\u00a0\u00bb el_class=\u00a0\u00bbpadding_01500&Prime;][vc_column css=\u00a0\u00bb.vc_custom_1513237697242{padding-right: 140px !important;padding-left: 140px !important;}\u00a0\u00bb][vc_empty_space][vc_empty_space][vc_column_text css_animation=\u00a0\u00bbnone\u00a0\u00bb css=\u00a0\u00bb.vc_custom_1768296685769{padding-bottom: 0px !important;}\u00a0\u00bb]<\/p>\n<h2 style=\"color: #f3eee7;\">Bar de la piscine Masayana<\/h2>\n<p>[\/vc_column_text][vc_column_text css_animation=\u00a0\u00bbnone\u00a0\u00bb css=\u00a0\u00bb.vc_custom_1768357156678{padding-bottom: 0px !important;}\u00a0\u00bb]<\/p>\n<h3 style=\"color: #f3eee7;\">Boissons au bord de la piscine, une pause rafra\u00eechissante apr\u00e8s une excursion d\u2019island hopping \u00e0 El Nido.<\/h3>\n<p>[\/vc_column_text][vc_empty_space height=\u00a0\u00bb24px\u00a0\u00bb]        <div class=\"\">\n\t\t\t<div style=\"border-radius: 25px;     background-size: 200% auto; background-image: linear-gradient(to right,#c47a50 0%,#c47a50 51%,#c47a50 100%) !important; margin:0; width: 170px  ; height: 45px ; line-height: 45px ; text-align: center; color: #ffffff; font-size: 14px; font-weight: 500;display: block; cursor: pointer;\" class=\" button_kloud hvr-float-shadow\" onclick=\"window.location.href='https:\/\/www.masayana.com\/fr\/chambres'\" >\n                Voir les chambres            <\/div> \n        <\/div>       \n\t\t[vc_empty_space][\/vc_column][\/vc_row]<\/p>\n<\/section>","protected":false},"excerpt":{"rendered":"<p>[vc_row full_width=\u00a0\u00bbstretch_row_content_no_spaces\u00a0\u00bb kloud_parallax=\u00a0\u00bb1&Prime; css=\u00a0\u00bb.vc_custom_1768355688527{padding-top: 300px !important;padding-bottom: 300px !important;background: #1f4e3d url(https:\/\/www.masayana.com\/wp-content\/uploads\/2026\/01\/IslandhoppingtourCElNidoMasayanaHotelHeader.webp?id=3856) !important;background-position: center !important;background-repeat: no-repeat !important;background-size: cover !important;}\u00a0\u00bb][vc_column][\/vc_column][\/vc_row][vc_row css=\u00a0\u00bb.vc_custom_1768353434345{padding-bottom: 32px !important;}\u00a0\u00bb][vc_column][vc_column_text css_animation=\u00a0\u00bbnone\u00a0\u00bb css=\u00a0\u00bb.vc_custom_1768353206966{padding-bottom: 0px !important;}\u00a0\u00bb] Island Hopping \u00e0 El Nido [\/vc_column_text][vc_empty_space height=\u00a0\u00bb24px\u00a0\u00bb][vc_column_text css_animation=\u00a0\u00bbnone\u00a0\u00bb css=\u00a0\u00bb.vc_custom_1768354608449{padding-bottom: 0px !important;}\u00a0\u00bb]El Nido est r\u00e9put\u00e9 pour ses excursions d\u2019island hopping, l\u2019un des moyens les plus courants pour explorer les \u00eeles, plages et [&hellip;]<\/p>\n","protected":false},"author":1,"featured_media":3570,"parent":4279,"menu_order":0,"comment_status":"closed","ping_status":"closed","template":"","meta":{"footnotes":""},"class_list":["post-4288","page","type-page","status-publish","has-post-thumbnail","hentry"],"_links":{"self":[{"href":"https:\/\/www.masayana.com\/fr\/wp-json\/wp\/v2\/pages\/4288"}],"collection":[{"href":"https:\/\/www.masayana.com\/fr\/wp-json\/wp\/v2\/pages"}],"about":[{"href":"https:\/\/www.masayana.com\/fr\/wp-json\/wp\/v2\/types\/page"}],"author":[{"embeddable":true,"href":"https:\/\/www.masayana.com\/fr\/wp-json\/wp\/v2\/users\/1"}],"replies":[{"embeddable":true,"href":"https:\/\/www.masayana.com\/fr\/wp-json\/wp\/v2\/comments?post=4288"}],"version-history":[{"count":4,"href":"https:\/\/www.masayana.com\/fr\/wp-json\/wp\/v2\/pages\/4288\/revisions"}],"predecessor-version":[{"id":4327,"href":"https:\/\/www.masayana.com\/fr\/wp-json\/wp\/v2\/pages\/4288\/revisions\/4327"}],"up":[{"embeddable":true,"href":"https:\/\/www.masayana.com\/fr\/wp-json\/wp\/v2\/pages\/4279"}],"wp:featuredmedia":[{"embeddable":true,"href":"https:\/\/www.masayana.com\/fr\/wp-json\/wp\/v2\/media\/3570"}],"wp:attachment":[{"href":"https:\/\/www.masayana.com\/fr\/wp-json\/wp\/v2\/media?parent=4288"}],"curies":[{"name":"wp","href":"https:\/\/api.w.org\/{rel}","templated":true}]}}