{"id":4285,"date":"2026-01-12T12:55:49","date_gmt":"2026-01-12T12:55:49","guid":{"rendered":"https:\/\/www.masayana.com\/que-faire-a-el-nido\/activities-in-el-nido\/"},"modified":"2026-02-16T10:27:38","modified_gmt":"2026-02-16T10:27:38","slug":"activities-in-el-nido","status":"publish","type":"page","link":"https:\/\/www.masayana.com\/fr\/que-faire-a-el-nido\/activities-in-el-nido\/","title":{"rendered":"Activities in El Nido"},"content":{"rendered":"<section class=\"wpb-content-wrapper\"><p>[vc_row full_width=\u00a0\u00bbstretch_row_content_no_spaces\u00a0\u00bb kloud_parallax=\u00a0\u00bb1&Prime; css=\u00a0\u00bb.vc_custom_1768564147389{padding-top: 200px !important;padding-bottom: 200px !important;background: #1f4e3d url(https:\/\/www.masayana.com\/wp-content\/uploads\/2026\/01\/ActivitiesHeader.webp?id=3954) !important;background-position: center !important;background-repeat: no-repeat !important;background-size: cover !important;}\u00a0\u00bb][vc_column][\/vc_column][\/vc_row][vc_row css=\u00a0\u00bb.vc_custom_1681967068330{padding-top: 32px !important;padding-bottom: 32px !important;}\u00a0\u00bb][vc_column][vc_column_text]<\/p>\n<h2>Bouger, explorer et ralentir<\/h2>\n<p>[\/vc_column_text][vc_empty_space height=\u00a0\u00bb24px\u00a0\u00bb][vc_column_text]El Nido propose de nombreuses activit\u00e9s comme l\u2019island hopping, les plages tranquilles, les cascades cach\u00e9es, les r\u00e9cifs coralliens, les grottes et les c\u00f4tes ouvertes fa\u00e7onn\u00e9es par le vent et la mer. D\u00e8s que vous vous sentez pr\u00eat \u00e0 explorer, faites-le nous savoir \u2014 nous vous aiderons \u00e0 organiser l\u2019exp\u00e9rience.[\/vc_column_text][\/vc_column][\/vc_row][vc_row][vc_column offset=\u00a0\u00bbvc_col-lg-6 vc_col-md-6&Prime;][vc_column_text css_animation=\u00a0\u00bbnone\u00a0\u00bb css=\u00a0\u00bb.vc_custom_1768561221591{padding-bottom: 0px !important;}\u00a0\u00bb]<\/p>\n<h2>Balade dans la canop\u00e9e<\/h2>\n<p>[\/vc_column_text][vc_empty_space height=\u00a0\u00bb24px\u00a0\u00bb][vc_column_text css_animation=\u00a0\u00bbnone\u00a0\u00bb css=\u00a0\u00bb.vc_custom_1768561235823{padding-bottom: 0px !important;}\u00a0\u00bb]La balade dans la canop\u00e9e \u00e0 <span class=\"hover:entity-accent entity-underline inline cursor-pointer align-baseline\"><span class=\"whitespace-normal\">El Nido<\/span><\/span> offre un moyen doux d\u2019observer le paysage d\u2019en haut. Suspendu au-dessus des cimes des arbres, le chemin offre une vue panoramique sur les collines bois\u00e9es et les montagnes environnantes.[\/vc_column_text][vc_empty_space height=\u00a0\u00bb24px\u00a0\u00bb][vc_column_text css_animation=\u00a0\u00bbnone\u00a0\u00bb css=\u00a0\u00bb.vc_custom_1768561246431{padding-bottom: 0px !important;}\u00a0\u00bb]La promenade dure environ 30 minutes, avec plusieurs points de vue le long du parcours \u2014 une exp\u00e9rience tranquille, fa\u00e7onn\u00e9e par la hauteur, l\u2019espace et la perspective.[\/vc_column_text][vc_empty_space][\/vc_column][vc_column offset=\u00a0\u00bbvc_col-lg-6 vc_col-md-6&Prime;][vc_single_image image=\u00a0\u00bb3920&Prime; img_size=\u00a0\u00bbfull\u00a0\u00bb alignment=\u00a0\u00bbcenter\u00a0\u00bb style=\u00a0\u00bbvc_box_rounded\u00a0\u00bb][vc_empty_space][\/vc_column][\/vc_row][vc_row][vc_column offset=\u00a0\u00bbvc_col-lg-6 vc_col-md-6&Prime;][vc_column_text css_animation=\u00a0\u00bbnone\u00a0\u00bb css=\u00a0\u00bb.vc_custom_1768562027236{padding-bottom: 0px !important;}\u00a0\u00bb]<\/p>\n<h2>Grotte Ille<\/h2>\n<p>[\/vc_column_text][vc_empty_space height=\u00a0\u00bb24px\u00a0\u00bb][vc_column_text css_animation=\u00a0\u00bbnone\u00a0\u00bb css=\u00a0\u00bb.vc_custom_1768562159131{padding-bottom: 0px !important;}\u00a0\u00bb]<a style=\"font-size: 18px; color: #c47a50;\" href=\"https:\/\/maps.app.goo.gl\/gtGyd6AorEkHc8QRA\" rel=\"noopener\">La grotte Ille<\/a>, situ\u00e9e dans la paisible <span class=\"hover:entity-accent entity-underline inline cursor-pointer align-baseline\"><span class=\"whitespace-normal\">vall\u00e9e de Dewil<\/span><\/span>, est un site \u00e0 la fois naturel et arch\u00e9ologique. Les vestiges trouv\u00e9s ici t\u00e9moignent de la pr\u00e9sence humaine dans la r\u00e9gion il y a plus de 12 000 ans, offrant un rare lien avec le pass\u00e9 lointain d\u2019El Nido.[\/vc_column_text][vc_empty_space height=\u00a0\u00bb24px\u00a0\u00bb][vc_column_text css_animation=\u00a0\u00bbnone\u00a0\u00bb css=\u00a0\u00bb.vc_custom_1768562168506{padding-bottom: 0px !important;}\u00a0\u00bb]Les visiteurs explorent la grotte \u00e0 travers ses chambres naturelles, avec des panneaux d\u2019information simples tout au long du parcours. Une lampe de poche est recommand\u00e9e, car certaines zones sont sombres et irr\u00e9guli\u00e8res, et l\u2019exp\u00e9rience invite \u00e0 se d\u00e9placer lentement et en pleine conscience \u00e0 travers des formations rocheuses fa\u00e7onn\u00e9es sur des milliers d\u2019ann\u00e9es.[\/vc_column_text][vc_empty_space][\/vc_column][vc_column offset=\u00a0\u00bbvc_col-lg-6 vc_col-md-6&Prime;][vc_single_image image=\u00a0\u00bb3948&Prime; img_size=\u00a0\u00bbfull\u00a0\u00bb alignment=\u00a0\u00bbcenter\u00a0\u00bb style=\u00a0\u00bbvc_box_rounded\u00a0\u00bb][vc_empty_space][\/vc_column][\/vc_row][vc_row][vc_column offset=\u00a0\u00bbvc_col-lg-6 vc_col-md-6&Prime;][vc_column_text css_animation=\u00a0\u00bbnone\u00a0\u00bb css=\u00a0\u00bb.vc_custom_1768561875620{padding-bottom: 0px !important;}\u00a0\u00bb]<\/p>\n<h2>Kayak<\/h2>\n<p>[\/vc_column_text][vc_empty_space height=\u00a0\u00bb24px\u00a0\u00bb][vc_column_text css_animation=\u00a0\u00bbnone\u00a0\u00bb css=\u00a0\u00bb.vc_custom_1768561993077{padding-bottom: 0px !important;}\u00a0\u00bb]Le kayak \u00e0 El Nido peut se pratiquer depuis le rivage vers les \u00eeles voisines ou le long des eaux calmes de la <span class=\"hover:entity-accent entity-underline inline cursor-pointer align-baseline\"><span class=\"whitespace-normal\">rivi\u00e8re Lio<\/span><\/span>. Les deux offrent un moyen doux de parcourir le paysage, que ce soit en pleine mer ou au milieu des mangroves tranquilles.[\/vc_column_text][vc_empty_space height=\u00a0\u00bb24px\u00a0\u00bb][vc_column_text css_animation=\u00a0\u00bbnone\u00a0\u00bb css=\u00a0\u00bb.vc_custom_1768562003195{padding-bottom: 0px !important;}\u00a0\u00bb]Nous recommandons de rester attentif aux conditions de vent et de m\u00e9t\u00e9o avant de partir.[\/vc_column_text][vc_empty_space][\/vc_column][vc_column offset=\u00a0\u00bbvc_col-lg-6 vc_col-md-6&Prime;][vc_single_image image=\u00a0\u00bb3923&Prime; img_size=\u00a0\u00bbfull\u00a0\u00bb alignment=\u00a0\u00bbcenter\u00a0\u00bb style=\u00a0\u00bbvc_box_rounded\u00a0\u00bb][vc_empty_space][\/vc_column][\/vc_row][vc_row][vc_column offset=\u00a0\u00bbvc_col-lg-6 vc_col-md-6&Prime;][vc_column_text css_animation=\u00a0\u00bbnone\u00a0\u00bb css=\u00a0\u00bb.vc_custom_1768561694686{padding-bottom: 0px !important;}\u00a0\u00bb]<\/p>\n<h2>Kitesurf<\/h2>\n<p>[\/vc_column_text][vc_empty_space height=\u00a0\u00bb24px\u00a0\u00bb][vc_column_text css_animation=\u00a0\u00bbnone\u00a0\u00bb css=\u00a0\u00bb.vc_custom_1768561720981{padding-bottom: 0px !important;}\u00a0\u00bb]Sibaltan et Teneguiban sont deux des endroits les plus adapt\u00e9s pour le kitesurf autour d\u2019El Nido. Les c\u00f4tes ouvertes, les vents constants et les eaux calmes cr\u00e9ent des conditions id\u00e9ales pour les d\u00e9butants comme pour les pratiquants exp\u00e9riment\u00e9s.[\/vc_column_text][vc_empty_space height=\u00a0\u00bb24px\u00a0\u00bb][vc_column_text css_animation=\u00a0\u00bbnone\u00a0\u00bb css=\u00a0\u00bb.vc_custom_1768561847134{padding-bottom: 0px !important;}\u00a0\u00bb]\u00c0 Teneguiban, <a style=\"font-size: 18px; color: #c47a50;\">Amihan Kite Windsurf Cafe<\/a>, \u00e9cole locale de kitesurf, propose des cours et la location de mat\u00e9riel, permettant d\u2019apprendre ou de pratiquer \u00e0 un rythme confortable. La meilleure saison pour le kitesurf s\u2019\u00e9tend g\u00e9n\u00e9ralement de novembre \u00e0 avril.[\/vc_column_text][vc_empty_space height=\u00a0\u00bb24px\u00a0\u00bb][vc_column_text css_animation=\u00a0\u00bbnone\u00a0\u00bb css=\u00a0\u00bb.vc_custom_1768561624932{padding-bottom: 0px !important;}\u00a0\u00bb]<a style=\"font-size: 18px; color: #c47a50;\" href=\"https:\/\/goo.gl\/maps\/2Xnf2kAfhDY5MLsH6\" rel=\"noopener\">Bulalacao Waterfalls<\/a>, \u00e0 <span class=\"hover:entity-accent entity-underline inline cursor-pointer align-baseline\"><span class=\"whitespace-normal\">Barangay Bucana<\/span><\/span>, plus isol\u00e9e. Accessible apr\u00e8s une courte marche \u00e0 travers une v\u00e9g\u00e9tation luxuriante, sa haute cascade et son atmosph\u00e8re tranquille en font une visite paisible et gratifiante.<\/p>\n<p>[\/vc_column_text][vc_empty_space][\/vc_column][vc_column offset=\u00a0\u00bbvc_col-lg-6 vc_col-md-6&Prime;][vc_single_image image=\u00a0\u00bb3951&Prime; img_size=\u00a0\u00bbfull\u00a0\u00bb alignment=\u00a0\u00bbcenter\u00a0\u00bb style=\u00a0\u00bbvc_box_rounded\u00a0\u00bb][vc_empty_space][\/vc_column][\/vc_row][vc_row][vc_column offset=\u00a0\u00bbvc_col-lg-6 vc_col-md-6&Prime;][vc_column_text css_animation=\u00a0\u00bbnone\u00a0\u00bb css=\u00a0\u00bb.vc_custom_1768562213027{padding-bottom: 0px !important;}\u00a0\u00bb]<\/p>\n<h2>Mangrove tour<\/h2>\n<p>[\/vc_column_text][vc_empty_space height=\u00a0\u00bb24px\u00a0\u00bb][vc_column_text css_animation=\u00a0\u00bbnone\u00a0\u00bb css=\u00a0\u00bb.vc_custom_1768562354188{padding-bottom: 0px !important;}\u00a0\u00bb]Le <a style=\"font-size: 18px; color: #c47a50;\" href=\"https:\/\/share.google\/lsUJHZ1oHSAFPfBIt\" rel=\"noopener\">Dewil Eco Mangrove Tour<\/a> se d\u00e9roule dans le calme de la <span class=\"hover:entity-accent entity-underline inline cursor-pointer align-baseline\"><span class=\"whitespace-normal\">vall\u00e9e de Dewil<\/span><\/span> et se fait en petites bangkas traditionnelles, avec un maximum de quatre participants. Le rythme lent et les eaux calmes offrent une mani\u00e8re paisible de d\u00e9couvrir les mangroves.[\/vc_column_text][vc_empty_space height=\u00a0\u00bb24px\u00a0\u00bb][vc_column_text css_animation=\u00a0\u00bbnone\u00a0\u00bb css=\u00a0\u00bb.vc_custom_1768562364657{padding-bottom: 0px !important;}\u00a0\u00bb]Guid\u00e9 par la communaut\u00e9 locale, le tour soutient la conservation et les moyens de subsistance locaux tout en offrant un contact doux avec la nature.[\/vc_column_text][vc_empty_space][\/vc_column][vc_column offset=\u00a0\u00bbvc_col-lg-6 vc_col-md-6&Prime;][vc_single_image image=\u00a0\u00bb3941&Prime; img_size=\u00a0\u00bbfull\u00a0\u00bb alignment=\u00a0\u00bbcenter\u00a0\u00bb style=\u00a0\u00bbvc_box_rounded\u00a0\u00bb][vc_empty_space][\/vc_column][\/vc_row][vc_row][vc_column offset=\u00a0\u00bbvc_col-lg-6 vc_col-md-6&Prime;][vc_column_text css_animation=\u00a0\u00bbnone\u00a0\u00bb css=\u00a0\u00bb.vc_custom_1768561040544{padding-bottom: 0px !important;}\u00a0\u00bb]<\/p>\n<h2>Observation des raies manta<\/h2>\n<p>[\/vc_column_text][vc_empty_space height=\u00a0\u00bb24px\u00a0\u00bb][vc_column_text css_animation=\u00a0\u00bbnone\u00a0\u00bb css=\u00a0\u00bb.vc_custom_1768561128465{padding-bottom: 0px !important;}\u00a0\u00bb]Dans le paisible village de p\u00eacheurs de <span class=\"hover:entity-accent entity-underline inline cursor-pointer align-baseline\"><span class=\"whitespace-normal\">Sibaltan<\/span><\/span>, l\u2019observation des raies manta permet une rencontre respectueuse avec ces raies de r\u00e9cif, connues pour leur envergure et leurs mouvements gracieux. Le snorkeling se fait \u00e0 distance respectueuse, permettant \u00e0 ces g\u00e9ants calmes de se d\u00e9placer librement dans leur environnement naturel.[\/vc_column_text][vc_empty_space height=\u00a0\u00bb24px\u00a0\u00bb][vc_column_text css_animation=\u00a0\u00bbnone\u00a0\u00bb css=\u00a0\u00bb.vc_custom_1768561138674{padding-bottom: 0px !important;}\u00a0\u00bb]Cette exp\u00e9rience saisonni\u00e8re est optimale d\u2019avril \u00e0 d\u00e9cembre, id\u00e9ale pour ceux qui recherchent des moments calmes dans la nature.[\/vc_column_text][vc_empty_space][\/vc_column][vc_column offset=\u00a0\u00bbvc_col-lg-6 vc_col-md-6&Prime;][vc_single_image image=\u00a0\u00bb3929&Prime; img_size=\u00a0\u00bbfull\u00a0\u00bb alignment=\u00a0\u00bbcenter\u00a0\u00bb style=\u00a0\u00bbvc_box_rounded\u00a0\u00bb][vc_empty_space][\/vc_column][\/vc_row][vc_row][vc_column offset=\u00a0\u00bbvc_col-lg-6 vc_col-md-6&Prime;][vc_column_text css_animation=\u00a0\u00bbnone\u00a0\u00bb css=\u00a0\u00bb.vc_custom_1768560077861{padding-bottom: 0px !important;}\u00a0\u00bb]<\/p>\n<h2>Plong\u00e9e sous-marine<\/h2>\n<p>[\/vc_column_text][vc_empty_space height=\u00a0\u00bb24px\u00a0\u00bb][vc_column_text css_animation=\u00a0\u00bbnone\u00a0\u00bb css=\u00a0\u00bb.vc_custom_1768560249685{padding-bottom: 0px !important;}\u00a0\u00bb]Sous la surface, El Nido r\u00e9v\u00e8le des eaux claires, des r\u00e9cifs coralliens color\u00e9s et une vie marine abondante. Adapt\u00e9e aux d\u00e9butants comme aux plongeurs exp\u00e9riment\u00e9s, la plong\u00e9e offre une mani\u00e8re calme et m\u00e9morable de se connecter \u00e0 la mer.[\/vc_column_text][vc_empty_space][\/vc_column][vc_column offset=\u00a0\u00bbvc_col-lg-6 vc_col-md-6&Prime;][vc_single_image image=\u00a0\u00bb3932&Prime; img_size=\u00a0\u00bbfull\u00a0\u00bb alignment=\u00a0\u00bbcenter\u00a0\u00bb style=\u00a0\u00bbvc_box_rounded\u00a0\u00bb][vc_empty_space][\/vc_column][\/vc_row][vc_row][vc_column offset=\u00a0\u00bbvc_col-lg-6 vc_col-md-6&Prime;][vc_column_text css_animation=\u00a0\u00bbnone\u00a0\u00bb css=\u00a0\u00bb.vc_custom_1768560366499{padding-bottom: 0px !important;}\u00a0\u00bb]<\/p>\n<h2>Surf<\/h2>\n<p>[\/vc_column_text][vc_empty_space height=\u00a0\u00bb24px\u00a0\u00bb][vc_column_text css_animation=\u00a0\u00bbnone\u00a0\u00bb css=\u00a0\u00bb.vc_custom_1768561503844{padding-bottom: 0px !important;}\u00a0\u00bb]Le surf \u00e0 El Nido varie selon les saisons. De novembre \u00e0 avril, les vents et les vagues r\u00e9guliers cr\u00e9ent des conditions id\u00e9ales sur les plages voisines comme <a style=\"font-size: 18px; color: #c47a50;\" href=\"https:\/\/www.masayana.com\/things-to-do-in-el-nido\/the-best-beach-of-el-nido\/\"><span class=\"hover:entity-accent entity-underline inline cursor-pointer align-baseline\"><span class=\"whitespace-normal\">Lio Beach<\/span><\/span>, <span class=\"hover:entity-accent entity-underline inline cursor-pointer align-baseline\"><span class=\"whitespace-normal\">Duli Beach<\/span><\/span> et <span class=\"hover:entity-accent entity-underline inline cursor-pointer align-baseline\"><span class=\"whitespace-normal\">Nacpan Beach<\/span><\/span>.<\/a>[\/vc_column_text][vc_empty_space height=\u00a0\u00bb24px\u00a0\u00bb][vc_column_text css_animation=\u00a0\u00bbnone\u00a0\u00bb css=\u00a0\u00bb.vc_custom_1768560947824{padding-bottom: 0px !important;}\u00a0\u00bb]<br \/>\nLio Beach est adapt\u00e9e aux d\u00e9butants, avec des vagues douces et un cadre d\u00e9tendu. Duli Beach offre une exp\u00e9rience plus calme, connue pour son surf r\u00e9gulier et ses paysages ouverts, tandis que Nacpan Beach est appr\u00e9ci\u00e9e pour ses longues vagues, id\u00e9ales pour longboards et shortboards.[\/vc_column_text][vc_empty_space][\/vc_column][vc_column offset=\u00a0\u00bbvc_col-lg-6 vc_col-md-6&Prime;][vc_single_image image=\u00a0\u00bb3935&Prime; img_size=\u00a0\u00bbfull\u00a0\u00bb alignment=\u00a0\u00bbcenter\u00a0\u00bb style=\u00a0\u00bbvc_box_rounded\u00a0\u00bb][vc_empty_space][\/vc_column][\/vc_row][vc_row][vc_column offset=\u00a0\u00bbvc_col-lg-6 vc_col-md-6&Prime;][vc_column_text css_animation=\u00a0\u00bbnone\u00a0\u00bb css=\u00a0\u00bb.vc_custom_1768562469618{padding-bottom: 0px !important;}\u00a0\u00bb]<\/p>\n<h2>Tourisme villageois<\/h2>\n<p>[\/vc_column_text][vc_empty_space height=\u00a0\u00bb24px\u00a0\u00bb][vc_column_text css_animation=\u00a0\u00bbnone\u00a0\u00bb css=\u00a0\u00bb.vc_custom_1768562485738{padding-bottom: 0px !important;}\u00a0\u00bb]Le tourisme villageois permet de se connecter en douceur avec la vie locale \u00e0 El Nido. Visiter les communaut\u00e9s rurales soutient l\u2019\u00e9conomie locale et offre l\u2019occasion de d\u00e9couvrir les rythmes quotidiens, les traditions et l\u2019environnement naturel.[\/vc_column_text][vc_empty_space height=\u00a0\u00bb24px\u00a0\u00bb][vc_column_text css_animation=\u00a0\u00bbnone\u00a0\u00bb css=\u00a0\u00bb.vc_custom_1768562502409{padding-bottom: 0px !important;}\u00a0\u00bb]Des villages comme <span class=\"hover:entity-accent entity-underline inline cursor-pointer align-baseline\"><span class=\"whitespace-normal\">Bucana<\/span><\/span>, <span class=\"hover:entity-accent entity-underline inline cursor-pointer align-baseline\"><span class=\"whitespace-normal\">Sibaltan <\/span><\/span>et <span class=\"hover:entity-accent entity-underline inline cursor-pointer align-baseline\"><span class=\"whitespace-normal\">New Ibajay<\/span><\/span> invitent \u00e0 une exploration tranquille \u2014 des communaut\u00e9s de p\u00eacheurs et des mangroves aux techniques traditionnelles de tissage avec fibres naturelles. Ces exp\u00e9riences cr\u00e9ent des \u00e9changes significatifs pour les visiteurs et la communaut\u00e9 locale.[\/vc_column_text][vc_empty_space][\/vc_column][vc_column offset=\u00a0\u00bbvc_col-lg-6 vc_col-md-6&Prime;][vc_single_image image=\u00a0\u00bb3944&Prime; img_size=\u00a0\u00bbfull\u00a0\u00bb alignment=\u00a0\u00bbcenter\u00a0\u00bb style=\u00a0\u00bbvc_box_rounded\u00a0\u00bb][vc_empty_space][\/vc_column][\/vc_row][vc_row][vc_column offset=\u00a0\u00bbvc_col-lg-6 vc_col-md-6&Prime;][vc_column_text css_animation=\u00a0\u00bbnone\u00a0\u00bb css=\u00a0\u00bb.vc_custom_1768561318494{padding-bottom: 0px !important;}\u00a0\u00bb]<\/p>\n<h2>Waterfalls<\/h2>\n<p>[\/vc_column_text][vc_empty_space height=\u00a0\u00bb24px\u00a0\u00bb][vc_column_text css_animation=\u00a0\u00bbnone\u00a0\u00bb css=\u00a0\u00bb.vc_custom_1768561442422{padding-bottom: 0px !important;}\u00a0\u00bb]Plusieurs cascades se trouvent autour d\u2019El Nido. Pour une exp\u00e9rience plus calme et enrichissante, nous recommandons :[\/vc_column_text][vc_empty_space height=\u00a0\u00bb24px\u00a0\u00bb][vc_column_text css_animation=\u00a0\u00bbnone\u00a0\u00bb css=\u00a0\u00bb.vc_custom_1768561512597{padding-bottom: 0px !important;}\u00a0\u00bb]<a style=\"font-size: 18px; color: #c47a50;\" href=\"https:\/\/goo.gl\/maps\/Hg7bq24GucUN6Reu5\" rel=\"noopener\">Kuyawyaw Waterfalls<\/a>, pr\u00e8s de Taytay, \u00e0 environ une heure de route d\u2019El Nido, au milieu d\u2019une v\u00e9g\u00e9tation dense et de formations rocheuses naturelles.[\/vc_column_text][vc_empty_space height=\u00a0\u00bb24px\u00a0\u00bb][vc_column_text css_animation=\u00a0\u00bbnone\u00a0\u00bb css=\u00a0\u00bb.vc_custom_1768561624932{padding-bottom: 0px !important;}\u00a0\u00bb]<a style=\"font-size: 18px; color: #c47a50;\" href=\"https:\/\/goo.gl\/maps\/2Xnf2kAfhDY5MLsH6\" rel=\"noopener\">Bulalacao Waterfalls<\/a>, \u00e0 <span class=\"hover:entity-accent entity-underline inline cursor-pointer align-baseline\"><span class=\"whitespace-normal\">Barangay Bucana<\/span><\/span>, plus isol\u00e9e. Accessible apr\u00e8s une courte marche \u00e0 travers une v\u00e9g\u00e9tation luxuriante, sa haute cascade et son atmosph\u00e8re tranquille en font une visite paisible et gratifiante.<\/p>\n<p>[\/vc_column_text][vc_empty_space][\/vc_column][vc_column offset=\u00a0\u00bbvc_col-lg-6 vc_col-md-6&Prime;][vc_single_image image=\u00a0\u00bb3938&Prime; img_size=\u00a0\u00bbfull\u00a0\u00bb alignment=\u00a0\u00bbcenter\u00a0\u00bb style=\u00a0\u00bbvc_box_rounded\u00a0\u00bb][vc_empty_space][\/vc_column][\/vc_row][vc_row full_width=\u00a0\u00bbstretch_row\u00a0\u00bb jws_parallax=\u00a0\u00bb1&Prime; over_lay=\u00a0\u00bbrgba(255,255,255,0.73)\u00a0\u00bb el_class=\u00a0\u00bbpadding_01500&Prime;][vc_column css=\u00a0\u00bb.vc_custom_1513237697242{padding-right: 140px !important;padding-left: 140px !important;}\u00a0\u00bb][vc_column_text css_animation=\u00a0\u00bbnone\u00a0\u00bb css=\u00a0\u00bb.vc_custom_1768356921462{padding-bottom: 0px !important;}\u00a0\u00bb]<\/p>\n<p data-start=\"86\" data-end=\"324\">Tous les tours sont disponibles en version priv\u00e9e ou partag\u00e9e. Les tours priv\u00e9s offrent plus d\u2019espace et de flexibilit\u00e9, tandis que les tours partag\u00e9s sont plus abordables. La plupart des excursions utilisent des <em data-start=\"256\" data-end=\"264\">bangkas <\/em>traditionnelles, avec des bateaux rapides pour une exp\u00e9rience plus rapide. <a href=\"https:\/\/www.masayana.com\/fr\/contact\/\">Nous vous aidons volontiers \u00e0 choisir et organiser le tour<\/a> qui correspond le mieux \u00e0 votre s\u00e9jour \u00e0 El Nido.<\/p>\n<p>[\/vc_column_text][vc_empty_space][\/vc_column][\/vc_row][vc_row full_width=\u00a0\u00bbstretch_row\u00a0\u00bb jws_parallax=\u00a0\u00bb1&Prime; over_lay=\u00a0\u00bbrgba(255,255,255,0.73)\u00a0\u00bb css=\u00a0\u00bb.vc_custom_1768295756472{padding-top: 100px !important;padding-bottom: 100px !important;background-image: url(https:\/\/www.masayana.com\/wp-content\/uploads\/2026\/01\/PoolBarMasayanahotelElnido.webp?id=3834) !important;background-position: center !important;background-repeat: no-repeat !important;background-size: cover !important;}\u00a0\u00bb el_class=\u00a0\u00bbpadding_01500&Prime;][vc_column css=\u00a0\u00bb.vc_custom_1513237697242{padding-right: 140px !important;padding-left: 140px !important;}\u00a0\u00bb][vc_empty_space][vc_empty_space][vc_column_text css_animation=\u00a0\u00bbnone\u00a0\u00bb css=\u00a0\u00bb.vc_custom_1768296685769{padding-bottom: 0px !important;}\u00a0\u00bb]<\/p>\n<h2 style=\"color: #f3eee7;\">Bar de la piscine Masayana<\/h2>\n<p>[\/vc_column_text][vc_column_text css_animation=\u00a0\u00bbnone\u00a0\u00bb css=\u00a0\u00bb.vc_custom_1768563923258{padding-bottom: 0px !important;}\u00a0\u00bb]<\/p>\n<h3 style=\"color: #f3eee7;\">Des boissons au bord de la piscine, une pause rafra\u00eechissante apr\u00e8s une journ\u00e9e en immersion dans la nature.<\/h3>\n<p>[\/vc_column_text][vc_empty_space height=\u00a0\u00bb24px\u00a0\u00bb]        <div class=\"\">\n\t\t\t<div style=\"border-radius: 25px;     background-size: 200% auto; background-image: linear-gradient(to right,#c47a50 0%,#c47a50 51%,#c47a50 100%) !important; margin:0; width: 170px  ; height: 45px ; line-height: 45px ; text-align: center; color: #ffffff; font-size: 14px; font-weight: 500;display: block; cursor: pointer;\" class=\" button_kloud hvr-float-shadow\" onclick=\"window.location.href='https:\/\/www.masayana.com\/fr\/chambres'\" >\n                Voir les Chambres            <\/div> \n        <\/div>       \n\t\t[vc_empty_space][\/vc_column][\/vc_row]<\/p>\n<\/section>","protected":false},"excerpt":{"rendered":"<p>[vc_row full_width=\u00a0\u00bbstretch_row_content_no_spaces\u00a0\u00bb kloud_parallax=\u00a0\u00bb1&Prime; css=\u00a0\u00bb.vc_custom_1768564147389{padding-top: 200px !important;padding-bottom: 200px !important;background: #1f4e3d url(https:\/\/www.masayana.com\/wp-content\/uploads\/2026\/01\/ActivitiesHeader.webp?id=3954) !important;background-position: center !important;background-repeat: no-repeat !important;background-size: cover !important;}\u00a0\u00bb][vc_column][\/vc_column][\/vc_row][vc_row css=\u00a0\u00bb.vc_custom_1681967068330{padding-top: 32px !important;padding-bottom: 32px !important;}\u00a0\u00bb][vc_column][vc_column_text] Bouger, explorer et ralentir [\/vc_column_text][vc_empty_space height=\u00a0\u00bb24px\u00a0\u00bb][vc_column_text]El Nido propose de nombreuses activit\u00e9s comme l\u2019island hopping, les plages tranquilles, les cascades cach\u00e9es, les r\u00e9cifs coralliens, les grottes et les c\u00f4tes ouvertes fa\u00e7onn\u00e9es par le vent [&hellip;]<\/p>\n","protected":false},"author":1,"featured_media":3626,"parent":4279,"menu_order":0,"comment_status":"closed","ping_status":"closed","template":"","meta":{"footnotes":""},"class_list":["post-4285","page","type-page","status-publish","has-post-thumbnail","hentry"],"_links":{"self":[{"href":"https:\/\/www.masayana.com\/fr\/wp-json\/wp\/v2\/pages\/4285"}],"collection":[{"href":"https:\/\/www.masayana.com\/fr\/wp-json\/wp\/v2\/pages"}],"about":[{"href":"https:\/\/www.masayana.com\/fr\/wp-json\/wp\/v2\/types\/page"}],"author":[{"embeddable":true,"href":"https:\/\/www.masayana.com\/fr\/wp-json\/wp\/v2\/users\/1"}],"replies":[{"embeddable":true,"href":"https:\/\/www.masayana.com\/fr\/wp-json\/wp\/v2\/comments?post=4285"}],"version-history":[{"count":4,"href":"https:\/\/www.masayana.com\/fr\/wp-json\/wp\/v2\/pages\/4285\/revisions"}],"predecessor-version":[{"id":4329,"href":"https:\/\/www.masayana.com\/fr\/wp-json\/wp\/v2\/pages\/4285\/revisions\/4329"}],"up":[{"embeddable":true,"href":"https:\/\/www.masayana.com\/fr\/wp-json\/wp\/v2\/pages\/4279"}],"wp:featuredmedia":[{"embeddable":true,"href":"https:\/\/www.masayana.com\/fr\/wp-json\/wp\/v2\/media\/3626"}],"wp:attachment":[{"href":"https:\/\/www.masayana.com\/fr\/wp-json\/wp\/v2\/media?parent=4285"}],"curies":[{"name":"wp","href":"https:\/\/api.w.org\/{rel}","templated":true}]}}