{"id":4279,"date":"2026-01-12T05:04:01","date_gmt":"2026-01-12T05:04:01","guid":{"rendered":"https:\/\/www.masayana.com\/que-faire-a-el-nido\/"},"modified":"2026-02-16T10:23:18","modified_gmt":"2026-02-16T10:23:18","slug":"que-faire-a-el-nido","status":"publish","type":"page","link":"https:\/\/www.masayana.com\/fr\/que-faire-a-el-nido\/","title":{"rendered":"Que faire \u00e0 El Nido"},"content":{"rendered":"<section class=\"wpb-content-wrapper\"><p>[vc_row full_width=\u00a0\u00bbstretch_row_content_no_spaces\u00a0\u00bb kloud_parallax=\u00a0\u00bb1&Prime; css=\u00a0\u00bb.vc_custom_1768789199844{padding-top: 200px !important;padding-bottom: 200px !important;background: #1f4e3d url(https:\/\/www.masayana.com\/wp-content\/uploads\/2024\/03\/IslandHoppingElNidoMasayanaSmallLagoon-scaled.jpeg?id=2027) !important;background-position: center !important;background-repeat: no-repeat !important;background-size: cover !important;}\u00a0\u00bb][vc_column][\/vc_column][\/vc_row][vc_row css=\u00a0\u00bb.vc_custom_1768221672843{padding-top: 32px !important;background-position: center !important;background-repeat: no-repeat !important;background-size: cover !important;}\u00a0\u00bb][vc_column][vc_column_text]<\/p>\n<h2>Que faire \u00e0 El Nido<\/h2>\n<p>[\/vc_column_text][vc_empty_space height=\u00a0\u00bb24px\u00a0\u00bb][vc_column_text]El Nido offre une grande vari\u00e9t\u00e9 d\u2019activit\u00e9s sur l\u2019eau et \u00e0 terre, de l\u2019island hopping et du snorkeling au kayak, \u00e0 la plong\u00e9e et \u00e0 l\u2019exploration des paysages environnants. La r\u00e9gion compte \u00e9galement des restaurants et bars locaux, offrant des options d\u00e9tendues pour se restaurer et partager des moments conviviaux.[\/vc_column_text][vc_empty_space height=\u00a0\u00bb24px\u00a0\u00bb][vc_column_text]<\/p>\n<p data-start=\"768\" data-end=\"953\">\u00c0 Masayana, nous aidons \u00e0 organiser certaines activit\u00e9s et partageons nos recommandations locales, facilitant la d\u00e9couverte des incontournables d\u2019El Nido tout en profitant d\u2019un s\u00e9jour confortable et d\u00e9tendu.<\/p>\n<p>[\/vc_column_text][vc_empty_space][vc_basic_grid post_type=\u00a0\u00bbids\u00a0\u00bb element_width=\u00a0\u00bb6&Prime; initial_loading_animation=\u00a0\u00bbnone\u00a0\u00bb grid_id=\u00a0\u00bbvc_gid:1771237245500-891d29d5-2dff-5&Prime; include=\u00a0\u00bb3755, 3757, 3758, 3752&Prime;][vc_empty_space][\/vc_column][\/vc_row][vc_row full_width=\u00a0\u00bbstretch_row\u00a0\u00bb jws_parallax=\u00a0\u00bb1&Prime; over_lay=\u00a0\u00bbrgba(255,255,255,0.73)\u00a0\u00bb css=\u00a0\u00bb.vc_custom_1768275029049{padding-top: 100px !important;padding-bottom: 100px !important;background-image: url(https:\/\/www.masayana.com\/wp-content\/uploads\/2026\/01\/Deluxe-room-Masayana-Hotel-El-Nido-5.png?id=3535) !important;background-position: center !important;background-repeat: no-repeat !important;background-size: cover !important;}\u00a0\u00bb el_class=\u00a0\u00bbpadding_01500&Prime;][vc_column css=\u00a0\u00bb.vc_custom_1513237697242{padding-right: 140px !important;padding-left: 140px !important;}\u00a0\u00bb][vc_empty_space][vc_column_text]<\/p>\n<h1 style=\"text-align: center;\">S\u00e9journez \u00e0 Masayana, El Nido<\/h1>\n<p>[\/vc_column_text][vc_empty_space height=\u00a0\u00bb24px\u00a0\u00bb]        <div class=\"\">\n\t\t\t<div style=\"border-radius: 25px;     background-size: 200% auto; background-image: linear-gradient(to right,#8fa89b 0%,#8fa89b 51%,#8fa89b 100%) !important; margin:0 auto; width: 270px  ; height: 45px ; line-height: 45px ; text-align: center; color: #ffffff; font-size: 14px; font-weight: 500;display: block; cursor: pointer;\" class=\" button_kloud hvr-float-shadow\" onclick=\"window.location.href='https:\/\/www.masayana.com\/fr\/chambres'\" >\n                Voir les chambres            <\/div> \n        <\/div>       \n\t\t[vc_empty_space][\/vc_column][\/vc_row][vc_row css=\u00a0\u00bb.vc_custom_1767930553717{padding-top: 32px !important;background-position: center !important;background-repeat: no-repeat !important;background-size: cover !important;}\u00a0\u00bb][vc_column width=\u00a0\u00bb1\/2&Prime;][vc_column_text]<\/p>\n<h2>Planifiez votre voyage \u00e0 El Nido<\/h2>\n<p>[\/vc_column_text][vc_empty_space height=\u00a0\u00bb24px\u00a0\u00bb][vc_column_text]De la mani\u00e8re de se rendre \u00e0 El Nido et de la meilleure p\u00e9riode pour visiter, aux conseils locaux sur les d\u00e9placements, les distributeurs automatiques et les informations essentielles, retrouvez toutes les informations n\u00e9cessaires pour pr\u00e9parer votre s\u00e9jour \u00e0 El Nido, Palawan.[\/vc_column_text][vc_empty_space height=\u00a0\u00bb16px\u00a0\u00bb]        <div class=\"\">\n\t\t\t<div style=\"border-radius: 25px;     background-size: 200% auto; background-image: linear-gradient(to right,#8fa89b 0%,#8fa89b 51%,#8fa89b 100%) !important; margin:0 auto; width: 270px  ; height: 45px ; line-height: 45px ; text-align: center; color: #ffffff; font-size: 14px; font-weight: 500;display: block; cursor: pointer;\" class=\" button_kloud hvr-float-shadow\" onclick=\"window.location.href='https:\/\/www.masayana.com\/fr\/planifiez-votre-voyage-a-el-nido\/'\" >\n                Planifiez votre voyage            <\/div> \n        <\/div>       \n\t\t[vc_empty_space][\/vc_column][vc_column width=\u00a0\u00bb1\/2&Prime; css=\u00a0\u00bb.vc_custom_1708414997630{padding-top: 32px !important;}\u00a0\u00bb][vc_single_image image=\u00a0\u00bb3572&Prime; img_size=\u00a0\u00bbfull\u00a0\u00bb alignment=\u00a0\u00bbcenter\u00a0\u00bb][vc_empty_space][\/vc_column][\/vc_row]<\/p>\n<\/section>","protected":false},"excerpt":{"rendered":"<p>[vc_row full_width=\u00a0\u00bbstretch_row_content_no_spaces\u00a0\u00bb kloud_parallax=\u00a0\u00bb1&Prime; css=\u00a0\u00bb.vc_custom_1768789199844{padding-top: 200px !important;padding-bottom: 200px !important;background: #1f4e3d url(https:\/\/www.masayana.com\/wp-content\/uploads\/2024\/03\/IslandHoppingElNidoMasayanaSmallLagoon-scaled.jpeg?id=2027) !important;background-position: center !important;background-repeat: no-repeat !important;background-size: cover !important;}\u00a0\u00bb][vc_column][\/vc_column][\/vc_row][vc_row css=\u00a0\u00bb.vc_custom_1768221672843{padding-top: 32px !important;background-position: center !important;background-repeat: no-repeat !important;background-size: cover !important;}\u00a0\u00bb][vc_column][vc_column_text] Que faire \u00e0 El Nido [\/vc_column_text][vc_empty_space height=\u00a0\u00bb24px\u00a0\u00bb][vc_column_text]El Nido offre une grande vari\u00e9t\u00e9 d\u2019activit\u00e9s sur l\u2019eau et \u00e0 terre, de l\u2019island hopping et du snorkeling au kayak, \u00e0 la plong\u00e9e [&hellip;]<\/p>\n","protected":false},"author":1,"featured_media":3865,"parent":0,"menu_order":0,"comment_status":"closed","ping_status":"closed","template":"","meta":{"footnotes":""},"class_list":["post-4279","page","type-page","status-publish","has-post-thumbnail","hentry"],"_links":{"self":[{"href":"https:\/\/www.masayana.com\/fr\/wp-json\/wp\/v2\/pages\/4279"}],"collection":[{"href":"https:\/\/www.masayana.com\/fr\/wp-json\/wp\/v2\/pages"}],"about":[{"href":"https:\/\/www.masayana.com\/fr\/wp-json\/wp\/v2\/types\/page"}],"author":[{"embeddable":true,"href":"https:\/\/www.masayana.com\/fr\/wp-json\/wp\/v2\/users\/1"}],"replies":[{"embeddable":true,"href":"https:\/\/www.masayana.com\/fr\/wp-json\/wp\/v2\/comments?post=4279"}],"version-history":[{"count":4,"href":"https:\/\/www.masayana.com\/fr\/wp-json\/wp\/v2\/pages\/4279\/revisions"}],"predecessor-version":[{"id":4324,"href":"https:\/\/www.masayana.com\/fr\/wp-json\/wp\/v2\/pages\/4279\/revisions\/4324"}],"wp:featuredmedia":[{"embeddable":true,"href":"https:\/\/www.masayana.com\/fr\/wp-json\/wp\/v2\/media\/3865"}],"wp:attachment":[{"href":"https:\/\/www.masayana.com\/fr\/wp-json\/wp\/v2\/media?parent=4279"}],"curies":[{"name":"wp","href":"https:\/\/api.w.org\/{rel}","templated":true}]}}