{"id":4276,"date":"2026-01-12T10:33:34","date_gmt":"2026-01-12T10:33:34","guid":{"rendered":"https:\/\/www.masayana.com\/chambres\/chambre-double\/"},"modified":"2026-02-16T10:16:31","modified_gmt":"2026-02-16T10:16:31","slug":"chambre-double","status":"publish","type":"page","link":"https:\/\/www.masayana.com\/fr\/chambres\/chambre-double\/","title":{"rendered":"Chambre double"},"content":{"rendered":"<section class=\"wpb-content-wrapper\"><p>[vc_row full_width=\u00a0\u00bbstretch_row_content_no_spaces\u00a0\u00bb kloud_parallax=\u00a0\u00bb1&Prime; css=\u00a0\u00bb.vc_custom_1768216097474{padding-top: 200px !important;padding-bottom: 200px !important;background: #1f4e3d url(https:\/\/www.masayana.com\/wp-content\/uploads\/2026\/01\/DoubleRoomMasayanaHotelElNidoheader-1.webp?id=3721) !important;background-position: center !important;background-repeat: no-repeat !important;background-size: cover !important;}\u00a0\u00bb][vc_column][\/vc_column][\/vc_row][vc_row kloud_parallax=\u00a0\u00bb1&Prime; css=\u00a0\u00bb.vc_custom_1768208830509{padding-bottom: 32px !important;}\u00a0\u00bb][vc_column][vc_row_inner][vc_column_inner el_class=\u00a0\u00bbmyFlex\u00a0\u00bb width=\u00a0\u00bb1\/3&Prime;][vc_icon icon_fontawesome=\u00a0\u00bbfas fa-user-friends\u00a0\u00bb color=\u00a0\u00bbcustom\u00a0\u00bb custom_color=\u00a0\u00bb#8fa89b\u00a0\u00bb][vc_column_text css=\u00a0\u00bb.vc_custom_1683779453123{padding-top: 10px !important;}\u00a0\u00bb]<\/p>\n<p style=\"text-align: left;\">Maximum 2 personnes<\/p>\n<p>[\/vc_column_text][\/vc_column_inner][vc_column_inner width=\u00a0\u00bb1\/3&Prime;][vc_icon icon_fontawesome=\u00a0\u00bbfas fa-vector-square\u00a0\u00bb color=\u00a0\u00bbcustom\u00a0\u00bb custom_color=\u00a0\u00bb#8fa89b\u00a0\u00bb][vc_column_text css=\u00a0\u00bb.vc_custom_1683779469106{padding-top: 10px !important;}\u00a0\u00bb]<\/p>\n<p style=\"text-align: left;\">Superficie : 22 m\u00b2<\/p>\n<p>[\/vc_column_text][\/vc_column_inner][vc_column_inner width=\u00a0\u00bb1\/3&Prime;][vc_icon icon_fontawesome=\u00a0\u00bbfas fa-umbrella-beach\u00a0\u00bb color=\u00a0\u00bbcustom\u00a0\u00bb custom_color=\u00a0\u00bb#8fa89b\u00a0\u00bb][vc_column_text css=\u00a0\u00bb.vc_custom_1768205993747{padding-top: 10px !important;}\u00a0\u00bb]<\/p>\n<p style=\"text-align: left;\">Terrasse semi-priv\u00e9e<\/p>\n<p>[\/vc_column_text][\/vc_column_inner][\/vc_row_inner][\/vc_column][\/vc_row][vc_row css=\u00a0\u00bb.vc_custom_1768208874623{background-position: center !important;background-repeat: no-repeat !important;background-size: cover !important;}\u00a0\u00bb][vc_column][vc_column_text]<\/p>\n<h2>Un s\u00e9jour plus spacieux et confortable<\/h2>\n<p>[\/vc_column_text][vc_empty_space height=\u00a0\u00bb24px\u00a0\u00bb][vc_column_text]Nos chambres Doubles offrent un s\u00e9jour confortable et paisible \u00e0 l\u2019h\u00f4tel Masayana \u00e0 El Nido. Con\u00e7ues pour le repos, elles proposent un espace simple et accueillant apr\u00e8s une journ\u00e9e d\u2019island hopping, de plage et de d\u00e9couvertes culinaires locales.[\/vc_column_text][vc_empty_space height=\u00a0\u00bb24px\u00a0\u00bb][vc_column_text]Id\u00e9ale pour les voyageurs recherchant un s\u00e9jour plus confortable, elle offre davantage d\u2019espace que nos chambres Doubles pour se d\u00e9tendre apr\u00e8s une journ\u00e9e \u00e0 explorer El Nido.[\/vc_column_text][\/vc_column][\/vc_row][vc_row][vc_column css=\u00a0\u00bb.vc_custom_1708414742965{padding-top: 32px !important;}\u00a0\u00bb]        <div class=\"\">\n\t\t\t<div style=\"border-radius: 25px;     background-size: 200% auto; background-image: linear-gradient(to right,#c47a50 0%,#c47a50 51%,#c47a50 100%) !important; margin:0 auto; width: 270px  ; height: 45px ; line-height: 45px ; text-align: center; color: #ffffff; font-size: 14px; font-weight: 500;display: block; cursor: pointer;\" class=\" button_kloud hvr-float-shadow\" onclick=\"window.location.href='https:\/\/www.masayana.com\/fr\/book'\" >\n                R\u00e9servez            <\/div> \n        <\/div>       \n\t\t[vc_empty_space height=\u00a0\u00bb24px\u00a0\u00bb][\/vc_column][\/vc_row][vc_section css=\u00a0\u00bb.vc_custom_1709427364135{padding-bottom: 32px !important;}\u00a0\u00bb][vc_row][vc_column width=\u00a0\u00bb1\/2&Prime;][vc_single_image image=\u00a0\u00bb3696&Prime; img_size=\u00a0\u00bbfull\u00a0\u00bb alignment=\u00a0\u00bbcenter\u00a0\u00bb style=\u00a0\u00bbvc_box_rounded\u00a0\u00bb][vc_empty_space height=\u00a0\u00bb24px\u00a0\u00bb][vc_single_image image=\u00a0\u00bb3693&Prime; img_size=\u00a0\u00bbfull\u00a0\u00bb alignment=\u00a0\u00bbcenter\u00a0\u00bb style=\u00a0\u00bbvc_box_rounded\u00a0\u00bb][vc_empty_space height=\u00a0\u00bb24px\u00a0\u00bb][vc_single_image image=\u00a0\u00bb3603&Prime; img_size=\u00a0\u00bbfull\u00a0\u00bb alignment=\u00a0\u00bbcenter\u00a0\u00bb style=\u00a0\u00bbvc_box_rounded\u00a0\u00bb][vc_empty_space][\/vc_column][vc_column width=\u00a0\u00bb1\/2&Prime;][vc_single_image image=\u00a0\u00bb3705&Prime; img_size=\u00a0\u00bbfull\u00a0\u00bb alignment=\u00a0\u00bbcenter\u00a0\u00bb style=\u00a0\u00bbvc_box_rounded\u00a0\u00bb][vc_empty_space height=\u00a0\u00bb24px\u00a0\u00bb][vc_single_image image=\u00a0\u00bb3690&Prime; img_size=\u00a0\u00bbfull\u00a0\u00bb alignment=\u00a0\u00bbcenter\u00a0\u00bb style=\u00a0\u00bbvc_box_rounded\u00a0\u00bb][vc_empty_space height=\u00a0\u00bb24px\u00a0\u00bb][vc_single_image image=\u00a0\u00bb3667&Prime; img_size=\u00a0\u00bbfull\u00a0\u00bb alignment=\u00a0\u00bbcenter\u00a0\u00bb style=\u00a0\u00bbvc_box_rounded\u00a0\u00bb][vc_empty_space][\/vc_column][\/vc_row][vc_row css=\u00a0\u00bb.vc_custom_1768211441961{padding-top: 0px !important;}\u00a0\u00bb][vc_column]        <div class=\"\">\n\t\t\t<div style=\"border-radius: 25px;     background-size: 200% auto; background-image: linear-gradient(to right,#c47a50 0%,#c47a50 51%,#c47a50 100%) !important; margin:0 auto; width: 270px  ; height: 45px ; line-height: 45px ; text-align: center; color: #ffffff; font-size: 14px; font-weight: 500;display: block; cursor: pointer;\" class=\" button_kloud hvr-float-shadow\" onclick=\"window.location.href='https:\/\/www.masayana.com\/fr\/book'\" >\n                R\u00e9servez            <\/div> \n        <\/div>       \n\t\t[\/vc_column][\/vc_row][vc_row kloud_parallax=\u00a0\u00bb1&Prime; css=\u00a0\u00bb.vc_custom_1768211411082{padding-bottom: 32px !important;}\u00a0\u00bb][vc_column][vc_column_text]<\/p>\n<h2>\u00c9quipements<\/h2>\n<p>[\/vc_column_text][vc_row_inner][vc_column_inner el_class=\u00a0\u00bbmyFlex\u00a0\u00bb width=\u00a0\u00bb1\/3&Prime;][vc_icon icon_fontawesome=\u00a0\u00bbfas fa-bed\u00a0\u00bb color=\u00a0\u00bbcustom\u00a0\u00bb custom_color=\u00a0\u00bb#8fa89b\u00a0\u00bb][vc_column_text css=\u00a0\u00bb.vc_custom_1768210191803{padding-top: 10px !important;}\u00a0\u00bb]<\/p>\n<p style=\"text-align: left;\">Lit queen-size<\/p>\n<p>[\/vc_column_text][\/vc_column_inner][vc_column_inner width=\u00a0\u00bb1\/3&Prime;][vc_icon icon_fontawesome=\u00a0\u00bbfas fa-tint\u00a0\u00bb color=\u00a0\u00bbcustom\u00a0\u00bb custom_color=\u00a0\u00bb#8fa89b\u00a0\u00bb][vc_column_text css=\u00a0\u00bb.vc_custom_1768210204709{padding-top: 10px !important;}\u00a0\u00bb]<\/p>\n<p style=\"text-align: left;\">Eau purifi\u00e9e gratuite<\/p>\n<p>[\/vc_column_text][\/vc_column_inner][vc_column_inner width=\u00a0\u00bb1\/3&Prime;][vc_icon icon_fontawesome=\u00a0\u00bbfas fa-wind\u00a0\u00bb color=\u00a0\u00bbcustom\u00a0\u00bb custom_color=\u00a0\u00bb#8fa89b\u00a0\u00bb][vc_column_text css=\u00a0\u00bb.vc_custom_1768211279647{padding-top: 10px !important;}\u00a0\u00bb]<\/p>\n<p style=\"text-align: left;\">S\u00e8che-cheveux<\/p>\n<p>[\/vc_column_text][\/vc_column_inner][\/vc_row_inner][vc_row_inner][vc_column_inner el_class=\u00a0\u00bbmyFlex\u00a0\u00bb width=\u00a0\u00bb1\/3&Prime;][vc_icon icon_fontawesome=\u00a0\u00bbfar fa-clone\u00a0\u00bb color=\u00a0\u00bbcustom\u00a0\u00bb custom_color=\u00a0\u00bb#8fa89b\u00a0\u00bb][vc_column_text css=\u00a0\u00bb.vc_custom_1683775241805{padding-top: 10px !important;}\u00a0\u00bb]<\/p>\n<p style=\"text-align: left;\">Linge de lit et serviettes<\/p>\n<p>[\/vc_column_text][\/vc_column_inner][vc_column_inner width=\u00a0\u00bb1\/3&Prime;][vc_icon icon_fontawesome=\u00a0\u00bbfas fa-shower\u00a0\u00bb color=\u00a0\u00bbcustom\u00a0\u00bb custom_color=\u00a0\u00bb#8fa89b\u00a0\u00bb][vc_column_text css=\u00a0\u00bb.vc_custom_1683775638220{padding-top: 10px !important;}\u00a0\u00bb]<\/p>\n<p style=\"text-align: left;\">Shampooing \/ apr\u00e8s-shampooing et gel douche<\/p>\n<p>[\/vc_column_text][\/vc_column_inner][vc_column_inner width=\u00a0\u00bb1\/3&Prime;][vc_icon icon_fontawesome=\u00a0\u00bbfas fa-concierge-bell\u00a0\u00bb color=\u00a0\u00bbcustom\u00a0\u00bb custom_color=\u00a0\u00bb#8fa89b\u00a0\u00bb][vc_column_text css=\u00a0\u00bb.vc_custom_1683772554805{padding-top: 10px !important;}\u00a0\u00bb]<\/p>\n<p style=\"text-align: left;\">M\u00e9nage<\/p>\n<p>[\/vc_column_text][\/vc_column_inner][\/vc_row_inner][vc_row_inner][vc_column_inner el_class=\u00a0\u00bbmyFlex\u00a0\u00bb width=\u00a0\u00bb1\/3&Prime;][vc_icon icon_fontawesome=\u00a0\u00bbfar fa-snowflake\u00a0\u00bb color=\u00a0\u00bbcustom\u00a0\u00bb custom_color=\u00a0\u00bb#8fa89b\u00a0\u00bb][vc_column_text css=\u00a0\u00bb.vc_custom_1683772469645{padding-top: 10px !important;}\u00a0\u00bb]Climatisation et ventilateur[\/vc_column_text][\/vc_column_inner][vc_column_inner width=\u00a0\u00bb1\/3&Prime;][vc_icon icon_fontawesome=\u00a0\u00bbfas fa-swimming-pool\u00a0\u00bb color=\u00a0\u00bbcustom\u00a0\u00bb custom_color=\u00a0\u00bb#8fa89b\u00a0\u00bb][vc_column_text css=\u00a0\u00bb.vc_custom_1768210506866{padding-top: 10px !important;}\u00a0\u00bb]<\/p>\n<p style=\"text-align: left;\">Serviettes de piscine<\/p>\n<p>[\/vc_column_text][\/vc_column_inner][vc_column_inner width=\u00a0\u00bb1\/3&Prime;][vc_icon icon_fontawesome=\u00a0\u00bbfas fa-wifi\u00a0\u00bb color=\u00a0\u00bbcustom\u00a0\u00bb custom_color=\u00a0\u00bb#8fa89b\u00a0\u00bb][vc_column_text css=\u00a0\u00bb.vc_custom_1768210938737{padding-top: 10px !important;}\u00a0\u00bb]<\/p>\n<p style=\"text-align: left;\">Wi-Fi gratuit<\/p>\n<p>[\/vc_column_text][\/vc_column_inner][\/vc_row_inner][vc_empty_space][\/vc_column][\/vc_row][\/vc_section][vc_row full_width=\u00a0\u00bbstretch_row\u00a0\u00bb jws_parallax=\u00a0\u00bb1&Prime; over_lay=\u00a0\u00bbrgba(255,255,255,0.73)\u00a0\u00bb css=\u00a0\u00bb.vc_custom_1768212556789{padding-top: 200px !important;padding-bottom: 200px !important;background-image: url(https:\/\/www.masayana.com\/wp-content\/uploads\/2026\/01\/MasayanaHotelElNidoCadlaoIslandDeluxeRoom.webp?id=3672) !important;background-position: center !important;background-repeat: no-repeat !important;background-size: cover !important;}\u00a0\u00bb el_class=\u00a0\u00bbpadding_01500&Prime;][vc_column css=\u00a0\u00bb.vc_custom_1513237697242{padding-right: 140px !important;padding-left: 140px !important;}\u00a0\u00bb][vc_empty_space][vc_column_text]<\/p>\n<h2 style=\"color: #f3eee7; text-align: center;\">Planifiez votre s\u00e9jour \u00e0 El Nido<\/h2>\n<p>[\/vc_column_text][vc_column_text]<\/p>\n<h3 style=\"color: #f3eee7; text-align: center;\">Tout ce que vous devez savoir avant d\u2019arriver \u00e0 El Nido.<\/h3>\n<p>[\/vc_column_text][vc_empty_space height=\u00a0\u00bb24px\u00a0\u00bb]        <div class=\"\">\n\t\t\t<div style=\"border-radius: 25px;     background-size: 200% auto; background-image: linear-gradient(to right,#8fa89b 0%,#8fa89b 51%,#8fa89b 100%) !important; margin:0 auto; width: 270px  ; height: 45px ; line-height: 45px ; text-align: center; color: #ffffff; font-size: 14px; font-weight: 500;display: block; cursor: pointer;\" class=\" button_kloud hvr-float-shadow\" onclick=\"window.location.href='https:\/\/www.masayana.com\/fr\/planifiez-votre-voyage-a-el-nido\/'\" >\n                Planifiez votre voyage            <\/div> \n        <\/div>       \n\t\t[vc_empty_space][\/vc_column][\/vc_row][vc_row css=\u00a0\u00bb.vc_custom_1768194112218{padding-top: 32px !important;background-position: center !important;background-repeat: no-repeat !important;background-size: cover !important;}\u00a0\u00bb][vc_column width=\u00a0\u00bb1\/2&Prime;][vc_column_text]<\/p>\n<h2>Que faire \u00e0 El Nido<\/h2>\n<p>[\/vc_column_text][vc_empty_space height=\u00a0\u00bb24px\u00a0\u00bb][vc_column_text]L\u2019island hopping, le snorkeling, le kayak, les paysages naturels et les exp\u00e9riences culinaires locales entourent Masayana, cr\u00e9ant un \u00e9quilibre naturel entre exploration, bonne cuisine et repos.[\/vc_column_text][vc_empty_space height=\u00a0\u00bb24px\u00a0\u00bb]        <div class=\"\">\n\t\t\t<div style=\"border-radius: 25px;     background-size: 200% auto; background-image: linear-gradient(to right,#8fa89b 0%,#8fa89b 51%,#8fa89b 100%) !important; margin:0 auto; width: 270px  ; height: 45px ; line-height: 45px ; text-align: center; color: #ffffff; font-size: 14px; font-weight: 500;display: block; cursor: pointer;\" class=\" button_kloud hvr-float-shadow\" onclick=\"window.location.href='https:\/\/www.masayana.com\/fr\/que-faire-a-el-nido\/'\" >\n                D\u00e9couvrez El Nido            <\/div> \n        <\/div>       \n\t\t[vc_empty_space][\/vc_column][vc_column width=\u00a0\u00bb1\/2&Prime;][vc_single_image image=\u00a0\u00bb3726&Prime; img_size=\u00a0\u00bbfull\u00a0\u00bb alignment=\u00a0\u00bbcenter\u00a0\u00bb style=\u00a0\u00bbvc_box_rounded\u00a0\u00bb][vc_empty_space][\/vc_column][\/vc_row]<\/p>\n<\/section>","protected":false},"excerpt":{"rendered":"<p>[vc_row full_width=\u00a0\u00bbstretch_row_content_no_spaces\u00a0\u00bb kloud_parallax=\u00a0\u00bb1&Prime; css=\u00a0\u00bb.vc_custom_1768216097474{padding-top: 200px !important;padding-bottom: 200px !important;background: #1f4e3d url(https:\/\/www.masayana.com\/wp-content\/uploads\/2026\/01\/DoubleRoomMasayanaHotelElNidoheader-1.webp?id=3721) !important;background-position: center !important;background-repeat: no-repeat !important;background-size: cover !important;}\u00a0\u00bb][vc_column][\/vc_column][\/vc_row][vc_row kloud_parallax=\u00a0\u00bb1&Prime; css=\u00a0\u00bb.vc_custom_1768208830509{padding-bottom: 32px !important;}\u00a0\u00bb][vc_column][vc_row_inner][vc_column_inner el_class=\u00a0\u00bbmyFlex\u00a0\u00bb width=\u00a0\u00bb1\/3&Prime;][vc_icon icon_fontawesome=\u00a0\u00bbfas fa-user-friends\u00a0\u00bb color=\u00a0\u00bbcustom\u00a0\u00bb custom_color=\u00a0\u00bb#8fa89b\u00a0\u00bb][vc_column_text css=\u00a0\u00bb.vc_custom_1683779453123{padding-top: 10px !important;}\u00a0\u00bb] Maximum 2 personnes [\/vc_column_text][\/vc_column_inner][vc_column_inner width=\u00a0\u00bb1\/3&Prime;][vc_icon icon_fontawesome=\u00a0\u00bbfas fa-vector-square\u00a0\u00bb color=\u00a0\u00bbcustom\u00a0\u00bb custom_color=\u00a0\u00bb#8fa89b\u00a0\u00bb][vc_column_text css=\u00a0\u00bb.vc_custom_1683779469106{padding-top: 10px !important;}\u00a0\u00bb] Superficie : 22 m\u00b2 [\/vc_column_text][\/vc_column_inner][vc_column_inner width=\u00a0\u00bb1\/3&Prime;][vc_icon icon_fontawesome=\u00a0\u00bbfas fa-umbrella-beach\u00a0\u00bb color=\u00a0\u00bbcustom\u00a0\u00bb custom_color=\u00a0\u00bb#8fa89b\u00a0\u00bb][vc_column_text css=\u00a0\u00bb.vc_custom_1768205993747{padding-top: 10px !important;}\u00a0\u00bb] [&hellip;]<\/p>\n","protected":false},"author":1,"featured_media":0,"parent":3159,"menu_order":0,"comment_status":"closed","ping_status":"closed","template":"","meta":{"footnotes":""},"class_list":["post-4276","page","type-page","status-publish","hentry"],"_links":{"self":[{"href":"https:\/\/www.masayana.com\/fr\/wp-json\/wp\/v2\/pages\/4276"}],"collection":[{"href":"https:\/\/www.masayana.com\/fr\/wp-json\/wp\/v2\/pages"}],"about":[{"href":"https:\/\/www.masayana.com\/fr\/wp-json\/wp\/v2\/types\/page"}],"author":[{"embeddable":true,"href":"https:\/\/www.masayana.com\/fr\/wp-json\/wp\/v2\/users\/1"}],"replies":[{"embeddable":true,"href":"https:\/\/www.masayana.com\/fr\/wp-json\/wp\/v2\/comments?post=4276"}],"version-history":[{"count":4,"href":"https:\/\/www.masayana.com\/fr\/wp-json\/wp\/v2\/pages\/4276\/revisions"}],"predecessor-version":[{"id":4319,"href":"https:\/\/www.masayana.com\/fr\/wp-json\/wp\/v2\/pages\/4276\/revisions\/4319"}],"up":[{"embeddable":true,"href":"https:\/\/www.masayana.com\/fr\/wp-json\/wp\/v2\/pages\/3159"}],"wp:attachment":[{"href":"https:\/\/www.masayana.com\/fr\/wp-json\/wp\/v2\/media?parent=4276"}],"curies":[{"name":"wp","href":"https:\/\/api.w.org\/{rel}","templated":true}]}}