{"id":4273,"date":"2026-01-12T10:32:57","date_gmt":"2026-01-12T10:32:57","guid":{"rendered":"https:\/\/www.masayana.com\/chambres\/dortoirs\/"},"modified":"2026-02-16T10:20:23","modified_gmt":"2026-02-16T10:20:23","slug":"dortoirs","status":"publish","type":"page","link":"https:\/\/www.masayana.com\/fr\/chambres\/dortoirs\/","title":{"rendered":"Dortoirs"},"content":{"rendered":"<section class=\"wpb-content-wrapper\"><p>[vc_row full_width=\u00a0\u00bbstretch_row_content_no_spaces\u00a0\u00bb kloud_parallax=\u00a0\u00bb1&Prime; css=\u00a0\u00bb.vc_custom_1768217845397{padding-top: 200px !important;padding-bottom: 200px !important;background: #1f4e3d url(https:\/\/www.masayana.com\/wp-content\/uploads\/2026\/01\/dormMasyanaElNidoRooms.jpg?id=3611) !important;background-position: center !important;background-repeat: no-repeat !important;background-size: cover !important;}\u00a0\u00bb][vc_column][\/vc_column][\/vc_row][vc_row kloud_parallax=\u00a0\u00bb1&Prime; css=\u00a0\u00bb.vc_custom_1768208830509{padding-bottom: 32px !important;}\u00a0\u00bb][vc_column][vc_row_inner][vc_column_inner el_class=\u00a0\u00bbmyFlex\u00a0\u00bb width=\u00a0\u00bb1\/3&Prime;][vc_icon icon_fontawesome=\u00a0\u00bbfas fa-user-friends\u00a0\u00bb color=\u00a0\u00bbcustom\u00a0\u00bb custom_color=\u00a0\u00bb#8fa89b\u00a0\u00bb][vc_column_text css=\u00a0\u00bb.vc_custom_1768217208060{padding-top: 10px !important;}\u00a0\u00bb]<\/p>\n<p style=\"text-align: left;\">Partag\u00e9, maximum 4 personnes <\/p>\n<p>[\/vc_column_text][\/vc_column_inner][vc_column_inner width=\u00a0\u00bb1\/3&Prime;][vc_icon icon_fontawesome=\u00a0\u00bbfas fa-umbrella-beach\u00a0\u00bb color=\u00a0\u00bbcustom\u00a0\u00bb custom_color=\u00a0\u00bb#8fa89b\u00a0\u00bb][vc_column_text css=\u00a0\u00bb.vc_custom_1768217199717{padding-top: 10px !important;}\u00a0\u00bb]<\/p>\n<p style=\"text-align: left;\">Terrasse partag\u00e9e<\/p>\n<p>[\/vc_column_text][\/vc_column_inner][vc_column_inner width=\u00a0\u00bb1\/3&Prime;][vc_icon icon_fontawesome=\u00a0\u00bbfas fa-vector-square\u00a0\u00bb color=\u00a0\u00bbcustom\u00a0\u00bb custom_color=\u00a0\u00bb#8fa89b\u00a0\u00bb][vc_column_text css=\u00a0\u00bb.vc_custom_1768217247879{padding-top: 10px !important;}\u00a0\u00bb]<\/p>\n<p style=\"text-align: left;\">Vue sur la piscine depuis la terrasse<\/p>\n<p>[\/vc_column_text][\/vc_column_inner][\/vc_row_inner][\/vc_column][\/vc_row][vc_row css=\u00a0\u00bb.vc_custom_1768208874623{background-position: center !important;background-repeat: no-repeat !important;background-size: cover !important;}\u00a0\u00bb][vc_column][vc_column_text]<\/p>\n<h2>Dortoirs partag\u00e9s \u00e0 Masayana<\/h2>\n<p>[\/vc_column_text][vc_empty_space height=\u00a0\u00bb24px\u00a0\u00bb][vc_column_text]Nos dortoirs offrent un s\u00e9jour simple et confortable \u00e0 El Nido, id\u00e9al pour les voyageurs \u00e0 la recherche d\u2019une ambiance d\u00e9tendue et conviviale, sans sacrifier le repos et le confort.[\/vc_column_text][\/vc_column][\/vc_row][vc_row][vc_column css=\u00a0\u00bb.vc_custom_1708414742965{padding-top: 32px !important;}\u00a0\u00bb]        <div class=\"\">\n\t\t\t<div style=\"border-radius: 25px;     background-size: 200% auto; background-image: linear-gradient(to right,#c47a50 0%,#c47a50 51%,#c47a50 100%) !important; margin:0 auto; width: 270px  ; height: 45px ; line-height: 45px ; text-align: center; color: #ffffff; font-size: 14px; font-weight: 500;display: block; cursor: pointer;\" class=\" button_kloud hvr-float-shadow\" onclick=\"window.location.href='https:\/\/www.masayana.com\/fr\/book'\" >\n                Book now            <\/div> \n        <\/div>       \n\t\t[vc_empty_space height=\u00a0\u00bb24px\u00a0\u00bb][\/vc_column][\/vc_row][vc_section css=\u00a0\u00bb.vc_custom_1709427364135{padding-bottom: 32px !important;}\u00a0\u00bb][vc_row][vc_column width=\u00a0\u00bb1\/2&Prime;][vc_single_image image=\u00a0\u00bb3594&Prime; img_size=\u00a0\u00bbfull\u00a0\u00bb alignment=\u00a0\u00bbcenter\u00a0\u00bb style=\u00a0\u00bbvc_box_rounded\u00a0\u00bb][vc_empty_space height=\u00a0\u00bb24px\u00a0\u00bb][vc_single_image image=\u00a0\u00bb3738&Prime; img_size=\u00a0\u00bbfull\u00a0\u00bb alignment=\u00a0\u00bbcenter\u00a0\u00bb style=\u00a0\u00bbvc_box_rounded\u00a0\u00bb][vc_empty_space height=\u00a0\u00bb24px\u00a0\u00bb][vc_single_image image=\u00a0\u00bb3744&Prime; img_size=\u00a0\u00bbfull\u00a0\u00bb alignment=\u00a0\u00bbcenter\u00a0\u00bb style=\u00a0\u00bbvc_box_rounded\u00a0\u00bb][vc_empty_space][\/vc_column][vc_column width=\u00a0\u00bb1\/2&Prime;][vc_single_image image=\u00a0\u00bb3741&Prime; img_size=\u00a0\u00bbfull\u00a0\u00bb alignment=\u00a0\u00bbcenter\u00a0\u00bb style=\u00a0\u00bbvc_box_rounded\u00a0\u00bb][vc_empty_space height=\u00a0\u00bb24px\u00a0\u00bb][vc_single_image image=\u00a0\u00bb3667&Prime; img_size=\u00a0\u00bbfull\u00a0\u00bb alignment=\u00a0\u00bbcenter\u00a0\u00bb style=\u00a0\u00bbvc_box_rounded\u00a0\u00bb][vc_empty_space][\/vc_column][\/vc_row][vc_row css=\u00a0\u00bb.vc_custom_1768211441961{padding-top: 0px !important;}\u00a0\u00bb][vc_column]        <div class=\"\">\n\t\t\t<div style=\"border-radius: 25px;     background-size: 200% auto; background-image: linear-gradient(to right,#c47a50 0%,#c47a50 51%,#c47a50 100%) !important; margin:0 auto; width: 270px  ; height: 45px ; line-height: 45px ; text-align: center; color: #ffffff; font-size: 14px; font-weight: 500;display: block; cursor: pointer;\" class=\" button_kloud hvr-float-shadow\" onclick=\"window.location.href='https:\/\/www.masayana.com\/fr\/book'\" >\n                Book now            <\/div> \n        <\/div>       \n\t\t[\/vc_column][\/vc_row][vc_row kloud_parallax=\u00a0\u00bb1&Prime; css=\u00a0\u00bb.vc_custom_1768211411082{padding-bottom: 32px !important;}\u00a0\u00bb][vc_column][vc_column_text]<\/p>\n<h2>\u00c9quipements<\/h2>\n<p>[\/vc_column_text][vc_row_inner][vc_column_inner el_class=\u00a0\u00bbmyFlex\u00a0\u00bb width=\u00a0\u00bb1\/3&Prime;][vc_icon icon_fontawesome=\u00a0\u00bbfas fa-bed\u00a0\u00bb color=\u00a0\u00bbcustom\u00a0\u00bb custom_color=\u00a0\u00bb#8fa89b\u00a0\u00bb][vc_column_text css=\u00a0\u00bb.vc_custom_1768218920364{padding-top: 10px !important;}\u00a0\u00bb]<\/p>\n<p style=\"text-align: left;\">Lit superpos\u00e9 simple<\/p>\n<p>[\/vc_column_text][\/vc_column_inner][vc_column_inner width=\u00a0\u00bb1\/3&Prime;][vc_icon icon_fontawesome=\u00a0\u00bbfas fa-tint\u00a0\u00bb color=\u00a0\u00bbcustom\u00a0\u00bb custom_color=\u00a0\u00bb#8fa89b\u00a0\u00bb][vc_column_text css=\u00a0\u00bb.vc_custom_1768210204709{padding-top: 10px !important;}\u00a0\u00bb]<\/p>\n<p style=\"text-align: left;\">Eau purifi\u00e9e gratuite<\/p>\n<p>[\/vc_column_text][\/vc_column_inner][vc_column_inner width=\u00a0\u00bb1\/3&Prime;][vc_icon icon_fontawesome=\u00a0\u00bbfas fa-tshirt\u00a0\u00bb color=\u00a0\u00bbcustom\u00a0\u00bb custom_color=\u00a0\u00bb#8fa89b\u00a0\u00bb][vc_column_text css=\u00a0\u00bb.vc_custom_1768219045533{padding-top: 10px !important;}\u00a0\u00bb]<\/p>\n<p style=\"text-align: left;\">Casier individuel<\/p>\n<p>[\/vc_column_text][\/vc_column_inner][\/vc_row_inner][vc_row_inner][vc_column_inner el_class=\u00a0\u00bbmyFlex\u00a0\u00bb width=\u00a0\u00bb1\/3&Prime;][vc_icon icon_fontawesome=\u00a0\u00bbfar fa-clone\u00a0\u00bb color=\u00a0\u00bbcustom\u00a0\u00bb custom_color=\u00a0\u00bb#8fa89b\u00a0\u00bb][vc_column_text css=\u00a0\u00bb.vc_custom_1768218997649{padding-top: 10px !important;}\u00a0\u00bb]<\/p>\n<p style=\"text-align: left;\">Linge de lit<\/p>\n<p>[\/vc_column_text][\/vc_column_inner][vc_column_inner width=\u00a0\u00bb1\/3&Prime;][vc_icon icon_fontawesome=\u00a0\u00bbfas fa-wifi\u00a0\u00bb color=\u00a0\u00bbcustom\u00a0\u00bb custom_color=\u00a0\u00bb#8fa89b\u00a0\u00bb][vc_column_text css=\u00a0\u00bb.vc_custom_1768210938737{padding-top: 10px !important;}\u00a0\u00bb]<\/p>\n<p style=\"text-align: left;\">Wi-Fi gratuit<\/p>\n<p>[\/vc_column_text][\/vc_column_inner][vc_column_inner width=\u00a0\u00bb1\/3&Prime;][vc_icon icon_fontawesome=\u00a0\u00bbfas fa-concierge-bell\u00a0\u00bb color=\u00a0\u00bbcustom\u00a0\u00bb custom_color=\u00a0\u00bb#8fa89b\u00a0\u00bb][vc_column_text css=\u00a0\u00bb.vc_custom_1768219130947{padding-top: 10px !important;}\u00a0\u00bb]<\/p>\n<p style=\"text-align: left;\">Nettoyage de la chambre tous les jours<\/p>\n<p>[\/vc_column_text][\/vc_column_inner][\/vc_row_inner][vc_row_inner][vc_column_inner el_class=\u00a0\u00bbmyFlex\u00a0\u00bb width=\u00a0\u00bb1\/3&Prime;][vc_icon icon_fontawesome=\u00a0\u00bbfar fa-snowflake\u00a0\u00bb color=\u00a0\u00bbcustom\u00a0\u00bb custom_color=\u00a0\u00bb#8fa89b\u00a0\u00bb][vc_column_text css=\u00a0\u00bb.vc_custom_1768218961009{padding-top: 10px !important;}\u00a0\u00bb]Climatisation[\/vc_column_text][\/vc_column_inner][vc_column_inner width=\u00a0\u00bb1\/3&Prime;][vc_icon icon_fontawesome=\u00a0\u00bbfas fa-unlock-alt\u00a0\u00bb color=\u00a0\u00bbcustom\u00a0\u00bb custom_color=\u00a0\u00bb#8fa89b\u00a0\u00bb][vc_column_text css=\u00a0\u00bb.vc_custom_1768220680066{padding-top: 10px !important;}\u00a0\u00bb]<\/p>\n<p style=\"text-align: left;\">Cadenas disponible (suppl\u00e9ment)<\/p>\n<p>[\/vc_column_text][\/vc_column_inner][vc_column_inner width=\u00a0\u00bb1\/3&Prime;][vc_icon icon_fontawesome=\u00a0\u00bbfas fa-shower\u00a0\u00bb color=\u00a0\u00bbcustom\u00a0\u00bb custom_color=\u00a0\u00bb#8fa89b\u00a0\u00bb][vc_column_text css=\u00a0\u00bb.vc_custom_1768219106494{padding-top: 10px !important;}\u00a0\u00bb]<\/p>\n<p style=\"text-align: left;\">Serviettes disponibles (suppl\u00e9ment)<\/p>\n<p>[\/vc_column_text][\/vc_column_inner][\/vc_row_inner][vc_empty_space][\/vc_column][\/vc_row][\/vc_section][vc_row full_width=\u00a0\u00bbstretch_row\u00a0\u00bb jws_parallax=\u00a0\u00bb1&Prime; over_lay=\u00a0\u00bbrgba(255,255,255,0.73)\u00a0\u00bb css=\u00a0\u00bb.vc_custom_1768218743150{padding-top: 200px !important;padding-bottom: 200px !important;background-image: url(https:\/\/www.masayana.com\/wp-content\/uploads\/2026\/01\/Swimming-Pool-Masayana-Hotel-El-Nido-10.jpg?id=3614) !important;background-position: center !important;background-repeat: no-repeat !important;background-size: cover !important;}\u00a0\u00bb el_class=\u00a0\u00bbpadding_01500&Prime;][vc_column css=\u00a0\u00bb.vc_custom_1513237697242{padding-right: 140px !important;padding-left: 140px !important;}\u00a0\u00bb][vc_empty_space][vc_column_text]<\/p>\n<h2 style=\"color: #f3eee7; text-align: center;\">Planifiez votre s\u00e9jour \u00e0 El Nido<\/h2>\n<p>[\/vc_column_text][vc_column_text]<\/p>\n<h3 style=\"color: #f3eee7; text-align: center;\">Tout ce que vous devez savoir avant d\u2019arriver \u00e0 El Nido.<\/h3>\n<p>[\/vc_column_text][vc_empty_space height=\u00a0\u00bb24px\u00a0\u00bb]        <div class=\"\">\n\t\t\t<div style=\"border-radius: 25px;     background-size: 200% auto; background-image: linear-gradient(to right,#8fa89b 0%,#8fa89b 51%,#8fa89b 100%) !important; margin:0 auto; width: 270px  ; height: 45px ; line-height: 45px ; text-align: center; color: #ffffff; font-size: 14px; font-weight: 500;display: block; cursor: pointer;\" class=\" button_kloud hvr-float-shadow\" onclick=\"window.location.href='https:\/\/www.masayana.com\/plan-your-trip-to-el-nido'\" >\n                Plan your trip to El Nido            <\/div> \n        <\/div>       \n\t\t[vc_empty_space][\/vc_column][\/vc_row][vc_row css=\u00a0\u00bb.vc_custom_1768194112218{padding-top: 32px !important;background-position: center !important;background-repeat: no-repeat !important;background-size: cover !important;}\u00a0\u00bb][vc_column width=\u00a0\u00bb1\/2&Prime;][vc_column_text]<\/p>\n<h2>Que faire \u00e0 El Nido<\/h2>\n<p>[\/vc_column_text][vc_empty_space height=\u00a0\u00bb24px\u00a0\u00bb][vc_column_text]De l\u2019island hopping et du kayak aux restaurants locaux, aux ap\u00e9ritifs au coucher du soleil et aux repas conviviaux, El Nido offre un m\u00e9lange facile d\u2019aventures en plein air et de moments sociaux juste \u00e0 c\u00f4t\u00e9 de Masayana.[\/vc_column_text][vc_empty_space height=\u00a0\u00bb24px\u00a0\u00bb]        <div class=\"\">\n\t\t\t<div style=\"border-radius: 25px;     background-size: 200% auto; background-image: linear-gradient(to right,#8fa89b 0%,#8fa89b 51%,#8fa89b 100%) !important; margin:0 auto; width: 270px  ; height: 45px ; line-height: 45px ; text-align: center; color: #ffffff; font-size: 14px; font-weight: 500;display: block; cursor: pointer;\" class=\" button_kloud hvr-float-shadow\" onclick=\"window.location.href='https:\/\/www.masayana.com\/things-to-do-in-el-nido'\" >\n                Discover El Nido            <\/div> \n        <\/div>       \n\t\t[vc_empty_space][\/vc_column][vc_column width=\u00a0\u00bb1\/2&Prime;][vc_single_image image=\u00a0\u00bb3732&Prime; img_size=\u00a0\u00bbfull\u00a0\u00bb alignment=\u00a0\u00bbcenter\u00a0\u00bb style=\u00a0\u00bbvc_box_rounded\u00a0\u00bb][vc_empty_space][\/vc_column][\/vc_row]<\/p>\n<\/section>","protected":false},"excerpt":{"rendered":"<p>[vc_row full_width=\u00a0\u00bbstretch_row_content_no_spaces\u00a0\u00bb kloud_parallax=\u00a0\u00bb1&Prime; css=\u00a0\u00bb.vc_custom_1768217845397{padding-top: 200px !important;padding-bottom: 200px !important;background: #1f4e3d url(https:\/\/www.masayana.com\/wp-content\/uploads\/2026\/01\/dormMasyanaElNidoRooms.jpg?id=3611) !important;background-position: center !important;background-repeat: no-repeat !important;background-size: cover !important;}\u00a0\u00bb][vc_column][\/vc_column][\/vc_row][vc_row kloud_parallax=\u00a0\u00bb1&Prime; css=\u00a0\u00bb.vc_custom_1768208830509{padding-bottom: 32px !important;}\u00a0\u00bb][vc_column][vc_row_inner][vc_column_inner el_class=\u00a0\u00bbmyFlex\u00a0\u00bb width=\u00a0\u00bb1\/3&Prime;][vc_icon icon_fontawesome=\u00a0\u00bbfas fa-user-friends\u00a0\u00bb color=\u00a0\u00bbcustom\u00a0\u00bb custom_color=\u00a0\u00bb#8fa89b\u00a0\u00bb][vc_column_text css=\u00a0\u00bb.vc_custom_1768217208060{padding-top: 10px !important;}\u00a0\u00bb] Partag\u00e9, maximum 4 personnes [\/vc_column_text][\/vc_column_inner][vc_column_inner width=\u00a0\u00bb1\/3&Prime;][vc_icon icon_fontawesome=\u00a0\u00bbfas fa-umbrella-beach\u00a0\u00bb color=\u00a0\u00bbcustom\u00a0\u00bb custom_color=\u00a0\u00bb#8fa89b\u00a0\u00bb][vc_column_text css=\u00a0\u00bb.vc_custom_1768217199717{padding-top: 10px !important;}\u00a0\u00bb] Terrasse partag\u00e9e [\/vc_column_text][\/vc_column_inner][vc_column_inner width=\u00a0\u00bb1\/3&Prime;][vc_icon icon_fontawesome=\u00a0\u00bbfas fa-vector-square\u00a0\u00bb color=\u00a0\u00bbcustom\u00a0\u00bb custom_color=\u00a0\u00bb#8fa89b\u00a0\u00bb][vc_column_text css=\u00a0\u00bb.vc_custom_1768217247879{padding-top: 10px !important;}\u00a0\u00bb] Vue [&hellip;]<\/p>\n","protected":false},"author":1,"featured_media":0,"parent":3159,"menu_order":0,"comment_status":"closed","ping_status":"closed","template":"","meta":{"footnotes":""},"class_list":["post-4273","page","type-page","status-publish","hentry"],"_links":{"self":[{"href":"https:\/\/www.masayana.com\/fr\/wp-json\/wp\/v2\/pages\/4273"}],"collection":[{"href":"https:\/\/www.masayana.com\/fr\/wp-json\/wp\/v2\/pages"}],"about":[{"href":"https:\/\/www.masayana.com\/fr\/wp-json\/wp\/v2\/types\/page"}],"author":[{"embeddable":true,"href":"https:\/\/www.masayana.com\/fr\/wp-json\/wp\/v2\/users\/1"}],"replies":[{"embeddable":true,"href":"https:\/\/www.masayana.com\/fr\/wp-json\/wp\/v2\/comments?post=4273"}],"version-history":[{"count":6,"href":"https:\/\/www.masayana.com\/fr\/wp-json\/wp\/v2\/pages\/4273\/revisions"}],"predecessor-version":[{"id":4323,"href":"https:\/\/www.masayana.com\/fr\/wp-json\/wp\/v2\/pages\/4273\/revisions\/4323"}],"up":[{"embeddable":true,"href":"https:\/\/www.masayana.com\/fr\/wp-json\/wp\/v2\/pages\/3159"}],"wp:attachment":[{"href":"https:\/\/www.masayana.com\/fr\/wp-json\/wp\/v2\/media?parent=4273"}],"curies":[{"name":"wp","href":"https:\/\/api.w.org\/{rel}","templated":true}]}}