{"id":4248,"date":"2026-01-19T02:03:23","date_gmt":"2026-01-19T02:03:23","guid":{"rendered":"https:\/\/www.masayana.com\/plan-your-trip-to-el-nido\/comment-se-rendre-a-el-nido\/"},"modified":"2026-02-16T10:38:32","modified_gmt":"2026-02-16T10:38:32","slug":"comment-se-rendre-a-el-nido","status":"publish","type":"page","link":"https:\/\/www.masayana.com\/fr\/planifiez-votre-voyage-a-el-nido\/comment-se-rendre-a-el-nido\/","title":{"rendered":"Comment se rendre \u00e0 El Nido"},"content":{"rendered":"<section class=\"wpb-content-wrapper\"><p>[vc_row full_width=\u00a0\u00bbstretch_row_content_no_spaces\u00a0\u00bb kloud_parallax=\u00a0\u00bb1&Prime; css=\u00a0\u00bb.vc_custom_1768794469327{padding-top: 200px !important;padding-bottom: 200px !important;background: #1f4e3d url(https:\/\/www.masayana.com\/wp-content\/uploads\/2026\/01\/ActivitiesHeader.webp?id=3954) !important;background-position: center !important;background-repeat: no-repeat !important;background-size: cover !important;}\u00a0\u00bb][vc_column][\/vc_column][\/vc_row][vc_row css=\u00a0\u00bb.vc_custom_1768353434345{padding-bottom: 32px !important;}\u00a0\u00bb][vc_column][vc_column_text css_animation=\u00a0\u00bbnone\u00a0\u00bb css=\u00a0\u00bb.vc_custom_1768792667891{padding-bottom: 0px !important;}\u00a0\u00bb]<\/p>\n<h2>Comment se rendre \u00e0 El Nido<\/h2>\n<p>[\/vc_column_text][vc_empty_space height=\u00a0\u00bb24px\u00a0\u00bb][vc_column_text css_animation=\u00a0\u00bbnone\u00a0\u00bb css=\u00a0\u00bb.vc_custom_1768792846967{padding-bottom: 0px !important;}\u00a0\u00bb]Se rendre \u00e0 El Nido, \u00e0 Palawan, fait partie du voyage. Que vous arriviez en avion, en van partag\u00e9 ou en ferry, chaque trajet vous rapproche des falaises calcaires, des paysages d\u2019\u00eeles et d\u2019un rythme de vie plus lent.[\/vc_column_text][vc_empty_space height=\u00a0\u00bb24px\u00a0\u00bb][vc_column_text css_animation=\u00a0\u00bbnone\u00a0\u00bb css=\u00a0\u00bb.vc_custom_1768792862881{padding-bottom: 0px !important;}\u00a0\u00bb]Ce guide explique comment se rendre \u00e0 El Nido et vous aide \u00e0 choisir la meilleure option pour arriver en toute s\u00e9r\u00e9nit\u00e9 et commencer votre s\u00e9jour en toute simplicit\u00e9.[\/vc_column_text][\/vc_column][\/vc_row][vc_row][vc_column offset=\u00a0\u00bbvc_col-lg-6 vc_col-md-6&Prime;][vc_empty_space][vc_column_text css_animation=\u00a0\u00bbnone\u00a0\u00bb css=\u00a0\u00bb.vc_custom_1768793244456{padding-bottom: 0px !important;}\u00a0\u00bb]<\/p>\n<h2>Par air &#8211; avion<\/h2>\n<p>[\/vc_column_text][vc_empty_space height=\u00a0\u00bb24px\u00a0\u00bb][vc_column_text css_animation=\u00a0\u00bbnone\u00a0\u00bb css=\u00a0\u00bb.vc_custom_1768793384054{padding-bottom: 0px !important;}\u00a0\u00bb]L\u2019avion est le moyen le plus rapide et le plus pratique pour rejoindre El Nido. Des vols directs sont disponibles depuis Manille et Cebu vers l\u2019a\u00e9roport d\u2019El Nido (a\u00e9roport de Lio), situ\u00e9 \u00e0 seulement 4 km du centre-ville d\u2019El Nido. La dur\u00e9e du vol est d\u2019environ 1 heure, ce qui en fait l\u2019option la plus simple pour les voyageurs disposant de peu de temps.[\/vc_column_text][vc_empty_space height=\u00a0\u00bb24px\u00a0\u00bb][vc_column_text css_animation=\u00a0\u00bbnone\u00a0\u00bb css=\u00a0\u00bb.vc_custom_1768793436720{padding-bottom: 0px !important;}\u00a0\u00bb]Vous pouvez \u00e9galement prendre un vol depuis Manille, Cebu ou d\u2019autres grandes villes des Philippines vers l\u2019a\u00e9roport de Puerto Princesa avec des compagnies telles que Philippine Airlines, Cebu Pacific ou AirAsia. Depuis Puerto Princesa, El Nido est accessible par voie terrestre en environ 5 \u00e0 6 heures.[\/vc_column_text][vc_empty_space][\/vc_column][vc_column offset=\u00a0\u00bbvc_col-lg-6 vc_col-md-6&Prime;][vc_empty_space][vc_column_text css_animation=\u00a0\u00bbnone\u00a0\u00bb css=\u00a0\u00bb.vc_custom_1768793200838{padding-bottom: 0px !important;}\u00a0\u00bb]<\/p>\n<h2>Par voie terrestre \u2013 van ou bus<\/h2>\n<p>[\/vc_column_text][vc_empty_space height=\u00a0\u00bb24px\u00a0\u00bb][vc_column_text css_animation=\u00a0\u00bbnone\u00a0\u00bb css=\u00a0\u00bb.vc_custom_1768793816503{padding-bottom: 0px !important;}\u00a0\u00bb]Voyager de Puerto Princesa \u00e0 El Nido par voie terrestre est une option courante. Les vans partag\u00e9s mettent environ 5 \u00e0 6 heures et constituent le moyen le plus rapide pour rejoindre El Nido par la route. Des vans priv\u00e9s sont \u00e9galement disponibles pour les voyageurs qui pr\u00e9f\u00e8rent plus d\u2019espace ou de flexibilit\u00e9.[\/vc_column_text][vc_empty_space height=\u00a0\u00bb24px\u00a0\u00bb][vc_column_text css_animation=\u00a0\u00bbnone\u00a0\u00bb css=\u00a0\u00bb.vc_custom_1768793835960{padding-bottom: 0px !important;}\u00a0\u00bb]Une autre option consiste \u00e0 voyager avec Cherry Bus, qui part du terminal de San Jose et arrive au terminal de bus d\u2019El Nido. Bien que le trajet dure environ 6 \u00e0 8 heures, le bus est plus spacieux et confortable, ce qui en fait un bon choix pour un voyage plus long mais plus agr\u00e9able.[\/vc_column_text][vc_empty_space][\/vc_column][\/vc_row][vc_row][vc_column offset=\u00a0\u00bbvc_col-lg-6 vc_col-md-6&Prime;][vc_column_text css_animation=\u00a0\u00bbnone\u00a0\u00bb css=\u00a0\u00bb.vc_custom_1768793215202{padding-bottom: 0px !important;}\u00a0\u00bb]<\/p>\n<h2>Par mer \u2013 ferry<\/h2>\n<p>[\/vc_column_text][vc_empty_space height=\u00a0\u00bb24px\u00a0\u00bb][vc_column_text css_animation=\u00a0\u00bbnone\u00a0\u00bb css=\u00a0\u00bb.vc_custom_1768794106159{padding-bottom: 0px !important;}\u00a0\u00bb]El Nido est \u00e9galement accessible par la mer depuis Coron. Des services de ferry op\u00e8rent entre Coron et El Nido avec des compagnies telles que Montenegro Shipping Lines et Phimal Fast Ferry, selon la saison et les conditions m\u00e9t\u00e9orologiques. La travers\u00e9e maritime dure g\u00e9n\u00e9ralement entre 3 et 5 heures.[\/vc_column_text][vc_empty_space height=\u00a0\u00bb24px\u00a0\u00bb][vc_column_text css_animation=\u00a0\u00bbnone\u00a0\u00bb css=\u00a0\u00bb.vc_custom_1768794129616{padding-bottom: 0px !important;}\u00a0\u00bb]Une autre mani\u00e8re populaire d\u2019arriver \u00e0 El Nido par la mer est de participer \u00e0 une excursion d\u2019island hopping de plusieurs jours entre Coron et El Nido. Ces exp\u00e9ditions traversent des \u00eeles et des plages isol\u00e9es sur plusieurs jours et se terminent \u00e0 El Nido, combinant le transport avec la d\u00e9couverte des \u00eeles tout au long du parcours.[\/vc_column_text][vc_empty_space][\/vc_column][vc_column offset=\u00a0\u00bbvc_col-lg-6 vc_col-md-6&Prime;][vc_single_image image=\u00a0\u00bb3859&Prime; img_size=\u00a0\u00bbfull\u00a0\u00bb alignment=\u00a0\u00bbcenter\u00a0\u00bb style=\u00a0\u00bbvc_box_rounded\u00a0\u00bb][vc_empty_space][\/vc_column][\/vc_row][vc_row full_width=\u00a0\u00bbstretch_row\u00a0\u00bb jws_parallax=\u00a0\u00bb1&Prime; over_lay=\u00a0\u00bbrgba(255,255,255,0.73)\u00a0\u00bb el_class=\u00a0\u00bbpadding_01500&Prime;][vc_column css=\u00a0\u00bb.vc_custom_1513237697242{padding-right: 140px !important;padding-left: 140px !important;}\u00a0\u00bb][vc_column_text css_animation=\u00a0\u00bbnone\u00a0\u00bb css=\u00a0\u00bb.vc_custom_1768794326405{padding-bottom: 0px !important;}\u00a0\u00bb]<\/p>\n<p data-start=\"86\" data-end=\"324\">Si n\u00e9cessaire, nous pouvons vous aider \u00e0 organiser le transport terrestre jusqu\u2019\u00e0 El Nido, y compris des services de van partag\u00e9 ou priv\u00e9 et de bus. N\u2019h\u00e9sitez pas \u00e0 <a href=\"https:\/\/www.masayana.com\/fr\/contact\/\">nous contacter<\/a> pour planifier votre voyage \u00e0 El Nido.<\/p>\n<p>[\/vc_column_text][vc_empty_space][\/vc_column][\/vc_row][vc_row full_width=\u00a0\u00bbstretch_row\u00a0\u00bb jws_parallax=\u00a0\u00bb1&Prime; over_lay=\u00a0\u00bbrgba(255,255,255,0.73)\u00a0\u00bb css=\u00a0\u00bb.vc_custom_1768295756472{padding-top: 100px !important;padding-bottom: 100px !important;background-image: url(https:\/\/www.masayana.com\/wp-content\/uploads\/2026\/01\/PoolBarMasayanahotelElnido.webp?id=3834) !important;background-position: center !important;background-repeat: no-repeat !important;background-size: cover !important;}\u00a0\u00bb el_class=\u00a0\u00bbpadding_01500&Prime;][vc_column css=\u00a0\u00bb.vc_custom_1513237697242{padding-right: 140px !important;padding-left: 140px !important;}\u00a0\u00bb][vc_empty_space][vc_empty_space][vc_column_text css_animation=\u00a0\u00bbnone\u00a0\u00bb css=\u00a0\u00bb.vc_custom_1768296685769{padding-bottom: 0px !important;}\u00a0\u00bb]<\/p>\n<h2 style=\"color: #f3eee7;\">Bar de la piscine Masayana<\/h2>\n<p>[\/vc_column_text][vc_column_text css_animation=\u00a0\u00bbnone\u00a0\u00bb css=\u00a0\u00bb.vc_custom_1768794356738{padding-bottom: 0px !important;}\u00a0\u00bb]<\/p>\n<h3 style=\"color: #f3eee7;\">Un verre au bord de la piscine, une pause rafra\u00eechissante apr\u00e8s un long voyage jusqu\u2019\u00e0 El Nido.<\/h3>\n<p>[\/vc_column_text][vc_empty_space height=\u00a0\u00bb24px\u00a0\u00bb]        <div class=\"\">\n\t\t\t<div style=\"border-radius: 25px;     background-size: 200% auto; background-image: linear-gradient(to right,#c47a50 0%,#c47a50 51%,#c47a50 100%) !important; margin:0; width: 170px  ; height: 45px ; line-height: 45px ; text-align: center; color: #ffffff; font-size: 14px; font-weight: 500;display: block; cursor: pointer;\" class=\" button_kloud hvr-float-shadow\" onclick=\"window.location.href='https:\/\/www.masayana.com\/fr\/chambres'\" >\n                Voir les Chambres            <\/div> \n        <\/div>       \n\t\t[vc_empty_space][\/vc_column][\/vc_row]<\/p>\n<\/section>","protected":false},"excerpt":{"rendered":"<p>[vc_row full_width=\u00a0\u00bbstretch_row_content_no_spaces\u00a0\u00bb kloud_parallax=\u00a0\u00bb1&Prime; css=\u00a0\u00bb.vc_custom_1768794469327{padding-top: 200px !important;padding-bottom: 200px !important;background: #1f4e3d url(https:\/\/www.masayana.com\/wp-content\/uploads\/2026\/01\/ActivitiesHeader.webp?id=3954) !important;background-position: center !important;background-repeat: no-repeat !important;background-size: cover !important;}\u00a0\u00bb][vc_column][\/vc_column][\/vc_row][vc_row css=\u00a0\u00bb.vc_custom_1768353434345{padding-bottom: 32px !important;}\u00a0\u00bb][vc_column][vc_column_text css_animation=\u00a0\u00bbnone\u00a0\u00bb css=\u00a0\u00bb.vc_custom_1768792667891{padding-bottom: 0px !important;}\u00a0\u00bb] Comment se rendre \u00e0 El Nido [\/vc_column_text][vc_empty_space height=\u00a0\u00bb24px\u00a0\u00bb][vc_column_text css_animation=\u00a0\u00bbnone\u00a0\u00bb css=\u00a0\u00bb.vc_custom_1768792846967{padding-bottom: 0px !important;}\u00a0\u00bb]Se rendre \u00e0 El Nido, \u00e0 Palawan, fait partie du voyage. Que vous arriviez en avion, en van partag\u00e9 ou [&hellip;]<\/p>\n","protected":false},"author":1,"featured_media":3573,"parent":4237,"menu_order":0,"comment_status":"closed","ping_status":"closed","template":"","meta":{"footnotes":""},"class_list":["post-4248","page","type-page","status-publish","has-post-thumbnail","hentry"],"_links":{"self":[{"href":"https:\/\/www.masayana.com\/fr\/wp-json\/wp\/v2\/pages\/4248"}],"collection":[{"href":"https:\/\/www.masayana.com\/fr\/wp-json\/wp\/v2\/pages"}],"about":[{"href":"https:\/\/www.masayana.com\/fr\/wp-json\/wp\/v2\/types\/page"}],"author":[{"embeddable":true,"href":"https:\/\/www.masayana.com\/fr\/wp-json\/wp\/v2\/users\/1"}],"replies":[{"embeddable":true,"href":"https:\/\/www.masayana.com\/fr\/wp-json\/wp\/v2\/comments?post=4248"}],"version-history":[{"count":3,"href":"https:\/\/www.masayana.com\/fr\/wp-json\/wp\/v2\/pages\/4248\/revisions"}],"predecessor-version":[{"id":4337,"href":"https:\/\/www.masayana.com\/fr\/wp-json\/wp\/v2\/pages\/4248\/revisions\/4337"}],"up":[{"embeddable":true,"href":"https:\/\/www.masayana.com\/fr\/wp-json\/wp\/v2\/pages\/4237"}],"wp:featuredmedia":[{"embeddable":true,"href":"https:\/\/www.masayana.com\/fr\/wp-json\/wp\/v2\/media\/3573"}],"wp:attachment":[{"href":"https:\/\/www.masayana.com\/fr\/wp-json\/wp\/v2\/media?parent=4248"}],"curies":[{"name":"wp","href":"https:\/\/api.w.org\/{rel}","templated":true}]}}