{"id":4243,"date":"2026-01-19T02:08:37","date_gmt":"2026-01-19T02:08:37","guid":{"rendered":"https:\/\/www.masayana.com\/plan-your-trip-to-el-nido\/bon-a-savoir-avant-de-visiter-el-nido\/"},"modified":"2026-02-16T10:47:15","modified_gmt":"2026-02-16T10:47:15","slug":"bon-a-savoir-avant-de-visiter-el-nido","status":"publish","type":"page","link":"https:\/\/www.masayana.com\/fr\/planifiez-votre-voyage-a-el-nido\/bon-a-savoir-avant-de-visiter-el-nido\/","title":{"rendered":"Bon \u00e0 savoir avant de visiter El Nido"},"content":{"rendered":"<section class=\"wpb-content-wrapper\"><p>[vc_row full_width=\u00a0\u00bbstretch_row_content_no_spaces\u00a0\u00bb kloud_parallax=\u00a0\u00bb1&Prime; css=\u00a0\u00bb.vc_custom_1768794469327{padding-top: 200px !important;padding-bottom: 200px !important;background: #1f4e3d url(https:\/\/www.masayana.com\/wp-content\/uploads\/2026\/01\/ActivitiesHeader.webp?id=3954) !important;background-position: center !important;background-repeat: no-repeat !important;background-size: cover !important;}\u00a0\u00bb][vc_column][\/vc_column][\/vc_row][vc_row css=\u00a0\u00bb.vc_custom_1768353434345{padding-bottom: 32px !important;}\u00a0\u00bb][vc_column][vc_column_text css_animation=\u00a0\u00bbnone\u00a0\u00bb css=\u00a0\u00bb.vc_custom_1768803863053{padding-bottom: 0px !important;}\u00a0\u00bb]<\/p>\n<h2>Bon \u00e0 savoir avant de visiter El Nido<\/h2>\n<p>[\/vc_column_text][vc_empty_space height=\u00a0\u00bb24px\u00a0\u00bb][vc_column_text css_animation=\u00a0\u00bbnone\u00a0\u00bb css=\u00a0\u00bb.vc_custom_1768804120020{padding-bottom: 0px !important;}\u00a0\u00bb]El Nido est une destination tropicale \u00e0 Palawan, avec ses propres rythmes, son climat et ses usages locaux. Conna\u00eetre quelques d\u00e9tails pratiques avant votre arriv\u00e9e peut vous aider \u00e0 voyager plus confortablement et \u00e0 avoir les bonnes attentes pour votre s\u00e9jour.[\/vc_column_text][vc_empty_space height=\u00a0\u00bb24px\u00a0\u00bb][vc_column_text css_animation=\u00a0\u00bbnone\u00a0\u00bb css=\u00a0\u00bb.vc_custom_1768804130133{padding-bottom: 0px !important;}\u00a0\u00bb]Cette page rassemble des informations utiles \u00e0 garder en t\u00eate lors de votre visite \u00e0 El Nido, des aspects pratiques du quotidien aux conseils simples pour profiter de la r\u00e9gion avec aisance et respect.[\/vc_column_text][\/vc_column][\/vc_row][vc_row][vc_column width=\u00a0\u00bb1\/3&Prime;][vc_empty_space]\t\t\t<div class=\" cursor-pointer kloud-info-box text-center icon-alignment-top box-style-base color-scheme-dark  hover2 left_icon\" onclick=\"window.location.href='#'\" >\n                            \n\t\t\t\t\t\t\t\t\t<div class=\"box-icon-wrapper\">\n\t\t\t\t\t\t<div class=\"info-box-icon\">\n\t\t\t\t\t\t\t\t\t\t\t\t\t\t\t\t\t\t\t\t\t\t\t\t\t\t\t\t\t\t\t\t\t\t                                <div class=\"has_icon\"><span style=\"color:#8fa89b\" class=\"ion-ios-partlysunny\"><\/span><\/div>                                                                                                \n\t\t\t\t\t\t<\/div>\n\t\t\t\t\t<\/div>\n\t\t\t\t\t\t\t\t<div class=\"info-box-content\">\n\t\t\t\t\t<div class=\"info-box-inner\">\n                        <p>\n\t\t\t\t\t\t<\/p>\n<h3 style=\"margin-bottom: 15px; text-align: center;\">La m\u00e9t\u00e9o<\/h3>\n<p style=\"text-align: left;\">El Nido b\u00e9n\u00e9ficie d\u2019un climat tropical avec une saison s\u00e8che de novembre \u00e0 mai, p\u00e9riode durant laquelle les journ\u00e9es sont g\u00e9n\u00e9ralement plus ensoleill\u00e9es et la mer plus calme, ce qui en fait un bon moment pour les activit\u00e9s nautiques et les journ\u00e9es \u00e0 la plage.<\/p>\n<p>&nbsp;<\/p>\n<p style=\"text-align: left;\">La saison des pluies s\u2019\u00e9tend g\u00e9n\u00e9ralement de juin \u00e0 octobre. Durant cette p\u00e9riode, une mer plus agit\u00e9e et des typhons occasionnels peuvent affecter les d\u00e9placements et les excursions en bateau.<\/p>\n<p>\t\t\t\t\t<\/div>\n\t\t\t\t<\/div>\n                \t\t\t<\/div>\n\t\t[\/vc_column][vc_column width=\u00a0\u00bb1\/3&Prime;][vc_empty_space]\t\t\t<div class=\" cursor-pointer kloud-info-box text-center icon-alignment-top box-style-base color-scheme-dark  hover2 left_icon\" onclick=\"window.location.href='#'\" >\n                            \n\t\t\t\t\t\t\t\t\t<div class=\"box-icon-wrapper\">\n\t\t\t\t\t\t<div class=\"info-box-icon\">\n\t\t\t\t\t\t\t\t\t\t\t\t\t\t\t\t\t\t\t\t\t\t\t\t\t\t\t\t\t\t\t\t\t\t                                <div class=\"has_icon\"><span style=\"color:#8fa89b\" class=\"ion-ios-trash\"><\/span><\/div>                                                                                                \n\t\t\t\t\t\t<\/div>\n\t\t\t\t\t<\/div>\n\t\t\t\t\t\t\t\t<div class=\"info-box-content\">\n\t\t\t\t\t<div class=\"info-box-inner\">\n                        <p>\n\t\t\t\t\t\t<\/p>\n<h3 style=\"margin-bottom: 15px; text-align: center;\">Politique z\u00e9ro plastique<\/h3>\n<p style=\"text-align: left;\">El Nido applique une politique locale de r\u00e9duction du plastique visant \u00e0 limiter l\u2019utilisation des plastiques \u00e0 usage unique afin de prot\u00e9ger l\u2019environnement marin et les plages environnantes. Les sacs plastiques et les pailles sont restreints, et les visiteurs sont encourag\u00e9s \u00e0 utiliser des alternatives r\u00e9utilisables.<\/p>\n<p>&nbsp;<\/p>\n<p style=\"text-align: left;\">Des initiatives r\u00e9guli\u00e8res de nettoyage et des actions de sensibilisation contribuent \u00e0 maintenir la r\u00e9gion propre. De petits gestes, comme r\u00e9duire ses d\u00e9chets et r\u00e9utiliser autant que possible, font la diff\u00e9rence pendant votre s\u00e9jour.<\/p>\n<p>\t\t\t\t\t<\/div>\n\t\t\t\t<\/div>\n                \t\t\t<\/div>\n\t\t[\/vc_column][vc_column width=\u00a0\u00bb1\/3&Prime;][vc_empty_space]\t\t\t<div class=\" cursor-pointer kloud-info-box text-center icon-alignment-top box-style-base color-scheme-dark  hover2 left_icon\" onclick=\"window.location.href='#'\" >\n                            \n\t\t\t\t\t\t\t\t\t<div class=\"box-icon-wrapper\">\n\t\t\t\t\t\t<div class=\"info-box-icon\">\n\t\t\t\t\t\t\t\t\t\t\t\t\t\t\t\t\t\t\t\t\t\t\t\t\t\t\t\t\t\t\t\t\t\t                                <div class=\"has_icon\"><span style=\"color:#8fa89b\" class=\"ion-waterdrop\"><\/span><\/div>                                                                                                \n\t\t\t\t\t\t<\/div>\n\t\t\t\t\t<\/div>\n\t\t\t\t\t\t\t\t<div class=\"info-box-content\">\n\t\t\t\t\t<div class=\"info-box-inner\">\n                        <p>\n\t\t\t\t\t\t<\/p>\n<h3 style=\"margin-bottom: 15px; text-align: center;\">L\u2019eau<\/h3>\n<p style=\"text-align: left;\">L\u2019eau du robinet \u00e0 El Nido n\u2019est pas potable. Nous recommandons d\u2019utiliser de l\u2019eau en bouteille provenant des commerces locaux ou de l\u2019eau potable purifi\u00e9e.<\/p>\n<p>&nbsp;<\/p>\n<p style=\"text-align: left;\">Il est important de rester bien hydrat\u00e9, en particulier dans un climat tropical et lors des activit\u00e9s en plein air. Gardez de l\u2019eau avec vous tout au long de la journ\u00e9e.<\/p>\n<p>\t\t\t\t\t<\/div>\n\t\t\t\t<\/div>\n                \t\t\t<\/div>\n\t\t[\/vc_column][\/vc_row][vc_row][vc_column width=\u00a0\u00bb1\/3&Prime;][vc_empty_space]\t\t\t<div class=\" cursor-pointer kloud-info-box text-center icon-alignment-top box-style-base color-scheme-dark  hover2 left_icon\" onclick=\"window.location.href='#'\" >\n                            \n\t\t\t\t\t\t\t\t\t<div class=\"box-icon-wrapper\">\n\t\t\t\t\t\t<div class=\"info-box-icon\">\n\t\t\t\t\t\t\t\t\t\t\t\t\t\t\t\t\t\t\t\t\t\t\t\t\t\t\t\t\t\t\t\t\t\t                                <div class=\"has_icon\"><span style=\"color:#8fa89b\" class=\"ion-ios-medkit\"><\/span><\/div>                                                                                                \n\t\t\t\t\t\t<\/div>\n\t\t\t\t\t<\/div>\n\t\t\t\t\t\t\t\t<div class=\"info-box-content\">\n\t\t\t\t\t<div class=\"info-box-inner\">\n                        <p>\n\t\t\t\t\t\t<\/p>\n<h3 style=\"margin-bottom: 15px;\">Soins de sant\u00e9<\/h3>\n<p style=\"text-align: left;\">La ville d\u2019El Nido dispose de quelques cliniques priv\u00e9es, telles que <a href=\"https:\/\/share.google\/5kunWsSs5tPp1WJ6R\" rel=\"noopener\">Healthway Lio<\/a> et <a href=\"https:\/\/goo.gl\/maps\/mVoptLk8jRPCFqvcA\" rel=\"noopener\">Adventist Hospital Palawan Clinic<\/a>, ainsi que de quelques pharmacies o\u00f9 vous pouvez trouver des m\u00e9dicaments de premi\u00e8re n\u00e9cessit\u00e9.<\/p>\n<p>&nbsp;<\/p>\n<p style=\"text-align: left;\">In case of emergencies, heading north for 40 minutes by van there is <a href=\"https:\/\/goo.gl\/maps\/o3UbDPxiojBaTigYA\" rel=\"noopener\">El Nido Community Hospita<\/a>l. Heading south, there is the <a href=\"https:\/\/goo.gl\/maps\/qbXqmQS81kUUjGB3A\" rel=\"noopener\">Northern Palawan Provincial Hospital<\/a> in Taytay town, which is around 1 hour away by van. Otherwise the main hospitals are in Puerto Princesa (5h south by van).<\/p>\n<p>\t\t\t\t\t<\/div>\n\t\t\t\t<\/div>\n                \t\t\t<\/div>\n\t\t[\/vc_column][vc_column width=\u00a0\u00bb1\/3&Prime;][vc_empty_space]\t\t\t<div class=\" cursor-pointer kloud-info-box text-center icon-alignment-top box-style-base color-scheme-dark  hover2 left_icon\" onclick=\"window.location.href='#'\" >\n                            \n\t\t\t\t\t\t\t\t\t<div class=\"box-icon-wrapper\">\n\t\t\t\t\t\t<div class=\"info-box-icon\">\n\t\t\t\t\t\t\t\t\t\t\t\t\t\t\t\t\t\t\t\t\t\t\t\t\t\t\t\t\t\t\t\t\t\t                                <div class=\"has_icon\"><span style=\"color:#8fa89b\" class=\"ion-cash\"><\/span><\/div>                                                                                                \n\t\t\t\t\t\t<\/div>\n\t\t\t\t\t<\/div>\n\t\t\t\t\t\t\t\t<div class=\"info-box-content\">\n\t\t\t\t\t<div class=\"info-box-inner\">\n                        <p>\n\t\t\t\t\t\t<\/p>\n<h3 style=\"margin-bottom: 15px;\">Esp\u00e8ces, distributeurs automatiques et banques<\/h3>\n<p style=\"text-align: left;\">El Nido fonctionne principalement en esp\u00e8ces, il est donc conseill\u00e9 de pr\u00e9voir suffisamment de liquide, car les cartes de cr\u00e9dit sont peu accept\u00e9es. Des distributeurs automatiques sont disponibles en ville aupr\u00e8s des banques <a href=\"https:\/\/goo.gl\/maps\/mfXtkUwQqRyns9hw9\" rel=\"noopener\">Metrobank<\/a> et <a href=\"https:\/\/goo.gl\/maps\/JGZnzMDNFDmDVL2T7\" rel=\"noopener\">BPI<\/a>, qui offrent \u00e9galement les meilleurs taux de change.<\/p>\n<p>\t\t\t\t\t<\/div>\n\t\t\t\t<\/div>\n                \t\t\t<\/div>\n\t\t[\/vc_column][vc_column width=\u00a0\u00bb1\/3&Prime;][vc_empty_space]\t\t\t<div class=\" cursor-pointer kloud-info-box text-center icon-alignment-top box-style-base color-scheme-dark  hover2 left_icon\" onclick=\"window.location.href='#'\" >\n                            \n\t\t\t\t\t\t\t\t\t<div class=\"box-icon-wrapper\">\n\t\t\t\t\t\t<div class=\"info-box-icon\">\n\t\t\t\t\t\t\t\t\t\t\t\t\t\t\t\t\t\t\t\t\t\t\t\t\t\t\t\t\t\t\t\t\t\t                                <div class=\"has_icon\"><span style=\"color:#8fa89b\" class=\"ion-leaf\"><\/span><\/div>                                                                                                \n\t\t\t\t\t\t<\/div>\n\t\t\t\t\t<\/div>\n\t\t\t\t\t\t\t\t<div class=\"info-box-content\">\n\t\t\t\t\t<div class=\"info-box-inner\">\n                        <p>\n\t\t\t\t\t\t<\/p>\n<h3 style=\"margin-bottom: 15px;\">Environnement<\/h3>\n<p style=\"text-align: left;\">El Nido est une zone marine prot\u00e9g\u00e9e dot\u00e9e d\u2019un \u00e9cosyst\u00e8me riche et fragile. Les visiteurs sont encourag\u00e9s \u00e0 respecter l\u2019environnement en \u00e9vitant tout contact avec les coraux, en limitant les d\u00e9chets et en suivant les consignes locales lors des excursions et des activit\u00e9s.<\/p>\n<p>\t\t\t\t\t<\/div>\n\t\t\t\t<\/div>\n                \t\t\t<\/div>\n\t\t[\/vc_column][\/vc_row][vc_row][vc_column width=\u00a0\u00bb1\/3&Prime;][vc_empty_space]\t\t\t<div class=\" cursor-pointer kloud-info-box text-center icon-alignment-top box-style-base color-scheme-dark  hover2 left_icon\" onclick=\"window.location.href='#'\" >\n                            \n\t\t\t\t\t\t\t\t\t<div class=\"box-icon-wrapper\">\n\t\t\t\t\t\t<div class=\"info-box-icon\">\n\t\t\t\t\t\t\t\t\t\t\t\t\t\t\t\t\t\t\t\t\t\t\t\t\t\t\t\t\t\t\t\t\t\t                                <div class=\"has_icon\"><span style=\"color:#8fa89b\" class=\"ion-battery-charging\"><\/span><\/div>                                                                                                \n\t\t\t\t\t\t<\/div>\n\t\t\t\t\t<\/div>\n\t\t\t\t\t\t\t\t<div class=\"info-box-content\">\n\t\t\t\t\t<div class=\"info-box-inner\">\n                        <p>\n\t\t\t\t\t\t<\/p>\n<h3 style=\"margin-bottom: 15px;\">\u00c9lectricit\u00e9<\/h3>\n<p style=\"text-align: left;\">El Nido dispose de l\u2019\u00e9lectricit\u00e9, mais des coupures de courant peuvent survenir occasionnellement, notamment lors des typhons ou de travaux de maintenance. Il est toujours recommand\u00e9 d\u2019emporter une batterie externe ou des piles de rechange pour vos appareils \u00e9lectroniques.<\/p>\n<p>&nbsp;<\/p>\n<p style=\"text-align: left;\">\u00c0 Masayana, nous faisons des choix qui privil\u00e9gient la durabilit\u00e9 et la protection de l\u2019environnement plut\u00f4t que la facilit\u00e9 ou les gains \u00e0 court terme, comme le fait de faire fonctionner un g\u00e9n\u00e9rateur plusieurs heures par jour en cas de d\u00e9faillance du fournisseur d\u2019\u00e9lectricit\u00e9 de Palawan, Paleco.<\/p>\n<p>\t\t\t\t\t<\/div>\n\t\t\t\t<\/div>\n                \t\t\t<\/div>\n\t\t[\/vc_column][vc_column width=\u00a0\u00bb1\/3&Prime;][vc_empty_space]\t\t\t<div class=\" cursor-pointer kloud-info-box text-center icon-alignment-top box-style-base color-scheme-dark  hover2 left_icon\" onclick=\"window.location.href='#'\" >\n                            \n\t\t\t\t\t\t\t\t\t<div class=\"box-icon-wrapper\">\n\t\t\t\t\t\t<div class=\"info-box-icon\">\n\t\t\t\t\t\t\t\t\t\t\t\t\t\t\t\t\t\t\t\t\t\t\t\t\t\t\t\t\t\t\t\t\t\t                                <div class=\"has_icon\"><span style=\"color:#8fa89b\" class=\"ion-ios-world\"><\/span><\/div>                                                                                                \n\t\t\t\t\t\t<\/div>\n\t\t\t\t\t<\/div>\n\t\t\t\t\t\t\t\t<div class=\"info-box-content\">\n\t\t\t\t\t<div class=\"info-box-inner\">\n                        <p>\n\t\t\t\t\t\t<\/p>\n<h3 style=\"margin-bottom: 15px;\">Internet<\/h3>\n<p style=\"text-align: left;\">L\u2019acc\u00e8s \u00e0 Internet \u00e0 El Nido peut \u00eatre irr\u00e9gulier, et la vitesse ainsi que la fiabilit\u00e9 peuvent varier selon l\u2019emplacement et les conditions m\u00e9t\u00e9orologiques. \u00c0 Masayana, nous utilisons Starlink pour offrir une connexion plus stable, bien que des interruptions occasionnelles puissent encore se produire.<\/p>\n<p>&nbsp;<\/p>\n<p style=\"text-align: left;\">Si vous avez besoin d\u2019un acc\u00e8s r\u00e9gulier, il est recommand\u00e9 de disposer d\u2019une carte SIM locale avec des donn\u00e9es mobiles, en particulier lorsque vous travaillez ou vous d\u00e9placez en ville.<\/p>\n<p>\t\t\t\t\t<\/div>\n\t\t\t\t<\/div>\n                \t\t\t<\/div>\n\t\t[\/vc_column][vc_column width=\u00a0\u00bb1\/3&Prime;][vc_empty_space]\t\t\t<div class=\" cursor-pointer kloud-info-box text-center icon-alignment-top box-style-base color-scheme-dark  hover2 left_icon\" onclick=\"window.location.href='#'\" >\n                            \n\t\t\t\t\t\t\t\t\t<div class=\"box-icon-wrapper\">\n\t\t\t\t\t\t<div class=\"info-box-icon\">\n\t\t\t\t\t\t\t\t\t\t\t\t\t\t\t\t\t\t\t\t\t\t\t\t\t\t\t\t\t\t\t\t\t\t                                <div class=\"has_icon\"><span style=\"color:#8fa89b\" class=\"ion-happy-outline\"><\/span><\/div>                                                                                                \n\t\t\t\t\t\t<\/div>\n\t\t\t\t\t<\/div>\n\t\t\t\t\t\t\t\t<div class=\"info-box-content\">\n\t\t\t\t\t<div class=\"info-box-inner\">\n                        <p>\n\t\t\t\t\t\t<\/p>\n<h3 style=\"margin-bottom: 15px; text-align: center;\">Culture<\/h3>\n<p style=\"text-align: left;\">Veuillez garder \u00e0 l\u2019esprit que, m\u00eame si El Nido est une destination touristique, elle poss\u00e8de sa propre culture et est encore en cours de d\u00e9veloppement. Faites preuve de flexibilit\u00e9 en voyageant et n\u2019attendez pas n\u00e9cessairement les commodit\u00e9s que vous consid\u00e9rez comme acquises dans votre pays, telles que l\u2019\u00e9lectricit\u00e9, Internet, l\u2019eau potable ou les syst\u00e8mes d\u2019assainissement.<\/p>\n<blockquote><p>&nbsp;<\/p><\/blockquote>\n<p style=\"text-align: left;\">Des pratiques culturelles comme le karaok\u00e9 ou l\u2019\u00e9levage de coqs, qui se prom\u00e8nent librement, sont des activit\u00e9s populaires dans tout l\u2019archipel philippin. Vous pouvez vous immerger de mani\u00e8re conviviale en chantant vos chansons pr\u00e9f\u00e9r\u00e9es avec les habitants, tout en partageant boissons et plats avec eux. Apprenez, respectez et profitez de l\u2019un des plus beaux sourires au monde : celui des Philippines.<\/p>\n<p>\t\t\t\t\t<\/div>\n\t\t\t\t<\/div>\n                \t\t\t<\/div>\n\t\t[\/vc_column][\/vc_row][vc_row css=\u00a0\u00bb.vc_custom_1769763327883{padding-bottom: 32px !important;}\u00a0\u00bb][vc_column width=\u00a0\u00bb1\/3&Prime;][vc_empty_space]\t\t\t<div class=\" cursor-pointer kloud-info-box text-center icon-alignment-top box-style-base color-scheme-dark  hover2 left_icon\" onclick=\"window.location.href='#'\" >\n                            \n\t\t\t\t\t\t\t\t\t<div class=\"box-icon-wrapper\">\n\t\t\t\t\t\t<div class=\"info-box-icon\">\n\t\t\t\t\t\t\t\t\t\t\t\t\t\t\t\t\t\t\t\t\t\t\t\t\t\t\t\t\t\t\t\t\t\t                                <div class=\"has_icon\"><span style=\"color:#8fa89b\" class=\"ion-android-list\"><\/span><\/div>                                                                                                \n\t\t\t\t\t\t<\/div>\n\t\t\t\t\t<\/div>\n\t\t\t\t\t\t\t\t<div class=\"info-box-content\">\n\t\t\t\t\t<div class=\"info-box-inner\">\n                        <p>\n\t\t\t\t\t\t<\/p>\n<h3 style=\"margin-bottom: 15px;\">ETDF<\/h3>\n<p style=\"text-align: left;\">Cette redevance obligatoire impos\u00e9e par le gouvernement local d\u2019El Nido s\u2019applique lors de la participation aux excursions et aux activit\u00e9s locales et sert \u00e0 soutenir des projets de conservation et de d\u00e9veloppement durable dans la r\u00e9gion. En y contribuant, vous aidez \u00e0 prot\u00e9ger cet environnement naturel pour tous.<\/p>\n<p>\t\t\t\t\t<\/div>\n\t\t\t\t<\/div>\n                \t\t\t<\/div>\n\t\t[\/vc_column][vc_column width=\u00a0\u00bb1\/3&Prime;][vc_empty_space]\t\t\t<div class=\" cursor-pointer kloud-info-box text-center icon-alignment-top box-style-base color-scheme-dark  hover2 left_icon\" onclick=\"window.location.href='#'\" >\n                            \n\t\t\t\t\t\t\t\t\t<div class=\"box-icon-wrapper\">\n\t\t\t\t\t\t<div class=\"info-box-icon\">\n\t\t\t\t\t\t\t\t\t\t\t\t\t\t\t\t\t\t\t\t\t\t\t\t\t\t\t\t\t\t\t\t\t\t                                <div class=\"has_icon\"><span style=\"color:#8fa89b\" class=\"ion-bug\"><\/span><\/div>                                                                                                \n\t\t\t\t\t\t<\/div>\n\t\t\t\t\t<\/div>\n\t\t\t\t\t\t\t\t<div class=\"info-box-content\">\n\t\t\t\t\t<div class=\"info-box-inner\">\n                        <p>\n\t\t\t\t\t\t<\/p>\n<h3 style=\"margin-bottom: 15px; text-align: center;\">Petits insectes et nuisibles<\/h3>\n<p style=\"text-align: left;\">L\u2019activit\u00e9 des moustiques est plus \u00e9lev\u00e9e \u00e0 l\u2019aube et au cr\u00e9puscule.<\/p>\n<p>&nbsp;<\/p>\n<p style=\"text-align: left;\">Les moucherons (niknik) se trouvent principalement sur certaines plages comme Duli ou Lio ; il est recommand\u00e9 de porter des v\u00eatements l\u00e9gers et couvrants pour se prot\u00e9ger.<\/p>\n<p>&nbsp;<\/p>\n<p style=\"text-align: left;\">La zone de Masayana est entour\u00e9e de jungle et de plage, abritant de nombreuses esp\u00e8ces pr\u00e9sentes bien avant l\u2019arriv\u00e9e des humains. Merci de respecter les animaux et leur habitat naturel.<\/p>\n<p>&nbsp;<\/p>\n<p style=\"text-align: left;\">Les geckos sont courants dans la r\u00e9gion et sont inoffensifs. Ce sont des alli\u00e9s naturels qui aident \u00e0 contr\u00f4ler les insectes et les moustiques. Merci d\u2019en prendre soin et de les laisser faire leur travail.<\/p>\n<p>&nbsp;<\/p>\n<p style=\"text-align: left;\">Afin d\u2019\u00e9viter d\u2019attirer des insectes ou d\u2019autres animaux dans les chambres, merci de ne pas y manger. Merci de nous aider \u00e0 maintenir un environnement propre et \u00e0 respecter la nature.<\/p>\n<p>\t\t\t\t\t<\/div>\n\t\t\t\t<\/div>\n                \t\t\t<\/div>\n\t\t[\/vc_column][vc_column width=\u00a0\u00bb1\/3&Prime;][vc_empty_space]\t\t\t<div class=\" cursor-pointer kloud-info-box text-center icon-alignment-top box-style-base color-scheme-dark  hover2 left_icon\" onclick=\"window.location.href='#'\" >\n                            \n\t\t\t\t\t\t\t\t\t<div class=\"box-icon-wrapper\">\n\t\t\t\t\t\t<div class=\"info-box-icon\">\n\t\t\t\t\t\t\t\t\t\t\t\t\t\t\t\t\t\t\t\t\t\t\t\t\t\t\t\t\t\t\t\t\t\t                                <div class=\"has_icon\"><span style=\"color:#8fa89b\" class=\"ion-ios-analytics\"><\/span><\/div>                                                                                                \n\t\t\t\t\t\t<\/div>\n\t\t\t\t\t<\/div>\n\t\t\t\t\t\t\t\t<div class=\"info-box-content\">\n\t\t\t\t\t<div class=\"info-box-inner\">\n                        <p>\n\t\t\t\t\t\t<\/p>\n<h3 style=\"margin-bottom: 15px; text-align: center;\">M\u00e9duses et plancton<\/h3>\n<p style=\"text-align: left;\" data-start=\"86\" data-end=\"210\">Pendant la saison du plancton (de janvier \u00e0 avril), des m\u00e9duses peuvent \u00eatre pr\u00e9sentes sur certaines plages et dans certaines zones de baignade, en particulier en avril.<\/p>\n<p style=\"text-align: left;\" data-start=\"212\" data-end=\"330\">En cas de contact avec une m\u00e9duse, ne rincez pas \u00e0 l\u2019eau douce. Rincez avec du vinaigre si possible, ou avec de l\u2019eau de mer. Consultez imm\u00e9diatement un professionnel de sant\u00e9 si vous ressentez des difficult\u00e9s respiratoires, un gonflement du visage ou de la gorge, ou des \u00e9ruptions cutan\u00e9es.<\/p>\n<p style=\"text-align: left;\" data-start=\"457\" data-end=\"538\" data-is-last-node=\"\" data-is-only-node=\"\">Veuillez v\u00e9rifier les conditions locales avant de vous baigner et respecter l\u2019environnement marin.<\/p>\n<p>\t\t\t\t\t<\/div>\n\t\t\t\t<\/div>\n                \t\t\t<\/div>\n\t\t[\/vc_column][\/vc_row][vc_row full_width=\u00a0\u00bbstretch_row\u00a0\u00bb jws_parallax=\u00a0\u00bb1&Prime; over_lay=\u00a0\u00bbrgba(255,255,255,0.73)\u00a0\u00bb css=\u00a0\u00bb.vc_custom_1768806438750{padding-top: 100px !important;padding-bottom: 100px !important;background-image: url(https:\/\/www.masayana.com\/wp-content\/uploads\/2026\/01\/Deluxe-room-Masayana-Hotel-El-Nido-1.png?id=3648) !important;background-position: center !important;background-repeat: no-repeat !important;background-size: cover !important;}\u00a0\u00bb el_class=\u00a0\u00bbpadding_01500&Prime;][vc_column css=\u00a0\u00bb.vc_custom_1513237697242{padding-right: 140px !important;padding-left: 140px !important;}\u00a0\u00bb][vc_empty_space][vc_empty_space][vc_column_text css_animation=\u00a0\u00bbnone\u00a0\u00bb css=\u00a0\u00bb.vc_custom_1768806498881{padding-bottom: 0px !important;}\u00a0\u00bb]<\/p>\n<h2 style=\"color: #f3eee7;\">Masayana<\/h2>\n<p>[\/vc_column_text][vc_column_text css_animation=\u00a0\u00bbnone\u00a0\u00bb css=\u00a0\u00bb.vc_custom_1768806518210{padding-bottom: 0px !important;}\u00a0\u00bb]<\/p>\n<h3 style=\"color: #f3eee7;\">L\u00e0 o\u00f9 commencent vos vacances \u00e0 El Nido.<\/h3>\n<p>[\/vc_column_text][vc_empty_space height=\u00a0\u00bb24px\u00a0\u00bb]        <div class=\"\">\n\t\t\t<div style=\"border-radius: 25px;     background-size: 200% auto; background-image: linear-gradient(to right,#c47a50 0%,#c47a50 51%,#c47a50 100%) !important; margin:0; width: 170px  ; height: 45px ; line-height: 45px ; text-align: center; color: #ffffff; font-size: 14px; font-weight: 500;display: block; cursor: pointer;\" class=\" button_kloud hvr-float-shadow\" onclick=\"window.location.href='https:\/\/www.masayana.com\/fr\/chambres\/chambre-double-de-luxe\/'\" >\n                Voir les Chambres            <\/div> \n        <\/div>       \n\t\t[vc_empty_space][\/vc_column][\/vc_row]<\/p>\n<\/section>","protected":false},"excerpt":{"rendered":"<p>[vc_row full_width=\u00a0\u00bbstretch_row_content_no_spaces\u00a0\u00bb kloud_parallax=\u00a0\u00bb1&Prime; css=\u00a0\u00bb.vc_custom_1768794469327{padding-top: 200px !important;padding-bottom: 200px !important;background: #1f4e3d url(https:\/\/www.masayana.com\/wp-content\/uploads\/2026\/01\/ActivitiesHeader.webp?id=3954) !important;background-position: center !important;background-repeat: no-repeat !important;background-size: cover !important;}\u00a0\u00bb][vc_column][\/vc_column][\/vc_row][vc_row css=\u00a0\u00bb.vc_custom_1768353434345{padding-bottom: 32px !important;}\u00a0\u00bb][vc_column][vc_column_text css_animation=\u00a0\u00bbnone\u00a0\u00bb css=\u00a0\u00bb.vc_custom_1768803863053{padding-bottom: 0px !important;}\u00a0\u00bb] Bon \u00e0 savoir avant de visiter El Nido [\/vc_column_text][vc_empty_space height=\u00a0\u00bb24px\u00a0\u00bb][vc_column_text css_animation=\u00a0\u00bbnone\u00a0\u00bb css=\u00a0\u00bb.vc_custom_1768804120020{padding-bottom: 0px !important;}\u00a0\u00bb]El Nido est une destination tropicale \u00e0 Palawan, avec ses propres rythmes, son climat et ses usages locaux. [&hellip;]<\/p>\n","protected":false},"author":1,"featured_media":3984,"parent":4237,"menu_order":0,"comment_status":"closed","ping_status":"closed","template":"","meta":{"footnotes":""},"class_list":["post-4243","page","type-page","status-publish","has-post-thumbnail","hentry"],"_links":{"self":[{"href":"https:\/\/www.masayana.com\/fr\/wp-json\/wp\/v2\/pages\/4243"}],"collection":[{"href":"https:\/\/www.masayana.com\/fr\/wp-json\/wp\/v2\/pages"}],"about":[{"href":"https:\/\/www.masayana.com\/fr\/wp-json\/wp\/v2\/types\/page"}],"author":[{"embeddable":true,"href":"https:\/\/www.masayana.com\/fr\/wp-json\/wp\/v2\/users\/1"}],"replies":[{"embeddable":true,"href":"https:\/\/www.masayana.com\/fr\/wp-json\/wp\/v2\/comments?post=4243"}],"version-history":[{"count":4,"href":"https:\/\/www.masayana.com\/fr\/wp-json\/wp\/v2\/pages\/4243\/revisions"}],"predecessor-version":[{"id":4344,"href":"https:\/\/www.masayana.com\/fr\/wp-json\/wp\/v2\/pages\/4243\/revisions\/4344"}],"up":[{"embeddable":true,"href":"https:\/\/www.masayana.com\/fr\/wp-json\/wp\/v2\/pages\/4237"}],"wp:featuredmedia":[{"embeddable":true,"href":"https:\/\/www.masayana.com\/fr\/wp-json\/wp\/v2\/media\/3984"}],"wp:attachment":[{"href":"https:\/\/www.masayana.com\/fr\/wp-json\/wp\/v2\/media?parent=4243"}],"curies":[{"name":"wp","href":"https:\/\/api.w.org\/{rel}","templated":true}]}}