{"id":4237,"date":"2026-01-12T05:07:31","date_gmt":"2026-01-12T05:07:31","guid":{"rendered":"https:\/\/www.masayana.com\/plan-your-trip-to-el-nido\/"},"modified":"2026-02-16T10:35:30","modified_gmt":"2026-02-16T10:35:30","slug":"planifiez-votre-voyage-a-el-nido","status":"publish","type":"page","link":"https:\/\/www.masayana.com\/fr\/planifiez-votre-voyage-a-el-nido\/","title":{"rendered":"Planifiez votre voyage \u00e0 El Nido"},"content":{"rendered":"<section class=\"wpb-content-wrapper\"><p>[vc_row full_width=\u00a0\u00bbstretch_row_content_no_spaces\u00a0\u00bb kloud_parallax=\u00a0\u00bb1&Prime; css=\u00a0\u00bb.vc_custom_1768792151337{padding-top: 300px !important;padding-bottom: 300px !important;background: #1f4e3d url(https:\/\/www.masayana.com\/wp-content\/uploads\/2026\/01\/MasayanaHotelElNidoCadlaoIslandDeluxeRoom.webp?id=3672) !important;background-position: center !important;background-repeat: no-repeat !important;background-size: cover !important;}\u00a0\u00bb][vc_column][\/vc_column][\/vc_row][vc_row css=\u00a0\u00bb.vc_custom_1768221672843{padding-top: 32px !important;background-position: center !important;background-repeat: no-repeat !important;background-size: cover !important;}\u00a0\u00bb][vc_column][vc_column_text]<\/p>\n<h2>Planifiez votre voyage \u00e0 El Nido<\/h2>\n<p>[\/vc_column_text][vc_empty_space height=\u00a0\u00bb24px\u00a0\u00bb][vc_column_text]Planifier votre voyage \u00e0 El Nido n\u2019a pas besoin d\u2019\u00eatre compliqu\u00e9. Quelques informations pratiques avant votre arriv\u00e9e peuvent vous aider \u00e0 vous d\u00e9placer plus facilement et \u00e0 profiter de votre s\u00e9jour \u00e0 un rythme agr\u00e9able.[\/vc_column_text][vc_empty_space height=\u00a0\u00bb24px\u00a0\u00bb][vc_column_text]<\/p>\n<p data-start=\"768\" data-end=\"953\">Cette section rassemble l\u2019essentiel \u2014 comment se rendre \u00e0 El Nido, comment se d\u00e9placer une fois sur place et quelques informations utiles \u00e0 conna\u00eetre avant la visite \u2014 afin de pr\u00e9parer votre voyage en toute confiance et de vous concentrer sur le plaisir de votre s\u00e9jour \u00e0 Masayana.<\/p>\n<p>[\/vc_column_text][vc_empty_space][vc_basic_grid post_type=\u00a0\u00bbids\u00a0\u00bb element_width=\u00a0\u00bb6&Prime; initial_loading_animation=\u00a0\u00bbnone\u00a0\u00bb grid_id=\u00a0\u00bbvc_gid:1771237997286-3e2b72d2-183a-6&Prime; include=\u00a0\u00bb3959, 3618, 3963, 3965&Prime;][vc_empty_space][\/vc_column][\/vc_row][vc_row full_width=\u00a0\u00bbstretch_row\u00a0\u00bb jws_parallax=\u00a0\u00bb1&Prime; over_lay=\u00a0\u00bbrgba(255,255,255,0.73)\u00a0\u00bb css=\u00a0\u00bb.vc_custom_1768275029049{padding-top: 100px !important;padding-bottom: 100px !important;background-image: url(https:\/\/www.masayana.com\/wp-content\/uploads\/2026\/01\/Deluxe-room-Masayana-Hotel-El-Nido-5.png?id=3535) !important;background-position: center !important;background-repeat: no-repeat !important;background-size: cover !important;}\u00a0\u00bb el_class=\u00a0\u00bbpadding_01500&Prime;][vc_column css=\u00a0\u00bb.vc_custom_1513237697242{padding-right: 140px !important;padding-left: 140px !important;}\u00a0\u00bb][vc_empty_space][vc_column_text]<\/p>\n<h1 style=\"text-align: center;\">S\u00e9journez \u00e0 Masayana, El Nido<\/h1>\n<p>[\/vc_column_text][vc_empty_space height=\u00a0\u00bb24px\u00a0\u00bb]        <div class=\"\">\n\t\t\t<div style=\"border-radius: 25px;     background-size: 200% auto; background-image: linear-gradient(to right,#8fa89b 0%,#8fa89b 51%,#8fa89b 100%) !important; margin:0 auto; width: 270px  ; height: 45px ; line-height: 45px ; text-align: center; color: #ffffff; font-size: 14px; font-weight: 500;display: block; cursor: pointer;\" class=\" button_kloud hvr-float-shadow\" onclick=\"window.location.href='https:\/\/www.masayana.com\/fr\/chambres'\" >\n                Voir les Chambres            <\/div> \n        <\/div>       \n\t\t[vc_empty_space][\/vc_column][\/vc_row]<\/p>\n<\/section>","protected":false},"excerpt":{"rendered":"<p>[vc_row full_width=\u00a0\u00bbstretch_row_content_no_spaces\u00a0\u00bb kloud_parallax=\u00a0\u00bb1&Prime; css=\u00a0\u00bb.vc_custom_1768792151337{padding-top: 300px !important;padding-bottom: 300px !important;background: #1f4e3d url(https:\/\/www.masayana.com\/wp-content\/uploads\/2026\/01\/MasayanaHotelElNidoCadlaoIslandDeluxeRoom.webp?id=3672) !important;background-position: center !important;background-repeat: no-repeat !important;background-size: cover !important;}\u00a0\u00bb][vc_column][\/vc_column][\/vc_row][vc_row css=\u00a0\u00bb.vc_custom_1768221672843{padding-top: 32px !important;background-position: center !important;background-repeat: no-repeat !important;background-size: cover !important;}\u00a0\u00bb][vc_column][vc_column_text] Planifiez votre voyage \u00e0 El Nido [\/vc_column_text][vc_empty_space height=\u00a0\u00bb24px\u00a0\u00bb][vc_column_text]Planifier votre voyage \u00e0 El Nido n\u2019a pas besoin d\u2019\u00eatre compliqu\u00e9. Quelques informations pratiques avant votre arriv\u00e9e peuvent vous aider \u00e0 vous [&hellip;]<\/p>\n","protected":false},"author":1,"featured_media":3573,"parent":0,"menu_order":0,"comment_status":"closed","ping_status":"closed","template":"","meta":{"footnotes":""},"class_list":["post-4237","page","type-page","status-publish","has-post-thumbnail","hentry"],"_links":{"self":[{"href":"https:\/\/www.masayana.com\/fr\/wp-json\/wp\/v2\/pages\/4237"}],"collection":[{"href":"https:\/\/www.masayana.com\/fr\/wp-json\/wp\/v2\/pages"}],"about":[{"href":"https:\/\/www.masayana.com\/fr\/wp-json\/wp\/v2\/types\/page"}],"author":[{"embeddable":true,"href":"https:\/\/www.masayana.com\/fr\/wp-json\/wp\/v2\/users\/1"}],"replies":[{"embeddable":true,"href":"https:\/\/www.masayana.com\/fr\/wp-json\/wp\/v2\/comments?post=4237"}],"version-history":[{"count":7,"href":"https:\/\/www.masayana.com\/fr\/wp-json\/wp\/v2\/pages\/4237\/revisions"}],"predecessor-version":[{"id":4335,"href":"https:\/\/www.masayana.com\/fr\/wp-json\/wp\/v2\/pages\/4237\/revisions\/4335"}],"wp:featuredmedia":[{"embeddable":true,"href":"https:\/\/www.masayana.com\/fr\/wp-json\/wp\/v2\/media\/3573"}],"wp:attachment":[{"href":"https:\/\/www.masayana.com\/fr\/wp-json\/wp\/v2\/media?parent=4237"}],"curies":[{"name":"wp","href":"https:\/\/api.w.org\/{rel}","templated":true}]}}