{"id":3174,"date":"2024-03-03T03:26:08","date_gmt":"2024-03-03T03:26:08","guid":{"rendered":"https:\/\/www.masayana.com\/book\/"},"modified":"2026-02-04T04:15:19","modified_gmt":"2026-02-04T04:15:19","slug":"book","status":"publish","type":"page","link":"https:\/\/www.masayana.com\/fr\/book\/","title":{"rendered":"Book"},"content":{"rendered":"<section class=\"wpb-content-wrapper\"><p>[vc_row full_width=\u00a0\u00bbstretch_row_content_no_spaces\u00a0\u00bb kloud_parallax=\u00a0\u00bb1&Prime; css=\u00a0\u00bb.vc_custom_1728701492972{padding-top: 200px !important;padding-bottom: 32px !important;background: #02c8a7 url(https:\/\/www.masayana.com\/wp-content\/uploads\/2024\/10\/Exterior_Exterior_Eze-20.jpeg?id=2398) !important;background-position: center !important;background-repeat: no-repeat !important;background-size: cover !important;}\u00a0\u00bb][vc_column][vc_raw_html]PHN0eWxlIGRhdGEtY2ItaW1tZXJzaXZlLWV4cGVyaWVuY2Utcm9vdD4vKiBDbG91ZGJlZHMgUGF5cGFsIHRleHQgKi8KLmNiLXBheW1lbnQtcGFnZSAuY2ItcGFnZS10aXRsZSB7CiAgZmxleC13cmFwOiB3cmFwICFpbXBvcnRhbnQ7CiAgb3ZlcmZsb3c6IHZpc2libGUgIWltcG9ydGFudDsKfQoKLmNiLXBheW1lbnQtcGFnZSAuY2ItcGFnZS10aXRsZTo6YWZ0ZXIgewogIGNvbnRlbnQ6ICJQYXkgd2l0aCB5b3VyIGNyZWRpdCBvciBkZWJpdCBjYXJkIHZpYSBQYXlQYWwuIE5vIFBheVBhbCBhY2NvdW50IG5lZWRlZC4iICFpbXBvcnRhbnQ7CiAgZGlzcGxheTogYmxvY2sgIWltcG9ydGFudDsKICB3aWR0aDogMTAwJSAhaW1wb3J0YW50OwogIG1hcmdpbi10b3A6IDEycHggIWltcG9ydGFudDsKICBmb250LXNpemU6IDE0cHggIWltcG9ydGFudDsKICBjb2xvcjogIzQ0NCAhaW1wb3J0YW50OwogIGZvbnQtd2VpZ2h0OiBib2xkICFpbXBvcnRhbnQ7CiAgbGluZS1oZWlnaHQ6IDEuNCAhaW1wb3J0YW50Owp9Cjwvc3R5bGU+[\/vc_raw_html][\/vc_column][\/vc_row][vc_row css=\u00a0\u00bb.vc_custom_1709438700133{padding-top: 32px !important;padding-bottom: 50px !important;}\u00a0\u00bb][vc_column width=\u00a0\u00bb1\/6&Prime;][\/vc_column][vc_column width=\u00a0\u00bb2\/3&Prime;][vc_column_text]<\/p>\n<h2>Offres exclusives en r\u00e9servation directe<\/h2>\n<p>[\/vc_column_text][vc_separator][vc_column_text]Trouvez de meilleurs tarifs et des promotions exclusives en r\u00e9servant directement sur notre site officiel. Meilleurs prix garantis pour votre s\u00e9jour \u00e0 El Nido.[\/vc_column_text][vc_separator][\/vc_column][vc_column width=\u00a0\u00bb1\/6&Prime;][\/vc_column][\/vc_row][vc_row css=\u00a0\u00bb.vc_custom_1709434325325{padding-bottom: 100px !important;}\u00a0\u00bb][vc_column][vc_raw_html]PGNiLWltbWVyc2l2ZS1leHBlcmllbmNlIG1vZGU9InN0YW5kYXJkIiBwcm9wZXJ0eS1jb2RlPSJ0SXU3RU8iPjwvY2ItaW1tZXJzaXZlLWV4cGVyaWVuY2U+Cg==[\/vc_raw_html][\/vc_column][\/vc_row]<\/p>\n<\/section>","protected":false},"excerpt":{"rendered":"<p>[vc_row full_width=\u00a0\u00bbstretch_row_content_no_spaces\u00a0\u00bb kloud_parallax=\u00a0\u00bb1&Prime; css=\u00a0\u00bb.vc_custom_1728701492972{padding-top: 200px !important;padding-bottom: 32px !important;background: #02c8a7 url(https:\/\/www.masayana.com\/wp-content\/uploads\/2024\/10\/Exterior_Exterior_Eze-20.jpeg?id=2398) !important;background-position: center !important;background-repeat: no-repeat !important;background-size: cover !important;}\u00a0\u00bb][vc_column][vc_raw_html]PHN0eWxlIGRhdGEtY2ItaW1tZXJzaXZlLWV4cGVyaWVuY2Utcm9vdD4vKiBDbG91ZGJlZHMgUGF5cGFsIHRleHQgKi8KLmNiLXBheW1lbnQtcGFnZSAuY2ItcGFnZS10aXRsZSB7CiAgZmxleC13cmFwOiB3cmFwICFpbXBvcnRhbnQ7CiAgb3ZlcmZsb3c6IHZpc2libGUgIWltcG9ydGFudDsKfQoKLmNiLXBheW1lbnQtcGFnZSAuY2ItcGFnZS10aXRsZTo6YWZ0ZXIgewogIGNvbnRlbnQ6ICJQYXkgd2l0aCB5b3VyIGNyZWRpdCBvciBkZWJpdCBjYXJkIHZpYSBQYXlQYWwuIE5vIFBheVBhbCBhY2NvdW50IG5lZWRlZC4iICFpbXBvcnRhbnQ7CiAgZGlzcGxheTogYmxvY2sgIWltcG9ydGFudDsKICB3aWR0aDogMTAwJSAhaW1wb3J0YW50OwogIG1hcmdpbi10b3A6IDEycHggIWltcG9ydGFudDsKICBmb250LXNpemU6IDE0cHggIWltcG9ydGFudDsKICBjb2xvcjogIzQ0NCAhaW1wb3J0YW50OwogIGZvbnQtd2VpZ2h0OiBib2xkICFpbXBvcnRhbnQ7CiAgbGluZS1oZWlnaHQ6IDEuNCAhaW1wb3J0YW50Owp9Cjwvc3R5bGU+[\/vc_raw_html][\/vc_column][\/vc_row][vc_row css=\u00a0\u00bb.vc_custom_1709438700133{padding-top: 32px !important;padding-bottom: 50px !important;}\u00a0\u00bb][vc_column width=\u00a0\u00bb1\/6&Prime;][\/vc_column][vc_column width=\u00a0\u00bb2\/3&Prime;][vc_column_text] Offres exclusives en r\u00e9servation directe [\/vc_column_text][vc_separator][vc_column_text]Trouvez de meilleurs tarifs et des promotions exclusives en r\u00e9servant directement sur notre site officiel. Meilleurs prix garantis pour votre s\u00e9jour \u00e0 El Nido.[\/vc_column_text][vc_separator][\/vc_column][vc_column width=\u00a0\u00bb1\/6&Prime;][\/vc_column][\/vc_row][vc_row css=\u00a0\u00bb.vc_custom_1709434325325{padding-bottom: [&hellip;]<\/p>\n","protected":false},"author":1,"featured_media":3520,"parent":0,"menu_order":0,"comment_status":"closed","ping_status":"closed","template":"","meta":{"footnotes":""},"class_list":["post-3174","page","type-page","status-publish","has-post-thumbnail","hentry"],"_links":{"self":[{"href":"https:\/\/www.masayana.com\/fr\/wp-json\/wp\/v2\/pages\/3174"}],"collection":[{"href":"https:\/\/www.masayana.com\/fr\/wp-json\/wp\/v2\/pages"}],"about":[{"href":"https:\/\/www.masayana.com\/fr\/wp-json\/wp\/v2\/types\/page"}],"author":[{"embeddable":true,"href":"https:\/\/www.masayana.com\/fr\/wp-json\/wp\/v2\/users\/1"}],"replies":[{"embeddable":true,"href":"https:\/\/www.masayana.com\/fr\/wp-json\/wp\/v2\/comments?post=3174"}],"version-history":[{"count":15,"href":"https:\/\/www.masayana.com\/fr\/wp-json\/wp\/v2\/pages\/3174\/revisions"}],"predecessor-version":[{"id":4230,"href":"https:\/\/www.masayana.com\/fr\/wp-json\/wp\/v2\/pages\/3174\/revisions\/4230"}],"wp:featuredmedia":[{"embeddable":true,"href":"https:\/\/www.masayana.com\/fr\/wp-json\/wp\/v2\/media\/3520"}],"wp:attachment":[{"href":"https:\/\/www.masayana.com\/fr\/wp-json\/wp\/v2\/media?parent=3174"}],"curies":[{"name":"wp","href":"https:\/\/api.w.org\/{rel}","templated":true}]}}