{"id":3170,"date":"2017-11-28T06:50:57","date_gmt":"2017-11-28T06:50:57","guid":{"rendered":"https:\/\/www.masayana.com\/contact\/"},"modified":"2026-02-04T04:16:53","modified_gmt":"2026-02-04T04:16:53","slug":"contact","status":"publish","type":"page","link":"https:\/\/www.masayana.com\/fr\/contact\/","title":{"rendered":"CONTACT"},"content":{"rendered":"<section class=\"wpb-content-wrapper\"><p>[vc_row full_width=\u00a0\u00bbstretch_row_content_no_spaces\u00a0\u00bb kloud_parallax=\u00a0\u00bb1&Prime; css=\u00a0\u00bb.vc_custom_1768475638637{padding-top: 200px !important;padding-bottom: 200px !important;background: #1f4e3d url(https:\/\/www.masayana.com\/wp-content\/uploads\/2026\/01\/contactHeader.webp?id=3907) !important;background-position: center !important;background-repeat: no-repeat !important;background-size: cover !important;}\u00a0\u00bb][vc_column][\/vc_column][\/vc_row][vc_row][vc_column width=\u00a0\u00bb1\/2&Prime; css=\u00a0\u00bb.vc_custom_1709432912258{padding-right: 15px !important;padding-bottom: 32px !important;padding-left: 15px !important;}\u00a0\u00bb][vc_column_text]<\/p>\n<h2>Itin\u00e9raire vers Masayana<\/h2>\n<p>[\/vc_column_text][vc_empty_space height=\u00a0\u00bb24px\u00a0\u00bb][vc_column_text]Si vous souhaitez de l\u2019aide pour des transferts depuis ou vers n\u2019importe quel endroit \u00e0 El Nido, faites-le-nous simplement savoir \u2014 nous serons ravis de vous aider.[\/vc_column_text][vc_empty_space height=\u00a0\u00bb24px\u00a0\u00bb][vc_column_text]Depuis l\u2019a\u00e9roport, le terminal de vans ou le terminal de ferry, dirigez-vous vers <strong data-start=\"855\" data-end=\"869\">Townsquare<\/strong>. De l\u00e0, suivez le chemin en direction de la mer, tournez \u00e0 droite et laissez-vous guider par la c\u00f4te \u2014 avec <strong data-start=\"957\" data-end=\"974\">l\u2019\u00eele de Cadlao<\/strong> face \u00e0 vous \u2014 jusqu\u2019\u00e0 <strong data-start=\"1009\" data-end=\"1023\">Rena Store<\/strong>. Masayana vous attend juste un peu plus loin, sur le chemin \u00e0 droite.[\/vc_column_text][vc_empty_space height=\u00a0\u00bb24px\u00a0\u00bb][vc_column_text]Temps depuis Townsquare jusqu\u2019\u00e0 Masayana :<br data-start=\"548\" data-end=\"551\" \/>\u2022 \u00c0 pied : 8\u201310 minutes<br data-start=\"576\" data-end=\"579\" \/>\u2022 En moto : 2\u20133 minutes<br data-start=\"605\" data-end=\"608\" \/>\u2022 En tricycle : 3\u20135 minutes[\/vc_column_text][vc_empty_space height=\u00a0\u00bb24px\u00a0\u00bb][vc_column_text]<strong data-start=\"263\" data-end=\"284\">Important \u00e0 savoir<\/strong><br data-start=\"284\" data-end=\"287\" \/>Les voitures ne peuvent pas acc\u00e9der directement \u00e0 Masayana. C\u2019est ce qui permet de pr\u00e9server le calme du quartier, \u00e0 l\u2019abri du trafic \u2014 un lieu o\u00f9 vous pouvez profiter de l\u2019oc\u00e9an, de la jungle et de la vie quotidienne philippine, tout en \u00e9tant \u00e0 seulement 10 minutes du centre d\u2019El Nido.[\/vc_column_text][vc_empty_space height=\u00a0\u00bb24px\u00a0\u00bb][\/vc_column][vc_column width=\u00a0\u00bb1\/2&Prime; css=\u00a0\u00bb.vc_custom_1513738945681{padding-right: 15px !important;padding-left: 15px !important;}\u00a0\u00bb][vc_column_text]<\/p>\n<h2>Nous sommes l\u00e0 pour vous aider<\/h2>\n<p>[\/vc_column_text][vc_empty_space height=\u00a0\u00bb24px\u00a0\u00bb][vc_column_text]Remplissez le formulaire ci-dessous et indiquez-nous comment nous pouvons vous aider.[\/vc_column_text][vc_empty_space][vc_row_inner css=\u00a0\u00bb.vc_custom_1513739212763{margin-bottom: 34px !important;}\u00a0\u00bb][vc_column_inner width=\u00a0\u00bb1\/2&Prime;][vc_raw_html]PHVsIGNsYXNzPSJjb250YWN0X2Zvb3RlciI+CjxsaSBzdHlsZT0iIj48aSBzdHlsZT0iY29sb3I6IzY4Njg2ZCIgY2xhc3M9Imlvbi1pb3MtY2xvY2stb3V0bGluZSI+PC9pPkx1biAtIERpbSA6IDA3OjAwIC0gMjA6MDA8L2xpPgo8L3VsPgoK[\/vc_raw_html][\/vc_column_inner][vc_column_inner width=\u00a0\u00bb1\/2&Prime;][vc_raw_html]PHVsIGNsYXNzPSJjb250YWN0X2Zvb3RlciI+CjxsaSBzdHlsZT0iY29sb3I6IzY4Njg2ZCI+PGkgc3R5bGU9ImNvbG9yOiM2ODY4NmQiIGNsYXNzPSJpb24taW9zLXRlbGVwaG9uZS1vdXRsaW5lIj48L2k+KzYzICgwKTk5NSA1OTEgODE3NTwvbGk+Cgo8L3VsPgo=[\/vc_raw_html][\/vc_column_inner][\/vc_row_inner]\n<div class=\"wpcf7 no-js\" id=\"wpcf7-f3330-o1\" lang=\"fr-FR\" dir=\"ltr\">\n<div class=\"screen-reader-response\"><p role=\"status\" aria-live=\"polite\" aria-atomic=\"true\"><\/p> <ul><\/ul><\/div>\n<form action=\"\/fr\/wp-json\/wp\/v2\/pages\/3170#wpcf7-f3330-o1\" method=\"post\" class=\"wpcf7-form init\" aria-label=\"Formulaire de contact\" novalidate=\"novalidate\" data-status=\"init\">\n<div style=\"display: none;\">\n<input type=\"hidden\" name=\"_wpcf7\" value=\"3330\" \/>\n<input type=\"hidden\" name=\"_wpcf7_version\" value=\"5.9.8\" \/>\n<input type=\"hidden\" name=\"_wpcf7_locale\" value=\"fr_FR\" \/>\n<input type=\"hidden\" name=\"_wpcf7_unit_tag\" value=\"wpcf7-f3330-o1\" \/>\n<input type=\"hidden\" name=\"_wpcf7_container_post\" value=\"0\" \/>\n<input type=\"hidden\" name=\"_wpcf7_posted_data_hash\" value=\"\" \/>\n<input type=\"hidden\" name=\"_wpcf7_recaptcha_response\" value=\"\" \/>\n<\/div>\n<div class=\"form_contact\">\n\t<p><span class=\"wpcf7-form-control-wrap\" data-name=\"your-name\"><input size=\"40\" maxlength=\"400\" class=\"wpcf7-form-control wpcf7-text wpcf7-validates-as-required\" aria-required=\"true\" aria-invalid=\"false\" placeholder=\"Nom\" value=\"\" type=\"text\" name=\"your-name\" \/><\/span>\n\t<\/p>\n\t<p><span class=\"wpcf7-form-control-wrap\" data-name=\"your-email\"><input size=\"40\" maxlength=\"400\" class=\"wpcf7-form-control wpcf7-email wpcf7-validates-as-required wpcf7-text wpcf7-validates-as-email\" aria-required=\"true\" aria-invalid=\"false\" placeholder=\"eMail\" value=\"\" type=\"email\" name=\"your-email\" \/><\/span>\n\t<\/p>\n\t<p><span class=\"wpcf7-form-control-wrap\" data-name=\"your-message\"><textarea cols=\"40\" rows=\"10\" maxlength=\"2000\" class=\"wpcf7-form-control wpcf7-textarea\" aria-invalid=\"false\" placeholder=\"Message\" name=\"your-message\"><\/textarea><\/span>\n\t<\/p>\n\t<p><input class=\"wpcf7-form-control wpcf7-submit has-spinner\" type=\"submit\" value=\"ENVOYER\" \/>\n\t<\/p>\n<\/div><div class=\"wpcf7-response-output\" aria-hidden=\"true\"><\/div>\n<\/form>\n<\/div>\n[\/vc_column][\/vc_row][vc_row full_width=\u00a0\u00bbstretch_row_content_no_spaces\u00a0\u00bb content_placement=\u00a0\u00bbmiddle\u00a0\u00bb kloud_parallax=\u00a0\u00bb1&Prime;][vc_column][vc_raw_html]PGlmcmFtZSBzcmM9Imh0dHBzOi8vd3d3Lmdvb2dsZS5jb20vbWFwcy9kL2VtYmVkP21pZD0xVHhxWVdpUUdGQm5ILXdfbWUwczRxZTRJQ2xyUFdoWSZhbXA7ZWhiYz0yRTMxMkYmYW1wO25vcHJvZj0xIiB3aWR0aD0iMTAwJSIgaGVpZ2h0PSI0ODAiPjwvaWZyYW1lPg==[\/vc_raw_html][\/vc_column][\/vc_row]<\/p>\n<\/section>","protected":false},"excerpt":{"rendered":"<p>[vc_row full_width=\u00a0\u00bbstretch_row_content_no_spaces\u00a0\u00bb kloud_parallax=\u00a0\u00bb1&Prime; css=\u00a0\u00bb.vc_custom_1768475638637{padding-top: 200px !important;padding-bottom: 200px !important;background: #1f4e3d url(https:\/\/www.masayana.com\/wp-content\/uploads\/2026\/01\/contactHeader.webp?id=3907) !important;background-position: center !important;background-repeat: no-repeat !important;background-size: cover !important;}\u00a0\u00bb][vc_column][\/vc_column][\/vc_row][vc_row][vc_column width=\u00a0\u00bb1\/2&Prime; css=\u00a0\u00bb.vc_custom_1709432912258{padding-right: 15px !important;padding-bottom: 32px !important;padding-left: 15px !important;}\u00a0\u00bb][vc_column_text] Itin\u00e9raire vers Masayana [\/vc_column_text][vc_empty_space height=\u00a0\u00bb24px\u00a0\u00bb][vc_column_text]Si vous souhaitez de l\u2019aide pour des transferts depuis ou vers n\u2019importe quel endroit \u00e0 El Nido, faites-le-nous simplement savoir \u2014 nous serons ravis de vous [&hellip;]<\/p>\n","protected":false},"author":1,"featured_media":3114,"parent":0,"menu_order":0,"comment_status":"closed","ping_status":"closed","template":"","meta":{"footnotes":""},"class_list":["post-3170","page","type-page","status-publish","has-post-thumbnail","hentry"],"_links":{"self":[{"href":"https:\/\/www.masayana.com\/fr\/wp-json\/wp\/v2\/pages\/3170"}],"collection":[{"href":"https:\/\/www.masayana.com\/fr\/wp-json\/wp\/v2\/pages"}],"about":[{"href":"https:\/\/www.masayana.com\/fr\/wp-json\/wp\/v2\/types\/page"}],"author":[{"embeddable":true,"href":"https:\/\/www.masayana.com\/fr\/wp-json\/wp\/v2\/users\/1"}],"replies":[{"embeddable":true,"href":"https:\/\/www.masayana.com\/fr\/wp-json\/wp\/v2\/comments?post=3170"}],"version-history":[{"count":7,"href":"https:\/\/www.masayana.com\/fr\/wp-json\/wp\/v2\/pages\/3170\/revisions"}],"predecessor-version":[{"id":4231,"href":"https:\/\/www.masayana.com\/fr\/wp-json\/wp\/v2\/pages\/3170\/revisions\/4231"}],"wp:featuredmedia":[{"embeddable":true,"href":"https:\/\/www.masayana.com\/fr\/wp-json\/wp\/v2\/media\/3114"}],"wp:attachment":[{"href":"https:\/\/www.masayana.com\/fr\/wp-json\/wp\/v2\/media?parent=3170"}],"curies":[{"name":"wp","href":"https:\/\/api.w.org\/{rel}","templated":true}]}}