{"id":3159,"date":"2024-10-01T08:32:33","date_gmt":"2024-10-01T08:32:33","guid":{"rendered":"https:\/\/www.masayana.com\/hotelinelnido\/"},"modified":"2026-02-16T10:06:43","modified_gmt":"2026-02-16T10:06:43","slug":"chambres","status":"publish","type":"page","link":"https:\/\/www.masayana.com\/fr\/chambres\/","title":{"rendered":"Chambres"},"content":{"rendered":"<section class=\"wpb-content-wrapper\"><p>[vc_row full_width=\u00a0\u00bbstretch_row_content_no_spaces\u00a0\u00bb kloud_parallax=\u00a0\u00bb1&Prime; css=\u00a0\u00bb.vc_custom_1768194818664{padding-top: 200px !important;padding-bottom: 200px !important;background: #1f4e3d url(https:\/\/www.masayana.com\/wp-content\/uploads\/2026\/01\/Deluxe-room-Masayana-Hotel-El-Nido-5.png?id=3535) !important;background-position: center !important;background-repeat: no-repeat !important;background-size: cover !important;}\u00a0\u00bb][vc_column][\/vc_column][\/vc_row][vc_row css=\u00a0\u00bb.vc_custom_1708415790242{background-position: center !important;background-repeat: no-repeat !important;background-size: cover !important;}\u00a0\u00bb][vc_column][vc_column_text]<\/p>\n<h2>S\u00e9journez \u00e0 Masayana<\/h2>\n<p>[\/vc_column_text][vc_empty_space height=\u00a0\u00bb24px\u00a0\u00bb][vc_column_text]D\u00e9couvrez des h\u00e9bergements confortables et paisibles \u00e0 l\u2019h\u00f4tel Masayana \u00e0 El Nido. Nos chambres sont con\u00e7ues pour la d\u00e9tente et offrent un havre de calme entour\u00e9 de jardins tropicaux luxuriants.[\/vc_column_text][vc_empty_space height=\u00a0\u00bb24px\u00a0\u00bb][vc_column_text]Des chambres doubles chaleureuses aux options deluxe plus spacieuses, chaque espace offre confort, simplicit\u00e9 et une atmosph\u00e8re reposante pour votre s\u00e9jour \u00e0 El Nido.[\/vc_column_text][vc_empty_space][\/vc_column][\/vc_row][vc_section css=\u00a0\u00bb.vc_custom_1709427364135{padding-bottom: 32px !important;}\u00a0\u00bb][vc_row][vc_column width=\u00a0\u00bb1\/3&Prime; css=\u00a0\u00bb.vc_custom_1708414742965{padding-top: 32px !important;}\u00a0\u00bb][vc_column_text]<\/p>\n<h2>Chambre double de luxe<\/h2>\n<p>[\/vc_column_text][vc_empty_space height=\u00a0\u00bb24px\u00a0\u00bb][vc_column_text]Des chambres spacieuses avec une salle de bain priv\u00e9e plus grande, id\u00e9ales pour les couples ou les voyageurs recherchant davantage de confort et un s\u00e9jour paisible \u00e0 l\u2019h\u00f4tel Masayana \u00e0 El Nido.[\/vc_column_text][vc_empty_space height=\u00a0\u00bb24px\u00a0\u00bb][vc_single_image image=\u00a0\u00bb3540&Prime; img_size=\u00a0\u00bbfull\u00a0\u00bb alignment=\u00a0\u00bbcenter\u00a0\u00bb style=\u00a0\u00bbvc_box_rounded\u00a0\u00bb][vc_empty_space height=\u00a0\u00bb16px\u00a0\u00bb]        <div class=\"\">\n\t\t\t<div style=\"border-radius: 25px;     background-size: 200% auto; background-image: linear-gradient(to right,#8fa89b 0%,#8fa89b 51%,#8fa89b 100%) !important; margin:0 auto; width: 270px  ; height: 45px ; line-height: 45px ; text-align: center; color: #ffffff; font-size: 14px; font-weight: 500;display: block; cursor: pointer;\" class=\" button_kloud hvr-float-shadow\" onclick=\"window.location.href='https:\/\/www.masayana.com\/fr\/chambres\/chambre-double-de-luxe\/'\" >\n                Voir Deluxe double chambre            <\/div> \n        <\/div>       \n\t\t[vc_empty_space][\/vc_column][vc_column width=\u00a0\u00bb1\/3&Prime; css=\u00a0\u00bb.vc_custom_1708414747900{padding-top: 32px !important;}\u00a0\u00bb][vc_column_text]<\/p>\n<h2>Chambre double<\/h2>\n<p>[\/vc_column_text][vc_empty_space height=\u00a0\u00bb24px\u00a0\u00bb][vc_column_text]Des chambres confortables pour les voyageurs solo ou les couples \u00e0 la recherche d\u2019un lieu paisible pour se reposer tout en explorant El Nido. Simples, accueillantes et id\u00e9ales pour un s\u00e9jour d\u00e9tendu \u00e0 Masayana.[\/vc_column_text][vc_empty_space height=\u00a0\u00bb24px\u00a0\u00bb][vc_single_image image=\u00a0\u00bb3603&Prime; img_size=\u00a0\u00bbfull\u00a0\u00bb alignment=\u00a0\u00bbcenter\u00a0\u00bb style=\u00a0\u00bbvc_box_rounded\u00a0\u00bb][vc_empty_space height=\u00a0\u00bb16px\u00a0\u00bb]        <div class=\"\">\n\t\t\t<div style=\"border-radius: 25px;     background-size: 200% auto; background-image: linear-gradient(to right,#8fa89b 0%,#8fa89b 51%,#8fa89b 100%) !important; margin:0 auto; width: 270px  ; height: 45px ; line-height: 45px ; text-align: center; color: #ffffff; font-size: 14px; font-weight: 500;display: block; cursor: pointer;\" class=\" button_kloud hvr-float-shadow\" onclick=\"window.location.href='https:\/\/www.masayana.com\/rooms\/double-room'\" >\n                Voir Double chambre            <\/div> \n        <\/div>       \n\t\t[vc_empty_space][\/vc_column][vc_column width=\u00a0\u00bb1\/3&Prime; css=\u00a0\u00bb.vc_custom_1708414754494{padding-top: 32px !important;}\u00a0\u00bb][vc_column_text]<\/p>\n<h2>Dortoir<\/h2>\n<p>[\/vc_column_text][vc_empty_space height=\u00a0\u00bb24px\u00a0\u00bb][vc_column_text]H\u00e9bergement en dortoir partag\u00e9, soigneusement con\u00e7u pour les voyageurs au budget ma\u00eetris\u00e9 \u00e0 la recherche d\u2019un s\u00e9jour d\u00e9tendu et confortable \u00e0 l\u2019h\u00f4tel Masayana \u00e0 El Nido.[\/vc_column_text][vc_empty_space height=\u00a0\u00bb24px\u00a0\u00bb][vc_single_image image=\u00a0\u00bb3594&Prime; img_size=\u00a0\u00bbfull\u00a0\u00bb alignment=\u00a0\u00bbcenter\u00a0\u00bb style=\u00a0\u00bbvc_box_rounded\u00a0\u00bb][vc_empty_space height=\u00a0\u00bb16px\u00a0\u00bb]        <div class=\"\">\n\t\t\t<div style=\"border-radius: 25px;     background-size: 200% auto; background-image: linear-gradient(to right,#8fa89b 0%,#8fa89b 51%,#8fa89b 100%) !important; margin:0 auto; width: 270px  ; height: 45px ; line-height: 45px ; text-align: center; color: #ffffff; font-size: 14px; font-weight: 500;display: block; cursor: pointer;\" class=\" button_kloud hvr-float-shadow\" onclick=\"window.location.href='https:\/\/www.masayana.com\/fr\/chambres\/dortoirs\/'\" >\n                Voir dortoir            <\/div> \n        <\/div>       \n\t\t[vc_empty_space][\/vc_column][\/vc_row][\/vc_section][vc_row full_width=\u00a0\u00bbstretch_row\u00a0\u00bb jws_parallax=\u00a0\u00bb1&Prime; over_lay=\u00a0\u00bbrgba(255,255,255,0.73)\u00a0\u00bb css=\u00a0\u00bb.vc_custom_1768192700856{padding-top: 100px !important;padding-bottom: 100px !important;background-image: url(https:\/\/www.masayana.com\/wp-content\/uploads\/2026\/01\/Swimming-Pool-Masayana-Hotel-El-Nido-10.jpg?id=3614) !important;background-position: center !important;background-repeat: no-repeat !important;background-size: cover !important;}\u00a0\u00bb el_class=\u00a0\u00bbpadding_01500&Prime;][vc_column css=\u00a0\u00bb.vc_custom_1513237697242{padding-right: 140px !important;padding-left: 140px !important;}\u00a0\u00bb][vc_empty_space][vc_column_text]<\/p>\n<h2 style=\"color: #f3eee7;\">Ralentissez et ressourcez-vous \u00e0 Masayana, El Nido<\/h2>\n<p>[\/vc_column_text][vc_column_text]<\/p>\n<h3 style=\"color: #f3eee7;\">Des moments de calme au bord de la piscine et des espaces pens\u00e9s pour le repos.<\/h3>\n<p>[\/vc_column_text][vc_empty_space][vc_empty_space][\/vc_column][\/vc_row][vc_row css=\u00a0\u00bb.vc_custom_1768194112218{padding-top: 32px !important;background-position: center !important;background-repeat: no-repeat !important;background-size: cover !important;}\u00a0\u00bb][vc_column width=\u00a0\u00bb1\/2&Prime;][vc_column_text]<\/p>\n<h2>Que faire \u00e0 El Nido<\/h2>\n<p>[\/vc_column_text][vc_empty_space height=\u00a0\u00bb24px\u00a0\u00bb][vc_column_text]De l\u2019island hopping \u00e0 travers des lagons turquoise au snorkeling, \u00e0 la plong\u00e9e et au kayak entre les falaises calcaires, El Nido offre une grande vari\u00e9t\u00e9 d\u2019exp\u00e9riences \u00e0 quelques pas de votre chambre. Apr\u00e8s une journ\u00e9e pass\u00e9e \u00e0 explorer les \u00eeles, Masayana vous accueille dans un lieu calme et confortable pour vous reposer et recharger vos batteries.[\/vc_column_text][vc_empty_space height=\u00a0\u00bb24px\u00a0\u00bb]        <div class=\"\">\n\t\t\t<div style=\"border-radius: 25px;     background-size: 200% auto; background-image: linear-gradient(to right,#8fa89b 0%,#8fa89b 51%,#8fa89b 100%) !important; margin:0 auto; width: 270px  ; height: 45px ; line-height: 45px ; text-align: center; color: #ffffff; font-size: 14px; font-weight: 500;display: block; cursor: pointer;\" class=\" button_kloud hvr-float-shadow\" onclick=\"window.location.href='https:\/\/www.masayana.com\/fr\/que-faire-a-el-nido\/'\" >\n                D\u00e9couvrez El Nido            <\/div> \n        <\/div>       \n\t\t[vc_empty_space][\/vc_column][vc_column width=\u00a0\u00bb1\/2&Prime;][vc_single_image image=\u00a0\u00bb3625&Prime; img_size=\u00a0\u00bbfull\u00a0\u00bb alignment=\u00a0\u00bbcenter\u00a0\u00bb style=\u00a0\u00bbvc_box_rounded\u00a0\u00bb][vc_empty_space][\/vc_column][\/vc_row][vc_row full_width=\u00a0\u00bbstretch_row\u00a0\u00bb jws_parallax=\u00a0\u00bb1&Prime; over_lay=\u00a0\u00bbrgba(255,255,255,0.73)\u00a0\u00bb css=\u00a0\u00bb.vc_custom_1768195368465{padding-top: 200px !important;padding-bottom: 200px !important;background-image: url(https:\/\/www.masayana.com\/wp-content\/uploads\/2026\/01\/DaracotanMasayanaHotelElNidoRooms-1.webp?id=3632) !important;background-position: center !important;background-repeat: no-repeat !important;background-size: cover !important;}\u00a0\u00bb el_class=\u00a0\u00bbpadding_01500&Prime;][vc_column css=\u00a0\u00bb.vc_custom_1513237697242{padding-right: 140px !important;padding-left: 140px !important;}\u00a0\u00bb][vc_empty_space][vc_column_text]<\/p>\n<h2 style=\"color: #f3eee7; text-align: center;\">Pr\u00e9parez votre s\u00e9jour \u00e0 El Nido<\/h2>\n<p>[\/vc_column_text][vc_column_text]<\/p>\n<h3 style=\"color: #f3eee7; text-align: center;\">Trouvez des informations utiles pour vous rendre \u00e0 El Nido, conna\u00eetre la meilleure p\u00e9riode pour visiter et d\u00e9couvrir des conseils pratiques afin de planifier votre s\u00e9jour en toute simplicit\u00e9.<\/h3>\n<p>[\/vc_column_text][vc_empty_space height=\u00a0\u00bb24px\u00a0\u00bb]        <div class=\"\">\n\t\t\t<div style=\"border-radius: 25px;     background-size: 200% auto; background-image: linear-gradient(to right,#8fa89b 0%,#8fa89b 51%,#8fa89b 100%) !important; margin:0 auto; width: 270px  ; height: 45px ; line-height: 45px ; text-align: center; color: #ffffff; font-size: 14px; font-weight: 500;display: block; cursor: pointer;\" class=\" button_kloud hvr-float-shadow\" onclick=\"window.location.href='https:\/\/www.masayana.com\/fr\/planifiez-votre-voyage-a-el-nido\/'\" >\n                Planifiez votre voyage a El Nido            <\/div> \n        <\/div>       \n\t\t[vc_empty_space][\/vc_column][\/vc_row]<\/p>\n<\/section>","protected":false},"excerpt":{"rendered":"<p>[vc_row full_width=\u00a0\u00bbstretch_row_content_no_spaces\u00a0\u00bb kloud_parallax=\u00a0\u00bb1&Prime; css=\u00a0\u00bb.vc_custom_1768194818664{padding-top: 200px !important;padding-bottom: 200px !important;background: #1f4e3d url(https:\/\/www.masayana.com\/wp-content\/uploads\/2026\/01\/Deluxe-room-Masayana-Hotel-El-Nido-5.png?id=3535) !important;background-position: center !important;background-repeat: no-repeat !important;background-size: cover !important;}\u00a0\u00bb][vc_column][\/vc_column][\/vc_row][vc_row css=\u00a0\u00bb.vc_custom_1708415790242{background-position: center !important;background-repeat: no-repeat !important;background-size: cover !important;}\u00a0\u00bb][vc_column][vc_column_text] S\u00e9journez \u00e0 Masayana [\/vc_column_text][vc_empty_space height=\u00a0\u00bb24px\u00a0\u00bb][vc_column_text]D\u00e9couvrez des h\u00e9bergements confortables et paisibles \u00e0 l\u2019h\u00f4tel Masayana \u00e0 El Nido. Nos chambres sont con\u00e7ues pour la d\u00e9tente et offrent un havre de calme entour\u00e9 de [&hellip;]<\/p>\n","protected":false},"author":1,"featured_media":0,"parent":0,"menu_order":0,"comment_status":"closed","ping_status":"closed","template":"","meta":{"footnotes":""},"class_list":["post-3159","page","type-page","status-publish","hentry"],"_links":{"self":[{"href":"https:\/\/www.masayana.com\/fr\/wp-json\/wp\/v2\/pages\/3159"}],"collection":[{"href":"https:\/\/www.masayana.com\/fr\/wp-json\/wp\/v2\/pages"}],"about":[{"href":"https:\/\/www.masayana.com\/fr\/wp-json\/wp\/v2\/types\/page"}],"author":[{"embeddable":true,"href":"https:\/\/www.masayana.com\/fr\/wp-json\/wp\/v2\/users\/1"}],"replies":[{"embeddable":true,"href":"https:\/\/www.masayana.com\/fr\/wp-json\/wp\/v2\/comments?post=3159"}],"version-history":[{"count":13,"href":"https:\/\/www.masayana.com\/fr\/wp-json\/wp\/v2\/pages\/3159\/revisions"}],"predecessor-version":[{"id":4314,"href":"https:\/\/www.masayana.com\/fr\/wp-json\/wp\/v2\/pages\/3159\/revisions\/4314"}],"wp:attachment":[{"href":"https:\/\/www.masayana.com\/fr\/wp-json\/wp\/v2\/media?parent=3159"}],"curies":[{"name":"wp","href":"https:\/\/api.w.org\/{rel}","templated":true}]}}