{"id":4125,"date":"2023-08-19T16:15:56","date_gmt":"2023-08-19T16:15:56","guid":{"rendered":"https:\/\/www.masayana.com\/cookies-policy\/"},"modified":"2026-01-20T08:13:13","modified_gmt":"2026-01-20T08:13:13","slug":"politica-cookies","status":"publish","type":"page","link":"https:\/\/www.masayana.com\/es\/politica-cookies\/","title":{"rendered":"Pol\u00edtica de cookies"},"content":{"rendered":"<section class=\"wpb-content-wrapper\"><p>[vc_row full_width=\u00bbstretch_row_content_no_spaces\u00bb kloud_parallax=\u00bb1&#8243; css=\u00bb.vc_custom_1768895768986{padding-top: 50px !important;padding-bottom: 50px !important;background-color: #f3eee7 !important;background-position: center !important;background-repeat: no-repeat !important;background-size: cover !important;}\u00bb][vc_column][\/vc_column][\/vc_row][vc_row][vc_column][vc_column_text]Aqu\u00ed tienes el texto **traducido al espa\u00f1ol (Espa\u00f1a)**, manteniendo la **estructura HTML** para que puedas copiar y pegar directamente:<\/p>\n<p>\u00ab`html<\/p>\n<style>\n    a.cky-banner-element {<br \/>\n        padding: 8px 30px;<br \/>\n        background: #F8F9FA;<br \/>\n        color: #858A8F;<br \/>\n        border: 1px solid #DEE2E6;<br \/>\n        box-sizing: border-box;<br \/>\n        border-radius: 2px;<br \/>\n        cursor: pointer;<br \/>\n    }<br \/>\n<\/style>\n<h1 class=\"cookie-policy-h1\">Pol\u00edtica de Cookies<\/h1>\n<p>Fecha de entrada en vigor: 20-mar-2024<br \/>\n\u00daltima actualizaci\u00f3n: 25-ene-2025<\/p>\n<p>&nbsp;<\/p>\n<h5>\u00bfQu\u00e9 son las cookies?<\/h5>\n<div class=\"cookie-policy-p\">\n<p>Esta Pol\u00edtica de Cookies explica qu\u00e9 son las cookies y c\u00f3mo las utilizamos, los tipos de cookies que usamos, la informaci\u00f3n que recopilamos mediante las cookies y c\u00f3mo se utiliza dicha informaci\u00f3n, as\u00ed como la forma de gestionar la configuraci\u00f3n de cookies.<\/p>\n<p>Las cookies son peque\u00f1os archivos de texto que se utilizan para almacenar peque\u00f1as cantidades de informaci\u00f3n. Se guardan en tu dispositivo cuando el sitio web se carga en tu navegador. Estas cookies nos ayudan a que la web funcione correctamente, sea m\u00e1s segura, ofrezca una mejor experiencia de usuario y nos permitan entender c\u00f3mo funciona el sitio web, analizando qu\u00e9 funciona bien y qu\u00e9 aspectos pueden mejorarse.<\/p>\n<\/div>\n<p>&nbsp;<\/p>\n<h5>\u00bfC\u00f3mo utilizamos las cookies?<\/h5>\n<div class=\"cookie-policy-p\">\n<p>Como ocurre con la mayor\u00eda de los servicios online, nuestro sitio web utiliza cookies propias y de terceros para diversos fines. Las cookies propias son, en su mayor\u00eda, necesarias para que el sitio web funcione correctamente y no recopilan ning\u00fan dato personal identificable.<\/p>\n<p>Las cookies de terceros que utilizamos sirven principalmente para comprender c\u00f3mo funciona el sitio web, c\u00f3mo interact\u00faas con \u00e9l, mantener nuestros servicios seguros, mostrar publicidad relevante y, en general, ofrecerte una experiencia de usuario mejorada y facilitar que tus futuras interacciones con nuestro sitio sean m\u00e1s r\u00e1pidas.<\/p>\n<\/div>\n<p>&nbsp;<\/p>\n<h5>Tipos de cookies que utilizamos<\/h5>\n<div class=\"cky-audit-table-element\"><\/div>\n<p>&nbsp;<\/p>\n<h5 style=\"margin-bottom: 20px;\">Gestionar preferencias de cookies<\/h5>\n<p><a class=\"cky-banner-element\">Configuraci\u00f3n de cookies<\/a><\/p>\n<div>\n<p>Puedes cambiar tus preferencias de cookies en cualquier momento haciendo clic en el bot\u00f3n anterior. Esto te permitir\u00e1 volver a ver el banner de consentimiento de cookies y modificar tus preferencias o retirar tu consentimiento de forma inmediata.<\/p>\n<p>Adem\u00e1s, los distintos navegadores ofrecen diferentes m\u00e9todos para bloquear y eliminar las cookies utilizadas por los sitios web. Puedes cambiar la configuraci\u00f3n de tu navegador para bloquear o eliminar las cookies. A continuaci\u00f3n, encontrar\u00e1s enlaces a los documentos de ayuda de los principales navegadores sobre c\u00f3mo gestionar y eliminar cookies.<\/p>\n<p>Chrome: <a href=\"https:\/\/support.google.com\/accounts\/answer\/32050\" target=\"_blank\" rel=\"noopener\">https:\/\/support.google.com\/accounts\/answer\/32050<\/a><\/p>\n<p>Safari: <a href=\"https:\/\/support.apple.com\/en-in\/guide\/safari\/sfri11471\/mac\" target=\"_blank\" rel=\"noopener\">https:\/\/support.apple.com\/en-in\/guide\/safari\/sfri11471\/mac<\/a><\/p>\n<p>Firefox: <a href=\"https:\/\/support.mozilla.org\/es\/kb\/limpiar-cookies-y-datos-del-sitio-firefox\" target=\"_blank\" rel=\"noopener\">https:\/\/support.mozilla.org\/es\/kb\/limpiar-cookies-y-datos-del-sitio-firefox<\/a><\/p>\n<p>Internet Explorer: <a href=\"https:\/\/support.microsoft.com\/es-es\/topic\/c%C3%B3mo-eliminar-archivos-de-cookies-en-internet-explorer-bca9446f-d873-78de-77ba-d42645fa52fc\" target=\"_blank\" rel=\"noopener\">https:\/\/support.microsoft.com\/es-es\/topic\/c%C3%B3mo-eliminar-archivos-de-cookies-en-internet-explorer-bca9446f-d873-78de-77ba-d42645fa52fc<\/a><\/p>\n<p>Si utilizas cualquier otro navegador web, visita la documentaci\u00f3n oficial de soporte de tu navegador.<\/p>\n<\/div>\n<p>&nbsp;<\/p>\n<p class=\"cookie-policy-p\">Pol\u00edtica de Cookies generada por<br \/>\n<a href=\"https:\/\/www.cookieyes.com\/?utm_source=CP&amp;utm_medium=footer&amp;utm_campaign=UW\" target=\"_blank\" rel=\"noopener\"><br \/>\nCookieYes &#8211; Generador de Pol\u00edticas de Cookies<br \/>\n<\/a>.<\/p>\n<p>[\/vc_column_text][\/vc_column][\/vc_row]<\/p>\n<\/section>","protected":false},"excerpt":{"rendered":"<p>[vc_row full_width=\u00bbstretch_row_content_no_spaces\u00bb kloud_parallax=\u00bb1&#8243; css=\u00bb.vc_custom_1768895768986{padding-top: 50px !important;padding-bottom: 50px !important;background-color: #f3eee7 !important;background-position: center !important;background-repeat: no-repeat !important;background-size: cover !important;}\u00bb][vc_column][\/vc_column][\/vc_row][vc_row][vc_column][vc_column_text]Aqu\u00ed tienes el texto **traducido al espa\u00f1ol (Espa\u00f1a)**, manteniendo la **estructura HTML** para que puedas copiar y pegar directamente: \u00ab`html Pol\u00edtica de Cookies Fecha de entrada en vigor: 20-mar-2024 \u00daltima actualizaci\u00f3n: 25-ene-2025 &nbsp; \u00bfQu\u00e9 son las cookies? Esta Pol\u00edtica de [&hellip;]<\/p>\n","protected":false},"author":1,"featured_media":0,"parent":0,"menu_order":0,"comment_status":"closed","ping_status":"closed","template":"","meta":{"footnotes":""},"class_list":["post-4125","page","type-page","status-publish","hentry"],"_links":{"self":[{"href":"https:\/\/www.masayana.com\/es\/wp-json\/wp\/v2\/pages\/4125"}],"collection":[{"href":"https:\/\/www.masayana.com\/es\/wp-json\/wp\/v2\/pages"}],"about":[{"href":"https:\/\/www.masayana.com\/es\/wp-json\/wp\/v2\/types\/page"}],"author":[{"embeddable":true,"href":"https:\/\/www.masayana.com\/es\/wp-json\/wp\/v2\/users\/1"}],"replies":[{"embeddable":true,"href":"https:\/\/www.masayana.com\/es\/wp-json\/wp\/v2\/comments?post=4125"}],"version-history":[{"count":2,"href":"https:\/\/www.masayana.com\/es\/wp-json\/wp\/v2\/pages\/4125\/revisions"}],"predecessor-version":[{"id":4138,"href":"https:\/\/www.masayana.com\/es\/wp-json\/wp\/v2\/pages\/4125\/revisions\/4138"}],"wp:attachment":[{"href":"https:\/\/www.masayana.com\/es\/wp-json\/wp\/v2\/media?parent=4125"}],"curies":[{"name":"wp","href":"https:\/\/api.w.org\/{rel}","templated":true}]}}