{"id":4083,"date":"2026-01-12T10:33:34","date_gmt":"2026-01-12T10:33:34","guid":{"rendered":"https:\/\/www.masayana.com\/hotel-en-el-nido\/double-room\/"},"modified":"2026-01-20T02:50:00","modified_gmt":"2026-01-20T02:50:00","slug":"habitacion-doble","status":"publish","type":"page","link":"https:\/\/www.masayana.com\/es\/habitaciones\/habitacion-doble\/","title":{"rendered":"Habitaci\u00f3n doble"},"content":{"rendered":"<section class=\"wpb-content-wrapper\"><p>[vc_row full_width=\u00bbstretch_row_content_no_spaces\u00bb kloud_parallax=\u00bb1&#8243; css=\u00bb.vc_custom_1768216097474{padding-top: 200px !important;padding-bottom: 200px !important;background: #1f4e3d url(https:\/\/www.masayana.com\/wp-content\/uploads\/2026\/01\/DoubleRoomMasayanaHotelElNidoheader-1.webp?id=3721) !important;background-position: center !important;background-repeat: no-repeat !important;background-size: cover !important;}\u00bb][vc_column][\/vc_column][\/vc_row][vc_row kloud_parallax=\u00bb1&#8243; css=\u00bb.vc_custom_1768208830509{padding-bottom: 32px !important;}\u00bb][vc_column][vc_row_inner][vc_column_inner el_class=\u00bbmyFlex\u00bb width=\u00bb1\/3&#8243;][vc_icon icon_fontawesome=\u00bbfas fa-user-friends\u00bb color=\u00bbcustom\u00bb custom_color=\u00bb#8fa89b\u00bb][vc_column_text css=\u00bb.vc_custom_1683779453123{padding-top: 10px !important;}\u00bb]<\/p>\n<p style=\"text-align: left;\">Max. 2 personas<\/p>\n<p>[\/vc_column_text][\/vc_column_inner][vc_column_inner width=\u00bb1\/3&#8243;][vc_icon icon_fontawesome=\u00bbfas fa-vector-square\u00bb color=\u00bbcustom\u00bb custom_color=\u00bb#8fa89b\u00bb][vc_column_text css=\u00bb.vc_custom_1683779469106{padding-top: 10px !important;}\u00bb]<\/p>\n<p style=\"text-align: left;\">Tama\u00f1o: 22 m\u00b2<\/p>\n<p>[\/vc_column_text][\/vc_column_inner][vc_column_inner width=\u00bb1\/3&#8243;][vc_icon icon_fontawesome=\u00bbfas fa-umbrella-beach\u00bb color=\u00bbcustom\u00bb custom_color=\u00bb#8fa89b\u00bb][vc_column_text css=\u00bb.vc_custom_1768205993747{padding-top: 10px !important;}\u00bb]<\/p>\n<p style=\"text-align: left;\">Terraza semiprivada<\/p>\n<p>[\/vc_column_text][\/vc_column_inner][\/vc_row_inner][\/vc_column][\/vc_row][vc_row css=\u00bb.vc_custom_1768208874623{background-position: center !important;background-repeat: no-repeat !important;background-size: cover !important;}\u00bb][vc_column][vc_column_text]<\/p>\n<h2>Una estancia m\u00e1s amplia y confortable<\/h2>\n<p>[\/vc_column_text][vc_empty_space height=\u00bb24px\u00bb][vc_column_text]Nuestras habitaciones Dobles ofrecen una estancia c\u00f3moda y tranquila en Masayana Hotel, en El Nido. Dise\u00f1adas cuidadosamente para el descanso, proporcionan un espacio sencillo y acogedor al que volver tras un d\u00eda de island hopping, playas y gastronom\u00eda local.[\/vc_column_text][vc_empty_space height=\u00bb24px\u00bb][vc_column_text]Ideal para quienes buscan una estancia m\u00e1s c\u00f3moda, ofrece m\u00e1s espacio que nuestras habitaciones Dobles para relajarse despu\u00e9s de un d\u00eda explorando El Nido.[\/vc_column_text][\/vc_column][\/vc_row][vc_row][vc_column css=\u00bb.vc_custom_1708414742965{padding-top: 32px !important;}\u00bb]        <div class=\"\">\n\t\t\t<div style=\"border-radius: 25px;     background-size: 200% auto; background-image: linear-gradient(to right,#c47a50 0%,#c47a50 51%,#c47a50 100%) !important; margin:0 auto; width: 270px  ; height: 45px ; line-height: 45px ; text-align: center; color: #ffffff; font-size: 14px; font-weight: 500;display: block; cursor: pointer;\" class=\" button_kloud hvr-float-shadow\" onclick=\"window.location.href='https:\/\/www.masayana.com\/es\/reservar\/'\" >\n                Haz tu reserva            <\/div> \n        <\/div>       \n\t\t[vc_empty_space height=\u00bb24px\u00bb][\/vc_column][\/vc_row][vc_section css=\u00bb.vc_custom_1709427364135{padding-bottom: 32px !important;}\u00bb][vc_row][vc_column width=\u00bb1\/2&#8243;][vc_single_image image=\u00bb3696&#8243; img_size=\u00bbfull\u00bb alignment=\u00bbcenter\u00bb style=\u00bbvc_box_rounded\u00bb][vc_empty_space height=\u00bb24px\u00bb][vc_single_image image=\u00bb3693&#8243; img_size=\u00bbfull\u00bb alignment=\u00bbcenter\u00bb style=\u00bbvc_box_rounded\u00bb][vc_empty_space height=\u00bb24px\u00bb][vc_single_image image=\u00bb3603&#8243; img_size=\u00bbfull\u00bb alignment=\u00bbcenter\u00bb style=\u00bbvc_box_rounded\u00bb][vc_empty_space][\/vc_column][vc_column width=\u00bb1\/2&#8243;][vc_single_image image=\u00bb3705&#8243; img_size=\u00bbfull\u00bb alignment=\u00bbcenter\u00bb style=\u00bbvc_box_rounded\u00bb][vc_empty_space height=\u00bb24px\u00bb][vc_single_image image=\u00bb3690&#8243; img_size=\u00bbfull\u00bb alignment=\u00bbcenter\u00bb style=\u00bbvc_box_rounded\u00bb][vc_empty_space height=\u00bb24px\u00bb][vc_single_image image=\u00bb3667&#8243; img_size=\u00bbfull\u00bb alignment=\u00bbcenter\u00bb style=\u00bbvc_box_rounded\u00bb][vc_empty_space][\/vc_column][\/vc_row][vc_row css=\u00bb.vc_custom_1768211441961{padding-top: 0px !important;}\u00bb][vc_column]        <div class=\"\">\n\t\t\t<div style=\"border-radius: 25px;     background-size: 200% auto; background-image: linear-gradient(to right,#c47a50 0%,#c47a50 51%,#c47a50 100%) !important; margin:0 auto; width: 270px  ; height: 45px ; line-height: 45px ; text-align: center; color: #ffffff; font-size: 14px; font-weight: 500;display: block; cursor: pointer;\" class=\" button_kloud hvr-float-shadow\" onclick=\"window.location.href='https:\/\/www.masayana.com\/es\/reservar\/'\" >\n                Haz tu reserva            <\/div> \n        <\/div>       \n\t\t[\/vc_column][\/vc_row][vc_row kloud_parallax=\u00bb1&#8243; css=\u00bb.vc_custom_1768211411082{padding-bottom: 32px !important;}\u00bb][vc_column][vc_column_text]<\/p>\n<h2>Amenities<\/h2>\n<p>[\/vc_column_text][vc_row_inner][vc_column_inner el_class=\u00bbmyFlex\u00bb width=\u00bb1\/3&#8243;][vc_icon icon_fontawesome=\u00bbfas fa-bed\u00bb color=\u00bbcustom\u00bb custom_color=\u00bb#8fa89b\u00bb][vc_column_text css=\u00bb.vc_custom_1768210191803{padding-top: 10px !important;}\u00bb]<\/p>\n<p style=\"text-align: left;\">Cama queen size<\/p>\n<p>[\/vc_column_text][\/vc_column_inner][vc_column_inner width=\u00bb1\/3&#8243;][vc_icon icon_fontawesome=\u00bbfas fa-tint\u00bb color=\u00bbcustom\u00bb custom_color=\u00bb#8fa89b\u00bb][vc_column_text css=\u00bb.vc_custom_1768210204709{padding-top: 10px !important;}\u00bb]<\/p>\n<p style=\"text-align: left;\">Agua purificada gratuita<\/p>\n<p>[\/vc_column_text][\/vc_column_inner][vc_column_inner width=\u00bb1\/3&#8243;][vc_icon icon_fontawesome=\u00bbfas fa-wind\u00bb color=\u00bbcustom\u00bb custom_color=\u00bb#8fa89b\u00bb][vc_column_text css=\u00bb.vc_custom_1768211279647{padding-top: 10px !important;}\u00bb]<\/p>\n<p style=\"text-align: left;\">Secador<\/p>\n<p>[\/vc_column_text][\/vc_column_inner][\/vc_row_inner][vc_row_inner][vc_column_inner el_class=\u00bbmyFlex\u00bb width=\u00bb1\/3&#8243;][vc_icon icon_fontawesome=\u00bbfar fa-clone\u00bb color=\u00bbcustom\u00bb custom_color=\u00bb#8fa89b\u00bb][vc_column_text css=\u00bb.vc_custom_1683775241805{padding-top: 10px !important;}\u00bb]<\/p>\n<p style=\"text-align: left;\">Ropa de cama y toallas<\/p>\n<p>[\/vc_column_text][\/vc_column_inner][vc_column_inner width=\u00bb1\/3&#8243;][vc_icon icon_fontawesome=\u00bbfas fa-shower\u00bb color=\u00bbcustom\u00bb custom_color=\u00bb#8fa89b\u00bb][vc_column_text css=\u00bb.vc_custom_1683775638220{padding-top: 10px !important;}\u00bb]<\/p>\n<p style=\"text-align: left;\">Champ\u00fa, acondicionador y gel corporal<\/p>\n<p>[\/vc_column_text][\/vc_column_inner][vc_column_inner width=\u00bb1\/3&#8243;][vc_icon icon_fontawesome=\u00bbfas fa-concierge-bell\u00bb color=\u00bbcustom\u00bb custom_color=\u00bb#8fa89b\u00bb][vc_column_text css=\u00bb.vc_custom_1683772554805{padding-top: 10px !important;}\u00bb]<\/p>\n<p style=\"text-align: left;\">Limpieza diaria<\/p>\n<p>[\/vc_column_text][\/vc_column_inner][\/vc_row_inner][vc_row_inner][vc_column_inner el_class=\u00bbmyFlex\u00bb width=\u00bb1\/3&#8243;][vc_icon icon_fontawesome=\u00bbfar fa-snowflake\u00bb color=\u00bbcustom\u00bb custom_color=\u00bb#8fa89b\u00bb][vc_column_text css=\u00bb.vc_custom_1683772469645{padding-top: 10px !important;}\u00bb]Aire acondicionado y ventilador[\/vc_column_text][\/vc_column_inner][vc_column_inner width=\u00bb1\/3&#8243;][vc_icon icon_fontawesome=\u00bbfas fa-swimming-pool\u00bb color=\u00bbcustom\u00bb custom_color=\u00bb#8fa89b\u00bb][vc_column_text css=\u00bb.vc_custom_1768210506866{padding-top: 10px !important;}\u00bb]<\/p>\n<p style=\"text-align: left;\">Toallas de piscina<\/p>\n<p>[\/vc_column_text][\/vc_column_inner][vc_column_inner width=\u00bb1\/3&#8243;][vc_icon icon_fontawesome=\u00bbfas fa-wifi\u00bb color=\u00bbcustom\u00bb custom_color=\u00bb#8fa89b\u00bb][vc_column_text css=\u00bb.vc_custom_1768210938737{padding-top: 10px !important;}\u00bb]<\/p>\n<p style=\"text-align: left;\">Wi-Fi gratuito<\/p>\n<p>[\/vc_column_text][\/vc_column_inner][\/vc_row_inner][vc_empty_space][\/vc_column][\/vc_row][\/vc_section][vc_row full_width=\u00bbstretch_row\u00bb jws_parallax=\u00bb1&#8243; over_lay=\u00bbrgba(255,255,255,0.73)\u00bb css=\u00bb.vc_custom_1768212556789{padding-top: 200px !important;padding-bottom: 200px !important;background-image: url(https:\/\/www.masayana.com\/wp-content\/uploads\/2026\/01\/MasayanaHotelElNidoCadlaoIslandDeluxeRoom.webp?id=3672) !important;background-position: center !important;background-repeat: no-repeat !important;background-size: cover !important;}\u00bb el_class=\u00bbpadding_01500&#8243;][vc_column css=\u00bb.vc_custom_1513237697242{padding-right: 140px !important;padding-left: 140px !important;}\u00bb][vc_empty_space][vc_column_text]<\/p>\n<h2 style=\"color: #f3eee7; text-align: center;\">Planifica tu estancia en El Nido<\/h2>\n<p>[\/vc_column_text][vc_column_text]<\/p>\n<h3 style=\"color: #f3eee7; text-align: center;\">Todo lo que necesitas saber antes de llegar a El Nido.<\/h3>\n<p>[\/vc_column_text][vc_empty_space height=\u00bb24px\u00bb]        <div class=\"\">\n\t\t\t<div style=\"border-radius: 25px;     background-size: 200% auto; background-image: linear-gradient(to right,#8fa89b 0%,#8fa89b 51%,#8fa89b 100%) !important; margin:0 auto; width: 270px  ; height: 45px ; line-height: 45px ; text-align: center; color: #ffffff; font-size: 14px; font-weight: 500;display: block; cursor: pointer;\" class=\" button_kloud hvr-float-shadow\" onclick=\"window.location.href='https:\/\/www.masayana.com\/es\/planifica-tu-viaje-a-el-nido\/'\" >\n                Viajar a El Nido            <\/div> \n        <\/div>       \n\t\t[vc_empty_space][\/vc_column][\/vc_row][vc_row css=\u00bb.vc_custom_1768194112218{padding-top: 32px !important;background-position: center !important;background-repeat: no-repeat !important;background-size: cover !important;}\u00bb][vc_column width=\u00bb1\/2&#8243;][vc_column_text]<\/p>\n<h2>Experiencias en El Nido<\/h2>\n<p>[\/vc_column_text][vc_empty_space height=\u00bb24px\u00bb][vc_column_text]Island hopping, snorkel, kayak, paisajes naturales y experiencias gastron\u00f3micas locales rodean Masayana, creando un equilibrio natural entre exploraci\u00f3n, buena comida y descanso.[\/vc_column_text][vc_empty_space height=\u00bb24px\u00bb]        <div class=\"\">\n\t\t\t<div style=\"border-radius: 25px;     background-size: 200% auto; background-image: linear-gradient(to right,#8fa89b 0%,#8fa89b 51%,#8fa89b 100%) !important; margin:0 auto; width: 270px  ; height: 45px ; line-height: 45px ; text-align: center; color: #ffffff; font-size: 14px; font-weight: 500;display: block; cursor: pointer;\" class=\" button_kloud hvr-float-shadow\" onclick=\"window.location.href='https:\/\/www.masayana.com\/es\/experiencias-en-el-nido\/'\" >\n                Actividades en El Nido            <\/div> \n        <\/div>       \n\t\t[vc_empty_space][\/vc_column][vc_column width=\u00bb1\/2&#8243;][vc_single_image image=\u00bb3726&#8243; img_size=\u00bbfull\u00bb alignment=\u00bbcenter\u00bb style=\u00bbvc_box_rounded\u00bb][vc_empty_space][\/vc_column][\/vc_row]<\/p>\n<\/section>","protected":false},"excerpt":{"rendered":"<p>[vc_row full_width=\u00bbstretch_row_content_no_spaces\u00bb kloud_parallax=\u00bb1&#8243; css=\u00bb.vc_custom_1768216097474{padding-top: 200px !important;padding-bottom: 200px !important;background: #1f4e3d url(https:\/\/www.masayana.com\/wp-content\/uploads\/2026\/01\/DoubleRoomMasayanaHotelElNidoheader-1.webp?id=3721) !important;background-position: center !important;background-repeat: no-repeat !important;background-size: cover !important;}\u00bb][vc_column][\/vc_column][\/vc_row][vc_row kloud_parallax=\u00bb1&#8243; css=\u00bb.vc_custom_1768208830509{padding-bottom: 32px !important;}\u00bb][vc_column][vc_row_inner][vc_column_inner el_class=\u00bbmyFlex\u00bb width=\u00bb1\/3&#8243;][vc_icon icon_fontawesome=\u00bbfas fa-user-friends\u00bb color=\u00bbcustom\u00bb custom_color=\u00bb#8fa89b\u00bb][vc_column_text css=\u00bb.vc_custom_1683779453123{padding-top: 10px !important;}\u00bb] Max. 2 personas [\/vc_column_text][\/vc_column_inner][vc_column_inner width=\u00bb1\/3&#8243;][vc_icon icon_fontawesome=\u00bbfas fa-vector-square\u00bb color=\u00bbcustom\u00bb custom_color=\u00bb#8fa89b\u00bb][vc_column_text css=\u00bb.vc_custom_1683779469106{padding-top: 10px !important;}\u00bb] Tama\u00f1o: 22 m\u00b2 [\/vc_column_text][\/vc_column_inner][vc_column_inner width=\u00bb1\/3&#8243;][vc_icon icon_fontawesome=\u00bbfas fa-umbrella-beach\u00bb color=\u00bbcustom\u00bb custom_color=\u00bb#8fa89b\u00bb][vc_column_text css=\u00bb.vc_custom_1768205993747{padding-top: 10px !important;}\u00bb] Terraza [&hellip;]<\/p>\n","protected":false},"author":1,"featured_media":0,"parent":3228,"menu_order":0,"comment_status":"closed","ping_status":"closed","template":"","meta":{"footnotes":""},"class_list":["post-4083","page","type-page","status-publish","hentry"],"_links":{"self":[{"href":"https:\/\/www.masayana.com\/es\/wp-json\/wp\/v2\/pages\/4083"}],"collection":[{"href":"https:\/\/www.masayana.com\/es\/wp-json\/wp\/v2\/pages"}],"about":[{"href":"https:\/\/www.masayana.com\/es\/wp-json\/wp\/v2\/types\/page"}],"author":[{"embeddable":true,"href":"https:\/\/www.masayana.com\/es\/wp-json\/wp\/v2\/users\/1"}],"replies":[{"embeddable":true,"href":"https:\/\/www.masayana.com\/es\/wp-json\/wp\/v2\/comments?post=4083"}],"version-history":[{"count":8,"href":"https:\/\/www.masayana.com\/es\/wp-json\/wp\/v2\/pages\/4083\/revisions"}],"predecessor-version":[{"id":4116,"href":"https:\/\/www.masayana.com\/es\/wp-json\/wp\/v2\/pages\/4083\/revisions\/4116"}],"up":[{"embeddable":true,"href":"https:\/\/www.masayana.com\/es\/wp-json\/wp\/v2\/pages\/3228"}],"wp:attachment":[{"href":"https:\/\/www.masayana.com\/es\/wp-json\/wp\/v2\/media?parent=4083"}],"curies":[{"name":"wp","href":"https:\/\/api.w.org\/{rel}","templated":true}]}}