{"id":3228,"date":"2024-10-01T08:32:33","date_gmt":"2024-10-01T08:32:33","guid":{"rendered":"https:\/\/www.masayana.com\/hotelinelnido\/"},"modified":"2026-01-20T02:41:37","modified_gmt":"2026-01-20T02:41:37","slug":"habitaciones","status":"publish","type":"page","link":"https:\/\/www.masayana.com\/es\/habitaciones\/","title":{"rendered":"Habitaciones"},"content":{"rendered":"<section class=\"wpb-content-wrapper\"><p>[vc_row full_width=\u00bbstretch_row_content_no_spaces\u00bb kloud_parallax=\u00bb1&#8243; css=\u00bb.vc_custom_1768194818664{padding-top: 200px !important;padding-bottom: 200px !important;background: #1f4e3d url(https:\/\/www.masayana.com\/wp-content\/uploads\/2026\/01\/Deluxe-room-Masayana-Hotel-El-Nido-5.png?id=3535) !important;background-position: center !important;background-repeat: no-repeat !important;background-size: cover !important;}\u00bb][vc_column][\/vc_column][\/vc_row][vc_row css=\u00bb.vc_custom_1708415790242{background-position: center !important;background-repeat: no-repeat !important;background-size: cover !important;}\u00bb][vc_column][vc_column_text]<\/p>\n<h2>Al\u00f3jate en Masayana<\/h2>\n<p>[\/vc_column_text][vc_empty_space height=\u00bb24px\u00bb][vc_column_text]Descubre alojamientos c\u00f3modos y tranquilos en Masayana Hotel, en El Nido. Nuestras habitaciones est\u00e1n pensadas para el descanso y ofrecen un refugio sereno rodeado de exuberantes jardines tropicales.[\/vc_column_text][vc_empty_space height=\u00bb24px\u00bb][vc_column_text]Desde acogedoras habitaciones Dobles hasta opciones Deluxe m\u00e1s amplias, cada espacio ofrece comodidad, sencillez y un ambiente tranquilo para tu estancia en El Nido.[\/vc_column_text][vc_empty_space][\/vc_column][\/vc_row][vc_section css=\u00bb.vc_custom_1709427364135{padding-bottom: 32px !important;}\u00bb][vc_row][vc_column width=\u00bb1\/3&#8243; css=\u00bb.vc_custom_1708414742965{padding-top: 32px !important;}\u00bb][vc_column_text]<\/p>\n<h2>Habitaci\u00f3n doble deluxe<\/h2>\n<p>[\/vc_column_text][vc_empty_space height=\u00bb24px\u00bb][vc_column_text]Habitaciones amplias con un ba\u00f1o privado m\u00e1s grande, ideales para parejas o para quienes buscan un extra de comodidad y una estancia tranquila en Masayana Hotel, en El Nido.[\/vc_column_text][vc_empty_space height=\u00bb24px\u00bb][vc_single_image image=\u00bb3540&#8243; img_size=\u00bbfull\u00bb alignment=\u00bbcenter\u00bb style=\u00bbvc_box_rounded\u00bb][vc_empty_space height=\u00bb16px\u00bb]        <div class=\"\">\n\t\t\t<div style=\"border-radius: 25px;     background-size: 200% auto; background-image: linear-gradient(to right,#8fa89b 0%,#8fa89b 51%,#8fa89b 100%) !important; margin:0 auto; width: 270px  ; height: 45px ; line-height: 45px ; text-align: center; color: #ffffff; font-size: 14px; font-weight: 500;display: block; cursor: pointer;\" class=\" button_kloud hvr-float-shadow\" onclick=\"window.location.href='https:\/\/www.masayana.com\/es\/habitaciones\/habitacion-doble-deluxe\/'\" >\n                Ver Doble Deluxe            <\/div> \n        <\/div>       \n\t\t[vc_empty_space][\/vc_column][vc_column width=\u00bb1\/3&#8243; css=\u00bb.vc_custom_1708414747900{padding-top: 32px !important;}\u00bb][vc_column_text]<\/p>\n<h2>Habitaci\u00f3n doble<\/h2>\n<p>[\/vc_column_text][vc_empty_space height=\u00bb24px\u00bb][vc_column_text]Habitaciones c\u00f3modas para viajeros solos o parejas que buscan un lugar tranquilo donde descansar mientras exploran El Nido. Sencillas, acogedoras e ideales para una estancia relajada en Masayana.[\/vc_column_text][vc_empty_space height=\u00bb24px\u00bb][vc_single_image image=\u00bb3603&#8243; img_size=\u00bbfull\u00bb alignment=\u00bbcenter\u00bb style=\u00bbvc_box_rounded\u00bb][vc_empty_space height=\u00bb16px\u00bb]        <div class=\"\">\n\t\t\t<div style=\"border-radius: 25px;     background-size: 200% auto; background-image: linear-gradient(to right,#8fa89b 0%,#8fa89b 51%,#8fa89b 100%) !important; margin:0 auto; width: 270px  ; height: 45px ; line-height: 45px ; text-align: center; color: #ffffff; font-size: 14px; font-weight: 500;display: block; cursor: pointer;\" class=\" button_kloud hvr-float-shadow\" onclick=\"window.location.href='https:\/\/www.masayana.com\/es\/habitaciones\/habitacion-doble\/'\" >\n                Ver Habitaci\u00f3n Doble            <\/div> \n        <\/div>       \n\t\t[vc_empty_space][\/vc_column][vc_column width=\u00bb1\/3&#8243; css=\u00bb.vc_custom_1708414754494{padding-top: 32px !important;}\u00bb][vc_column_text]<\/p>\n<h2>Dormitorio<\/h2>\n<p>[\/vc_column_text][vc_empty_space height=\u00bb24px\u00bb][vc_column_text]Alojamiento en dormitorio compartido, pensado para viajeros con presupuesto ajustado que buscan una estancia relajada, c\u00f3moda y bien cuidada en Masayana Hotel, en El Nido.[\/vc_column_text][vc_empty_space height=\u00bb24px\u00bb][vc_single_image image=\u00bb3594&#8243; img_size=\u00bbfull\u00bb alignment=\u00bbcenter\u00bb style=\u00bbvc_box_rounded\u00bb][vc_empty_space height=\u00bb16px\u00bb]        <div class=\"\">\n\t\t\t<div style=\"border-radius: 25px;     background-size: 200% auto; background-image: linear-gradient(to right,#8fa89b 0%,#8fa89b 51%,#8fa89b 100%) !important; margin:0 auto; width: 270px  ; height: 45px ; line-height: 45px ; text-align: center; color: #ffffff; font-size: 14px; font-weight: 500;display: block; cursor: pointer;\" class=\" button_kloud hvr-float-shadow\" onclick=\"window.location.href='https:\/\/www.masayana.com\/es\/habitaciones\/dormitorio-compartido\/'\" >\n                Ver Dormitorio            <\/div> \n        <\/div>       \n\t\t[vc_empty_space][\/vc_column][\/vc_row][\/vc_section][vc_row full_width=\u00bbstretch_row\u00bb jws_parallax=\u00bb1&#8243; over_lay=\u00bbrgba(255,255,255,0.73)\u00bb css=\u00bb.vc_custom_1768192700856{padding-top: 100px !important;padding-bottom: 100px !important;background-image: url(https:\/\/www.masayana.com\/wp-content\/uploads\/2026\/01\/Swimming-Pool-Masayana-Hotel-El-Nido-10.jpg?id=3614) !important;background-position: center !important;background-repeat: no-repeat !important;background-size: cover !important;}\u00bb el_class=\u00bbpadding_01500&#8243;][vc_column css=\u00bb.vc_custom_1513237697242{padding-right: 140px !important;padding-left: 140px !important;}\u00bb][vc_empty_space][vc_column_text]<\/p>\n<h2 style=\"color: #f3eee7;\">Desconecta y recarga energ\u00edas en Masayana, El Nido<\/h2>\n<p>[\/vc_column_text][vc_column_text]<\/p>\n<h3 style=\"color: #f3eee7;\">Momentos tranquilos junto a la piscina y espacios pensados para el descanso.<\/h3>\n<p>[\/vc_column_text][vc_empty_space][vc_empty_space][\/vc_column][\/vc_row][vc_row css=\u00bb.vc_custom_1768194112218{padding-top: 32px !important;background-position: center !important;background-repeat: no-repeat !important;background-size: cover !important;}\u00bb][vc_column width=\u00bb1\/2&#8243;][vc_column_text]<\/p>\n<h2>Experiencias en El Nido<\/h2>\n<p>[\/vc_column_text][vc_empty_space height=\u00bb24px\u00bb][vc_column_text]Desde el island hopping por lagunas de color turquesa hasta el snorkel, el buceo y el kayak entre acantilados de piedra caliza, El Nido ofrece una amplia variedad de experiencias a pocos pasos de tu habitaci\u00f3n. Tras un d\u00eda explorando las islas, Masayana ofrece un lugar tranquilo y confortable al que volver para descansar y recargar energ\u00edas.[\/vc_column_text][vc_empty_space height=\u00bb24px\u00bb]        <div class=\"\">\n\t\t\t<div style=\"border-radius: 25px;     background-size: 200% auto; background-image: linear-gradient(to right,#8fa89b 0%,#8fa89b 51%,#8fa89b 100%) !important; margin:0 auto; width: 270px  ; height: 45px ; line-height: 45px ; text-align: center; color: #ffffff; font-size: 14px; font-weight: 500;display: block; cursor: pointer;\" class=\" button_kloud hvr-float-shadow\" onclick=\"window.location.href='https:\/\/www.masayana.com\/es\/experiencias-en-el-nido\/'\" >\n                Explora El Nido            <\/div> \n        <\/div>       \n\t\t[vc_empty_space][\/vc_column][vc_column width=\u00bb1\/2&#8243;][vc_single_image image=\u00bb3625&#8243; img_size=\u00bbfull\u00bb alignment=\u00bbcenter\u00bb style=\u00bbvc_box_rounded\u00bb][vc_empty_space][\/vc_column][\/vc_row][vc_row full_width=\u00bbstretch_row\u00bb jws_parallax=\u00bb1&#8243; over_lay=\u00bbrgba(255,255,255,0.73)\u00bb css=\u00bb.vc_custom_1768195368465{padding-top: 200px !important;padding-bottom: 200px !important;background-image: url(https:\/\/www.masayana.com\/wp-content\/uploads\/2026\/01\/DaracotanMasayanaHotelElNidoRooms-1.webp?id=3632) !important;background-position: center !important;background-repeat: no-repeat !important;background-size: cover !important;}\u00bb el_class=\u00bbpadding_01500&#8243;][vc_column css=\u00bb.vc_custom_1513237697242{padding-right: 140px !important;padding-left: 140px !important;}\u00bb][vc_empty_space][vc_column_text]<\/p>\n<h2 style=\"color: #f3eee7; text-align: center;\">Prepara tu estancia en El Nido<\/h2>\n<p>[\/vc_column_text][vc_column_text]<\/p>\n<h3 style=\"color: #f3eee7; text-align: center;\">Encuentra informaci\u00f3n \u00fatil sobre c\u00f3mo llegar a El Nido, la mejor \u00e9poca para visitarlo y consejos pr\u00e1cticos para planificar tu estancia con facilidad.<\/h3>\n<p>[\/vc_column_text][vc_empty_space height=\u00bb24px\u00bb]        <div class=\"\">\n\t\t\t<div style=\"border-radius: 25px;     background-size: 200% auto; background-image: linear-gradient(to right,#8fa89b 0%,#8fa89b 51%,#8fa89b 100%) !important; margin:0 auto; width: 270px  ; height: 45px ; line-height: 45px ; text-align: center; color: #ffffff; font-size: 14px; font-weight: 500;display: block; cursor: pointer;\" class=\" button_kloud hvr-float-shadow\" onclick=\"window.location.href='https:\/\/www.masayana.com\/es\/planifica-tu-viaje-a-el-nido\/'\" >\n                Planifica tu viaje a El Nido            <\/div> \n        <\/div>       \n\t\t[vc_empty_space][\/vc_column][\/vc_row]<\/p>\n<\/section>","protected":false},"excerpt":{"rendered":"<p>[vc_row full_width=\u00bbstretch_row_content_no_spaces\u00bb kloud_parallax=\u00bb1&#8243; css=\u00bb.vc_custom_1768194818664{padding-top: 200px !important;padding-bottom: 200px !important;background: #1f4e3d url(https:\/\/www.masayana.com\/wp-content\/uploads\/2026\/01\/Deluxe-room-Masayana-Hotel-El-Nido-5.png?id=3535) !important;background-position: center !important;background-repeat: no-repeat !important;background-size: cover !important;}\u00bb][vc_column][\/vc_column][\/vc_row][vc_row css=\u00bb.vc_custom_1708415790242{background-position: center !important;background-repeat: no-repeat !important;background-size: cover !important;}\u00bb][vc_column][vc_column_text] Al\u00f3jate en Masayana [\/vc_column_text][vc_empty_space height=\u00bb24px\u00bb][vc_column_text]Descubre alojamientos c\u00f3modos y tranquilos en Masayana Hotel, en El Nido. Nuestras habitaciones est\u00e1n pensadas para el descanso y ofrecen un refugio sereno rodeado de exuberantes jardines [&hellip;]<\/p>\n","protected":false},"author":1,"featured_media":3542,"parent":0,"menu_order":0,"comment_status":"closed","ping_status":"closed","template":"","meta":{"footnotes":""},"class_list":["post-3228","page","type-page","status-publish","has-post-thumbnail","hentry"],"_links":{"self":[{"href":"https:\/\/www.masayana.com\/es\/wp-json\/wp\/v2\/pages\/3228"}],"collection":[{"href":"https:\/\/www.masayana.com\/es\/wp-json\/wp\/v2\/pages"}],"about":[{"href":"https:\/\/www.masayana.com\/es\/wp-json\/wp\/v2\/types\/page"}],"author":[{"embeddable":true,"href":"https:\/\/www.masayana.com\/es\/wp-json\/wp\/v2\/users\/1"}],"replies":[{"embeddable":true,"href":"https:\/\/www.masayana.com\/es\/wp-json\/wp\/v2\/comments?post=3228"}],"version-history":[{"count":12,"href":"https:\/\/www.masayana.com\/es\/wp-json\/wp\/v2\/pages\/3228\/revisions"}],"predecessor-version":[{"id":4110,"href":"https:\/\/www.masayana.com\/es\/wp-json\/wp\/v2\/pages\/3228\/revisions\/4110"}],"wp:featuredmedia":[{"embeddable":true,"href":"https:\/\/www.masayana.com\/es\/wp-json\/wp\/v2\/media\/3542"}],"wp:attachment":[{"href":"https:\/\/www.masayana.com\/es\/wp-json\/wp\/v2\/media?parent=3228"}],"curies":[{"name":"wp","href":"https:\/\/api.w.org\/{rel}","templated":true}]}}